{"id":14303,"date":"2024-09-30T14:11:15","date_gmt":"2024-09-30T14:11:16","guid":{"rendered":"https:\/\/www.palmaequipmentrental.com\/?post_type=product&#038;p=14303"},"modified":"2025-08-05T11:22:48","modified_gmt":"2025-08-05T11:22:48","slug":"macbook-pro-m3-max-16","status":"publish","type":"product","link":"https:\/\/palmaequipmentrental.com\/de\/photo-video-equipment-mallorca\/macbook-pro-m3-max-16\/","title":{"rendered":"MacBook Pro M3 Max 16&#8243;"},"content":{"rendered":"<p class=\"p1\">Maximieren Sie Ihr digitales Capture, Editing und kreative Arbeit mit dem MacBook Pro M3 Max 16\u2033, erh\u00e4ltlich bei Palma Equipment Rental. Ideal f\u00fcr Fotografen, Art Directors und Produktionsteams, ausgestattet mit vorinstalliertem Capture One Pro, der neuesten Adobe Photoshop-Version und Chronosync f\u00fcr einen nahtlosen und effizienten Workflow.<\/p>\n<p class=\"p3\">\u2022Apple M3 Max Chip: 16-Core CPU, 40-Core GPU, 16-Core Neural Engine<\/p>\n<p class=\"p3\">\u202248 GB einheitlicher Speicher f\u00fcr fl\u00fcssiges Multitasking<\/p>\n<p class=\"p3\">\u20222 TB SSD-Speicher f\u00fcr schnellen Dateizugriff und -transfer<\/p>\n<p class=\"p3\">\u202216-Zoll Liquid Retina XDR Display f\u00fcr pr\u00e4zise Farbkorrektur<\/p>\n<p class=\"p3\">\u2022140W USB-C Netzteil f\u00fcr schnelles Aufladen<\/p>\n<p class=\"p3\">\u2022Anschl\u00fcsse: Drei Thunderbolt 4, HDMI, SDXC-Kartensteckplatz, Kopfh\u00f6rerbuchse, MagSafe 3<\/p>\n<p class=\"p3\">\u2022Magic Keyboard mit Touch ID (Spanisch)<\/p>\n<p class=\"p1\">Ideal f\u00fcr digitales Capture, Arbeiten am Set und kreative Leitung \u2013 dieses MacBook Pro ist die erste Wahl f\u00fcr Shootings auf Mallorca, Ibiza, Menorca, Formentera und dem spanischen Festland. Mieten Sie es bei Palma Equipment Rental f\u00fcr branchen\u00fcbliche Ausr\u00fcstung, 24\/7 technischen Support und zuverl\u00e4ssigen Service.<\/p>\n<p><a href=\"https:\/\/youtu.be\/EGzfWXb62fY\">Check our video!<\/a><\/p>\n","protected":false},"excerpt":{"rendered":"<p>Maximieren Sie Ihr digitales Capture, Editing und kreative Arbeit mit dem MacBook Pro M3 Max 16\u2033, erh\u00e4ltlich bei Palma Equipment Rental. Ideal f\u00fcr Fotografen, Art Directors und Produktionsteams, ausgestattet mit vorinstalliertem Capture One Pro, der neuesten Adobe Photoshop-Version und Chronosync f\u00fcr einen nahtlosen und effizienten Workflow. \u2022Apple M3 Max Chip: 16-Core CPU, 40-Core GPU, 16-Core Neural Engine \u202248 GB einheitlicher [&hellip;]<\/p>\n","protected":false},"featured_media":14309,"template":"","meta":[],"product_cat":[130],"product_tag":[],"class_list":{"0":"post-14303","1":"product","2":"type-product","3":"status-publish","4":"has-post-thumbnail","6":"product_cat-computer","8":"first","9":"instock","10":"featured","11":"shipping-taxable","12":"purchasable","13":"product-type-simple"},"_links":{"self":[{"href":"https:\/\/palmaequipmentrental.com\/de\/wp-json\/wp\/v2\/product\/14303","targetHints":{"allow":["GET"]}}],"collection":[{"href":"https:\/\/palmaequipmentrental.com\/de\/wp-json\/wp\/v2\/product"}],"about":[{"href":"https:\/\/palmaequipmentrental.com\/de\/wp-json\/wp\/v2\/types\/product"}],"wp:featuredmedia":[{"embeddable":true,"href":"https:\/\/palmaequipmentrental.com\/de\/wp-json\/wp\/v2\/media\/14309"}],"wp:attachment":[{"href":"https:\/\/palmaequipmentrental.com\/de\/wp-json\/wp\/v2\/media?parent=14303"}],"wp:term":[{"taxonomy":"product_cat","embeddable":true,"href":"https:\/\/palmaequipmentrental.com\/de\/wp-json\/wp\/v2\/product_cat?post=14303"},{"taxonomy":"product_tag","embeddable":true,"href":"https:\/\/palmaequipmentrental.com\/de\/wp-json\/wp\/v2\/product_tag?post=14303"}],"curies":[{"name":"wp","href":"https:\/\/api.w.org\/{rel}","templated":true}]}}