{"id":14313,"date":"2024-11-18T13:47:33","date_gmt":"2024-11-18T13:47:34","guid":{"rendered":"https:\/\/www.palmaequipmentrental.com\/?post_type=product&#038;p=14313"},"modified":"2025-06-24T15:30:33","modified_gmt":"2025-06-24T15:30:33","slug":"sony-fe-70-200mm-f-2-8-gm-ii","status":"publish","type":"product","link":"https:\/\/palmaequipmentrental.com\/de\/photo-video-equipment-mallorca\/sony-fe-70-200mm-f-2-8-gm-ii\/","title":{"rendered":"Sony FE 70-200mm f\/2.8 GM II"},"content":{"rendered":"<div class=\"flex flex-grow flex-col max-w-full\">\n<div class=\"min-h-[20px] text-message flex flex-col items-start whitespace-pre-wrap break-words [.text-message+&amp;]:mt-5 juice:w-full juice:items-end overflow-x-auto gap-2\" dir=\"auto\" data-message-author-role=\"assistant\" data-message-id=\"ee37f0b3-c998-4b57-bb57-676f271202ba\">\n<div class=\"flex w-full flex-col gap-1 juice:empty:hidden juice:first:pt-[3px]\">\n<div class=\"markdown prose w-full break-words dark:prose-invert light\">\n<p class=\"p1\">Die <b>Sony 70-200mm f\/2.8 G Master Linse<\/b> ist bei Palma Equipment Rental erh\u00e4ltlich. Dieses professionelle Telezoom-Objektiv bietet herausragende Bildqualit\u00e4t und Leistung und ist eine bevorzugte Wahl f\u00fcr Modefotografie, Werbekampagnen und hochwertige Produktionen auf den Balearen und dem spanischen Festland.<\/p>\n<p class=\"p3\">\u2022Konstante f\/2.8-Blende f\u00fcr hervorragende Leistung bei schlechten Lichtverh\u00e4ltnissen und ein weiches Bokeh.<\/p>\n<p class=\"p3\">\u2022Fortschrittliche G Master-Optik mit XA-Elementen f\u00fcr au\u00dfergew\u00f6hnliche Sch\u00e4rfe und Klarheit.<\/p>\n<p class=\"p3\">\u2022Duale Linearmotoren f\u00fcr schnelle, pr\u00e4zise und leise Autofokussierung \u2013 ideal f\u00fcr Fotos und Videos.<\/p>\n<p class=\"p3\">\u2022Optische SteadyShot-Bildstabilisierung zur Reduzierung von Bewegungsunsch\u00e4rfe.<\/p>\n<p class=\"p3\">\u2022Minimale Fokussierentfernung von 0,96 m f\u00fcr flexible Nahaufnahmen und Detailaufnahmen.<\/p>\n<p class=\"p3\">\u2022Robustes, wettergesch\u00fctztes Design f\u00fcr zuverl\u00e4ssige Leistung unter schwierigen Bedingungen.<\/p>\n<p class=\"p3\">\u2022Kompatibel mit Sony E-Mount-Kameras.<\/p>\n<p class=\"p1\">Perfekt f\u00fcr dynamische Portr\u00e4ts und filmische Szenen kombiniert dieses Objektiv Pr\u00e4zision mit Vielseitigkeit. Das Mieten bei Palma Equipment Rental bietet Ihnen Zugang zu branchen\u00fcblicher Ausr\u00fcstung und einem zuverl\u00e4ssigen, freundlichen Service. Mit professionellen Kameras, Beleuchtung und Produktionsequipment unterst\u00fctzen wir Ihre Shootings auf Mallorca, Menorca, Ibiza, Formentera und dem spanischen Festland. Verlassen Sie sich auf unseren 24\/7 technischen Support und nahtlose L\u00f6sungen f\u00fcr Ihr n\u00e4chstes Projekt.<\/p>\n<\/div>\n<\/div>\n<\/div>\n<\/div>\n","protected":false},"excerpt":{"rendered":"<p>Die Sony 70-200mm f\/2.8 G Master Linse ist bei Palma Equipment Rental erh\u00e4ltlich. Dieses professionelle Telezoom-Objektiv bietet herausragende Bildqualit\u00e4t und Leistung und ist eine bevorzugte Wahl f\u00fcr Modefotografie, Werbekampagnen und hochwertige Produktionen auf den Balearen und dem spanischen Festland. \u2022Konstante f\/2.8-Blende f\u00fcr hervorragende Leistung bei schlechten Lichtverh\u00e4ltnissen und ein weiches Bokeh. \u2022Fortschrittliche G Master-Optik mit XA-Elementen f\u00fcr au\u00dfergew\u00f6hnliche Sch\u00e4rfe und [&hellip;]<\/p>\n","protected":false},"featured_media":14316,"template":"","meta":[],"product_cat":[868,865],"product_tag":[],"class_list":{"0":"post-14313","1":"product","2":"type-product","3":"status-publish","4":"has-post-thumbnail","6":"product_cat-objektive-sony-v","7":"product_cat-objektive-sony","9":"first","10":"instock","11":"shipping-taxable","12":"purchasable","13":"product-type-simple"},"_links":{"self":[{"href":"https:\/\/palmaequipmentrental.com\/de\/wp-json\/wp\/v2\/product\/14313","targetHints":{"allow":["GET"]}}],"collection":[{"href":"https:\/\/palmaequipmentrental.com\/de\/wp-json\/wp\/v2\/product"}],"about":[{"href":"https:\/\/palmaequipmentrental.com\/de\/wp-json\/wp\/v2\/types\/product"}],"wp:featuredmedia":[{"embeddable":true,"href":"https:\/\/palmaequipmentrental.com\/de\/wp-json\/wp\/v2\/media\/14316"}],"wp:attachment":[{"href":"https:\/\/palmaequipmentrental.com\/de\/wp-json\/wp\/v2\/media?parent=14313"}],"wp:term":[{"taxonomy":"product_cat","embeddable":true,"href":"https:\/\/palmaequipmentrental.com\/de\/wp-json\/wp\/v2\/product_cat?post=14313"},{"taxonomy":"product_tag","embeddable":true,"href":"https:\/\/palmaequipmentrental.com\/de\/wp-json\/wp\/v2\/product_tag?post=14313"}],"curies":[{"name":"wp","href":"https:\/\/api.w.org\/{rel}","templated":true}]}}