{"id":14320,"date":"2024-11-18T14:11:05","date_gmt":"2024-11-18T14:11:05","guid":{"rendered":"https:\/\/www.palmaequipmentrental.com\/?post_type=product&#038;p=14320"},"modified":"2025-06-24T15:29:26","modified_gmt":"2025-06-24T15:29:26","slug":"sony-fe-50mm-f-1-2-gm","status":"publish","type":"product","link":"https:\/\/palmaequipmentrental.com\/de\/photo-video-equipment-mallorca\/sony-fe-50mm-f-1-2-gm\/","title":{"rendered":"Sony FE 50mm f\/1.2 GM"},"content":{"rendered":"<div class=\"flex flex-grow flex-col max-w-full\">\n<div class=\"min-h-[20px] text-message flex flex-col items-start whitespace-pre-wrap break-words [.text-message+&amp;]:mt-5 juice:w-full juice:items-end overflow-x-auto gap-2\" dir=\"auto\" data-message-author-role=\"assistant\" data-message-id=\"ee37f0b3-c998-4b57-bb57-676f271202ba\">\n<div class=\"flex w-full flex-col gap-1 juice:empty:hidden juice:first:pt-[3px]\">\n<div class=\"markdown prose w-full break-words dark:prose-invert light\">\n<p class=\"p1\">Das <b>Sony FE 50mm f\/1.2 GM OSS II<\/b> Objektiv ist bei Palma Equipment Rental erh\u00e4ltlich. Dieses professionelle Prime-Objektiv bietet herausragende Bildqualit\u00e4t, ultraschnelle Leistung und au\u00dfergew\u00f6hnliche Vielseitigkeit und ist ideal f\u00fcr Fotografen und Filmemacher bei Mode-Shootings, Werbekampagnen und kreativen Produktionen auf den Balearen und dem spanischen Festland.<\/p>\n<p class=\"p3\">\u2022Ultraschnelle f\/1.2-Blende f\u00fcr au\u00dfergew\u00f6hnliche Leistung bei wenig Licht und wundersch\u00f6nes, weiches Bokeh.<\/p>\n<p class=\"p3\">\u2022G Master-Optik mit fortschrittlichen XA-Elementen f\u00fcr unglaubliche Sch\u00e4rfe und minimale Aberrationen.<\/p>\n<p class=\"p3\">\u2022Lineare XD-Motoren f\u00fcr schnellen, pr\u00e4zisen und nahezu lautlosen Autofokus \u2013 ideal f\u00fcr Fotos und Videos.<\/p>\n<p class=\"p3\">\u2022Optical SteadyShot-Bildstabilisierung f\u00fcr sanfte, verwacklungsfreie Ergebnisse bei Freihandaufnahmen.<\/p>\n<p class=\"p3\">\u2022Kompaktes, leichtes Design mit robustem, wettergesch\u00fctztem Geh\u00e4use.<\/p>\n<p class=\"p3\">\u2022Minimale Fokussierentfernung von 0,4 m f\u00fcr kreative Nahaufnahmen.<\/p>\n<p class=\"p3\">\u2022Kompatibel mit Sony E-Mount-Kameras.<\/p>\n<p class=\"p1\">Perfekt f\u00fcr Portr\u00e4ts, Lifestyle-Fotografie und filmisches Storytelling. Dieses Objektiv liefert unvergleichliche Leistung f\u00fcr jede kreative Vision. Mit einer Anmietung bei Palma Equipment Rental erhalten Sie Zugang zu erstklassiger Ausr\u00fcstung und au\u00dfergew\u00f6hnlichem Service. Ob auf Mallorca, Menorca, Ibiza, Formentera oder dem spanischen Festland \u2013 wir bieten Kameras, Beleuchtung, Produktionsequipment und mehr, unterst\u00fctzt von unserem 24\/7-Support, um Ihre Produktion effizient und m\u00fchelos zu gestalten.<\/p>\n<\/div>\n<\/div>\n<\/div>\n<\/div>\n","protected":false},"excerpt":{"rendered":"<p>Das Sony FE 50mm f\/1.2 GM OSS II Objektiv ist bei Palma Equipment Rental erh\u00e4ltlich. Dieses professionelle Prime-Objektiv bietet herausragende Bildqualit\u00e4t, ultraschnelle Leistung und au\u00dfergew\u00f6hnliche Vielseitigkeit und ist ideal f\u00fcr Fotografen und Filmemacher bei Mode-Shootings, Werbekampagnen und kreativen Produktionen auf den Balearen und dem spanischen Festland. \u2022Ultraschnelle f\/1.2-Blende f\u00fcr au\u00dfergew\u00f6hnliche Leistung bei wenig Licht und wundersch\u00f6nes, weiches Bokeh. \u2022G Master-Optik [&hellip;]<\/p>\n","protected":false},"featured_media":14326,"template":"","meta":[],"product_cat":[865,868],"product_tag":[],"class_list":{"0":"post-14320","1":"product","2":"type-product","3":"status-publish","4":"has-post-thumbnail","6":"product_cat-objektive-sony","7":"product_cat-objektive-sony-v","9":"first","10":"instock","11":"shipping-taxable","12":"purchasable","13":"product-type-simple"},"_links":{"self":[{"href":"https:\/\/palmaequipmentrental.com\/de\/wp-json\/wp\/v2\/product\/14320","targetHints":{"allow":["GET"]}}],"collection":[{"href":"https:\/\/palmaequipmentrental.com\/de\/wp-json\/wp\/v2\/product"}],"about":[{"href":"https:\/\/palmaequipmentrental.com\/de\/wp-json\/wp\/v2\/types\/product"}],"wp:featuredmedia":[{"embeddable":true,"href":"https:\/\/palmaequipmentrental.com\/de\/wp-json\/wp\/v2\/media\/14326"}],"wp:attachment":[{"href":"https:\/\/palmaequipmentrental.com\/de\/wp-json\/wp\/v2\/media?parent=14320"}],"wp:term":[{"taxonomy":"product_cat","embeddable":true,"href":"https:\/\/palmaequipmentrental.com\/de\/wp-json\/wp\/v2\/product_cat?post=14320"},{"taxonomy":"product_tag","embeddable":true,"href":"https:\/\/palmaequipmentrental.com\/de\/wp-json\/wp\/v2\/product_tag?post=14320"}],"curies":[{"name":"wp","href":"https:\/\/api.w.org\/{rel}","templated":true}]}}