{"id":14329,"date":"2024-11-18T14:29:53","date_gmt":"2024-11-18T14:29:53","guid":{"rendered":"https:\/\/www.palmaequipmentrental.com\/?post_type=product&#038;p=14329"},"modified":"2024-11-18T14:36:28","modified_gmt":"2024-11-18T14:36:28","slug":"sony-fe-35mm","status":"publish","type":"product","link":"https:\/\/palmaequipmentrental.com\/de\/photo-video-equipment-mallorca\/sony-fe-35mm\/","title":{"rendered":"Sony FE 35mm f\/1.4 GM"},"content":{"rendered":"<div class=\"flex flex-grow flex-col max-w-full\">\n<div class=\"min-h-[20px] text-message flex flex-col items-start whitespace-pre-wrap break-words [.text-message+&amp;]:mt-5 juice:w-full juice:items-end overflow-x-auto gap-2\" dir=\"auto\" data-message-author-role=\"assistant\" data-message-id=\"ee37f0b3-c998-4b57-bb57-676f271202ba\">\n<div class=\"flex w-full flex-col gap-1 juice:empty:hidden juice:first:pt-[3px]\">\n<div class=\"markdown prose w-full break-words dark:prose-invert light\">\n<p>Entdecken Sie au\u00dfergew\u00f6hnliche Leistung mit dem <strong>Sony FE 35mm F\/1.4 GM Objektiv<\/strong>, verf\u00fcgbar zur Miete bei Palma Equipment Rental. Dieses kompakte und dennoch leistungsstarke Prime-Objektiv ist perfekt f\u00fcr Fotografen und Videografen, die h\u00f6chste Bildqualit\u00e4t und Vielseitigkeit verlangen. Ob Portr\u00e4ts, Landschaften oder kinoreife Videos \u2013 die schnelle Blende von f\/1.4 sorgt f\u00fcr herausragende Leistung bei wenig Licht und ein cremiges Bokeh f\u00fcr einen k\u00fcnstlerischen Touch.<\/p>\n<p>Technische Details<\/p>\n<ul>\n<li>Brennweite 35mm<\/li>\n<li>Maximale Blende f\/1.4 f\u00fcr beeindruckende Kontrolle der Sch\u00e4rfentiefe<\/li>\n<li>Mindestfokussierabstand 27cm (0.89 ft) f\u00fcr Nahaufnahmen mit feinen Details<\/li>\n<li>G Master Optik f\u00fcr hervorragende Aufl\u00f6sung und Sch\u00e4rfe<\/li>\n<li>Duale XD-Linearmotoren f\u00fcr schnellen und pr\u00e4zisen Autofokus<\/li>\n<li>Kompaktes, leichtes Design f\u00fcr einfache Handhabung<\/li>\n<li>Fluorbeschichtung und wetterfestes Design f\u00fcr Langlebigkeit unter schwierigen Bedingungen<\/li>\n<li>Anpassbare Fokushaltetaste und Blendenring mit Klickdeaktivierungsoption f\u00fcr Videoaufnahmen<\/li>\n<\/ul>\n<p>Das Sony FE 35mm F\/1.4 GM Objektiv ist unverzichtbar, um professionelle Ergebnisse zu erzielen, und bietet bemerkenswerte Sch\u00e4rfe, lebendige Farben und eine wundersch\u00f6ne Hintergrundtrennung in jeder Aufnahmesituation.<\/p>\n<p>Mit Sitz in Palma de Mallorca, Spanien, ist Palma Equipment Rental Ihr vertrauensw\u00fcrdiger Partner f\u00fcr die Vermietung professioneller Foto-, Video- und Produktionsequipment. Wir bedienen die Balearen und das spanische Festland und bieten f\u00fchrende Marken wie Sony, Profoto und Arri. Mit 24\/7 technischem Support und flexiblem Service sorgen wir daf\u00fcr, dass Ihre Projekte reibungslos ablaufen. Mieten Sie die Ausr\u00fcstung, die Sie ben\u00f6tigen, um Ihre Vision zum Leben zu erwecken, unter <strong><a href=\"http:\/\/www.palmaequipmentrental.com\" target=\"_new\" rel=\"noopener\">www.palmaequipmentrental.com<\/a><\/strong>.<\/p>\n<\/div>\n<\/div>\n<\/div>\n<\/div>\n","protected":false},"excerpt":{"rendered":"<p>Entdecken Sie au\u00dfergew\u00f6hnliche Leistung mit dem Sony FE 35mm F\/1.4 GM Objektiv, verf\u00fcgbar zur Miete bei Palma Equipment Rental. Dieses kompakte und dennoch leistungsstarke Prime-Objektiv ist perfekt f\u00fcr Fotografen und Videografen, die h\u00f6chste Bildqualit\u00e4t und Vielseitigkeit verlangen. Ob Portr\u00e4ts, Landschaften oder kinoreife Videos \u2013 die schnelle Blende von f\/1.4 sorgt f\u00fcr herausragende Leistung bei wenig Licht und ein cremiges Bokeh [&hellip;]<\/p>\n","protected":false},"featured_media":14332,"template":"","meta":[],"product_cat":[865,868],"product_tag":[],"class_list":{"0":"post-14329","1":"product","2":"type-product","3":"status-publish","4":"has-post-thumbnail","6":"product_cat-objektive-sony","7":"product_cat-objektive-sony-v","9":"first","10":"instock","11":"shipping-taxable","12":"purchasable","13":"product-type-simple"},"_links":{"self":[{"href":"https:\/\/palmaequipmentrental.com\/de\/wp-json\/wp\/v2\/product\/14329","targetHints":{"allow":["GET"]}}],"collection":[{"href":"https:\/\/palmaequipmentrental.com\/de\/wp-json\/wp\/v2\/product"}],"about":[{"href":"https:\/\/palmaequipmentrental.com\/de\/wp-json\/wp\/v2\/types\/product"}],"wp:featuredmedia":[{"embeddable":true,"href":"https:\/\/palmaequipmentrental.com\/de\/wp-json\/wp\/v2\/media\/14332"}],"wp:attachment":[{"href":"https:\/\/palmaequipmentrental.com\/de\/wp-json\/wp\/v2\/media?parent=14329"}],"wp:term":[{"taxonomy":"product_cat","embeddable":true,"href":"https:\/\/palmaequipmentrental.com\/de\/wp-json\/wp\/v2\/product_cat?post=14329"},{"taxonomy":"product_tag","embeddable":true,"href":"https:\/\/palmaequipmentrental.com\/de\/wp-json\/wp\/v2\/product_tag?post=14329"}],"curies":[{"name":"wp","href":"https:\/\/api.w.org\/{rel}","templated":true}]}}