{"id":14336,"date":"2024-11-20T15:20:55","date_gmt":"2024-11-20T15:20:55","guid":{"rendered":"https:\/\/www.palmaequipmentrental.com\/?post_type=product&#038;p=14336"},"modified":"2025-06-16T15:35:53","modified_gmt":"2025-06-16T15:35:53","slug":"fuji-gf80mm-f1-7-r-wr","status":"publish","type":"product","link":"https:\/\/palmaequipmentrental.com\/de\/photo-video-equipment-mallorca\/fuji-gf80mm-f1-7-r-wr\/","title":{"rendered":"Fuji GF80mm F\/1.7 R WR"},"content":{"rendered":"<p>Erzielen Sie unglaubliche Bildqualit\u00e4t mit dem <strong>Fuji GF 80mm F\/1.7 R WR Objektiv<\/strong>, verf\u00fcgbar zur Miete bei Palma Equipment Rental. Dieses Mittelformatobjektiv, entwickelt f\u00fcr Fujifilms GFX-Serie, bietet eine schnelle Blende von f\/1.7 und ist damit perfekt f\u00fcr Portr\u00e4ts, Modefotografie und kinoreife Videos geeignet. Die gro\u00dfe Blende sorgt f\u00fcr beeindruckende Hintergrundtrennung und au\u00dfergew\u00f6hnliche Leistung bei wenig Licht und macht es zu einem Favoriten unter Profis.<\/p>\n<p>Technische Details<\/p>\n<ul>\n<li>Brennweite 80mm (entspricht 63mm im 35mm-Format)<\/li>\n<li>Maximale Blende f\/1.7 f\u00fcr wundersch\u00f6nes Bokeh und Kontrolle der Sch\u00e4rfentiefe<\/li>\n<li>Staub- und wetterfestes Design f\u00fcr zuverl\u00e4ssige Leistung unter schwierigen Bedingungen<\/li>\n<li>Fortschrittliche Optik mit neun abgerundeten Blendenlamellen f\u00fcr sanfte Hintergrundunsch\u00e4rfe<\/li>\n<li>Schneller und pr\u00e4ziser Autofokus f\u00fcr nahtloses Fotografieren<\/li>\n<li>Mindestfokussierabstand von 70cm<\/li>\n<\/ul>\n<p>Das <strong>Fuji GF 80mm F\/1.7 R WR Objektiv<\/strong> ist unverzichtbar f\u00fcr Fotografen und Videografen, die scharfe, lebendige Bilder mit beeindruckender Motivisolierung aufnehmen m\u00f6chten.<\/p>\n<p>Mit Sitz in Palma de Mallorca, Spanien, ist Palma Equipment Rental Ihr vertrauensw\u00fcrdiger Partner f\u00fcr die Vermietung professioneller Foto-, Video- und Produktionsequipment. Wir bedienen die Balearen und das spanische Festland und bieten f\u00fchrende Marken wie Fujifilm, Profoto, Arri und mehr. Mit 24\/7 technischem Support und flexiblem, freundlichem Service sorgen wir daf\u00fcr, dass Ihre Projekte reibungslos ablaufen. Mieten Sie die Tools, die Sie ben\u00f6tigen, um Ihre Vision zum Leben zu erwecken, unter <strong><a href=\"http:\/\/www.palmaequipmentrental.com\" target=\"_new\" rel=\"noopener\">www.palmaequipmentrental.com<\/a><\/strong>.<\/p>\n","protected":false},"excerpt":{"rendered":"<p>Erzielen Sie unglaubliche Bildqualit\u00e4t mit dem Fuji GF 80mm F\/1.7 R WR Objektiv, verf\u00fcgbar zur Miete bei Palma Equipment Rental. Dieses Mittelformatobjektiv, entwickelt f\u00fcr Fujifilms GFX-Serie, bietet eine schnelle Blende von f\/1.7 und ist damit perfekt f\u00fcr Portr\u00e4ts, Modefotografie und kinoreife Videos geeignet. Die gro\u00dfe Blende sorgt f\u00fcr beeindruckende Hintergrundtrennung und au\u00dfergew\u00f6hnliche Leistung bei wenig Licht und macht es zu [&hellip;]<\/p>\n","protected":false},"featured_media":14341,"template":"","meta":[],"product_cat":[849,848],"product_tag":[],"class_list":{"0":"post-14336","1":"product","2":"type-product","3":"status-publish","4":"has-post-thumbnail","6":"product_cat-objektive-fuji-v","7":"product_cat-objektive-fuji","9":"first","10":"instock","11":"shipping-taxable","12":"purchasable","13":"product-type-simple"},"_links":{"self":[{"href":"https:\/\/palmaequipmentrental.com\/de\/wp-json\/wp\/v2\/product\/14336","targetHints":{"allow":["GET"]}}],"collection":[{"href":"https:\/\/palmaequipmentrental.com\/de\/wp-json\/wp\/v2\/product"}],"about":[{"href":"https:\/\/palmaequipmentrental.com\/de\/wp-json\/wp\/v2\/types\/product"}],"wp:featuredmedia":[{"embeddable":true,"href":"https:\/\/palmaequipmentrental.com\/de\/wp-json\/wp\/v2\/media\/14341"}],"wp:attachment":[{"href":"https:\/\/palmaequipmentrental.com\/de\/wp-json\/wp\/v2\/media?parent=14336"}],"wp:term":[{"taxonomy":"product_cat","embeddable":true,"href":"https:\/\/palmaequipmentrental.com\/de\/wp-json\/wp\/v2\/product_cat?post=14336"},{"taxonomy":"product_tag","embeddable":true,"href":"https:\/\/palmaequipmentrental.com\/de\/wp-json\/wp\/v2\/product_tag?post=14336"}],"curies":[{"name":"wp","href":"https:\/\/api.w.org\/{rel}","templated":true}]}}