{"id":14347,"date":"2024-12-19T10:37:22","date_gmt":"2024-12-19T10:37:23","guid":{"rendered":"https:\/\/www.palmaequipmentrental.com\/?post_type=product&#038;p=14347"},"modified":"2025-06-16T15:38:08","modified_gmt":"2025-06-16T15:38:08","slug":"fuji-gfx-100-ii-vertical-grip","status":"publish","type":"product","link":"https:\/\/palmaequipmentrental.com\/de\/photo-video-equipment-mallorca\/fuji-gfx-100-ii-vertical-grip\/","title":{"rendered":"Fuji GFX 100 II Vertical Grip"},"content":{"rendered":"<p class=\"p1\">Der Fuji GFX 100 II Vertical Grip ist jetzt bei Palma Equipment Rental verf\u00fcgbar. Speziell f\u00fcr die GFX 100 II Mittelformatkamera entwickelt, verbessert dieser Griff die Ergonomie bei vertikalen Aufnahmen und erweitert die Funktionalit\u00e4t Ihrer Kamera f\u00fcr anspruchsvolle Eins\u00e4tze.<\/p>\n<p class=\"p2\">\u2022Kompatibel mit Fuji GFX 100 II Kameras.<\/p>\n<p class=\"p2\">\u2022Mit einem zus\u00e4tzlichen Ausl\u00f6ser, Einstellr\u00e4dern und anpassbaren Tasten f\u00fcr die vertikale Ausrichtung.<\/p>\n<p class=\"p2\">\u2022Platz f\u00fcr einen zus\u00e4tzlichen Akku f\u00fcr l\u00e4ngere Aufnahmen.<\/p>\n<p class=\"p2\">\u2022Robuste, wetterfeste Bauweise f\u00fcr Zuverl\u00e4ssigkeit unter schwierigen Bedingungen.<\/p>\n<p class=\"p1\">Ob Sie in Palma de Mallorca vor Ort arbeiten oder Momente auf den Balearischen Inseln festhalten \u2013 dieser Vertikalgriff sorgt f\u00fcr Effizienz und Komfort. Mieten Sie ihn noch heute zusammen mit unserer erstklassigen Auswahl an Kameras, Beleuchtung und Grip-Ausr\u00fcstung. Mit dem fachkundigen Support und den flexiblen Dienstleistungen von Palma Equipment Rental ist Ihr n\u00e4chstes Shooting in besten H\u00e4nden.<\/p>\n","protected":false},"excerpt":{"rendered":"<p>Der Fuji GFX 100 II Vertical Grip ist jetzt bei Palma Equipment Rental verf\u00fcgbar. Speziell f\u00fcr die GFX 100 II Mittelformatkamera entwickelt, verbessert dieser Griff die Ergonomie bei vertikalen Aufnahmen und erweitert die Funktionalit\u00e4t Ihrer Kamera f\u00fcr anspruchsvolle Eins\u00e4tze. \u2022Kompatibel mit Fuji GFX 100 II Kameras. \u2022Mit einem zus\u00e4tzlichen Ausl\u00f6ser, Einstellr\u00e4dern und anpassbaren Tasten f\u00fcr die vertikale Ausrichtung. \u2022Platz f\u00fcr [&hellip;]<\/p>\n","protected":false},"featured_media":14350,"template":"","meta":[],"product_cat":[142,169],"product_tag":[],"class_list":{"0":"post-14347","1":"product","2":"type-product","3":"status-publish","4":"has-post-thumbnail","6":"product_cat-kamera-body","7":"product_cat-kamera-body-de","9":"first","10":"instock","11":"shipping-taxable","12":"purchasable","13":"product-type-simple"},"_links":{"self":[{"href":"https:\/\/palmaequipmentrental.com\/de\/wp-json\/wp\/v2\/product\/14347","targetHints":{"allow":["GET"]}}],"collection":[{"href":"https:\/\/palmaequipmentrental.com\/de\/wp-json\/wp\/v2\/product"}],"about":[{"href":"https:\/\/palmaequipmentrental.com\/de\/wp-json\/wp\/v2\/types\/product"}],"wp:featuredmedia":[{"embeddable":true,"href":"https:\/\/palmaequipmentrental.com\/de\/wp-json\/wp\/v2\/media\/14350"}],"wp:attachment":[{"href":"https:\/\/palmaequipmentrental.com\/de\/wp-json\/wp\/v2\/media?parent=14347"}],"wp:term":[{"taxonomy":"product_cat","embeddable":true,"href":"https:\/\/palmaequipmentrental.com\/de\/wp-json\/wp\/v2\/product_cat?post=14347"},{"taxonomy":"product_tag","embeddable":true,"href":"https:\/\/palmaequipmentrental.com\/de\/wp-json\/wp\/v2\/product_tag?post=14347"}],"curies":[{"name":"wp","href":"https:\/\/api.w.org\/{rel}","templated":true}]}}