{"id":14353,"date":"2024-12-19T11:00:03","date_gmt":"2024-12-19T11:00:03","guid":{"rendered":"https:\/\/www.palmaequipmentrental.com\/?post_type=product&#038;p=14353"},"modified":"2025-08-21T09:57:05","modified_gmt":"2025-08-21T09:57:05","slug":"profoto-connect-pro-fur-canon","status":"publish","type":"product","link":"https:\/\/palmaequipmentrental.com\/de\/photo-video-equipment-mallorca\/profoto-connect-pro-fur-canon\/","title":{"rendered":"Profoto Connect Pro f\u00fcr Canon"},"content":{"rendered":"<p class=\"p1\">Der Profoto Connect Pro f\u00fcr Canon ist jetzt bei Palma Equipment Rental verf\u00fcgbar. Dieser fortschrittliche Blitztrigger bietet vollst\u00e4ndige Kontrolle \u00fcber Ihre Profoto-Beleuchtung und ist das ideale Werkzeug f\u00fcr Fotografen, die Pr\u00e4zision und Einfachheit am Set suchen.<\/p>\n<p class=\"p2\">\u2022Kompatibel mit Canon Kameras.<\/p>\n<p class=\"p2\">\u2022Nahtlose Verbindung mit Profoto AirX-Technologie f\u00fcr kabellose Blitzsteuerung.<\/p>\n<p class=\"p2\">\u2022Intuitive Bedienelemente und gro\u00dfes Display f\u00fcr einfache Anpassungen.<\/p>\n<p class=\"p2\">\u2022Vollst\u00e4ndige TTL- und manuelle Modi f\u00fcr kreative Flexibilit\u00e4t.<\/p>\n<p class=\"p2\">\u2022Zuverl\u00e4ssige Leistung mit einer Reichweite von bis zu 100 m.<\/p>\n<p class=\"p1\">Ob Sie Studioaufnahmen in Palma machen oder on Location auf den Balearen arbeiten \u2013 der Profoto Connect Pro sorgt f\u00fcr eine konsistente und effiziente Lichtsteuerung. Mieten Sie ihn noch heute zusammen mit unserer gro\u00dfen Auswahl an Beleuchtungs- und Kameraequipment. Palma Equipment Rental bietet hochwertiges Equipment, technisches Fachwissen und 24\/7 Unterst\u00fctzung f\u00fcr Ihre Produktion.<\/p>\n<p>&nbsp;<\/p>\n<p><a href=\"https:\/\/youtu.be\/pzCcsx5vtRE\">Check out our video!<\/a><\/p>\n","protected":false},"excerpt":{"rendered":"<p>Der Profoto Connect Pro f\u00fcr Canon ist jetzt bei Palma Equipment Rental verf\u00fcgbar. Dieser fortschrittliche Blitztrigger bietet vollst\u00e4ndige Kontrolle \u00fcber Ihre Profoto-Beleuchtung und ist das ideale Werkzeug f\u00fcr Fotografen, die Pr\u00e4zision und Einfachheit am Set suchen. \u2022Kompatibel mit Canon Kameras. \u2022Nahtlose Verbindung mit Profoto AirX-Technologie f\u00fcr kabellose Blitzsteuerung. \u2022Intuitive Bedienelemente und gro\u00dfes Display f\u00fcr einfache Anpassungen. \u2022Vollst\u00e4ndige TTL- und manuelle [&hellip;]<\/p>\n","protected":false},"featured_media":14356,"template":"","meta":[],"product_cat":[122],"product_tag":[],"class_list":{"0":"post-14353","1":"product","2":"type-product","3":"status-publish","4":"has-post-thumbnail","6":"product_cat-sync-de","8":"first","9":"instock","10":"shipping-taxable","11":"purchasable","12":"product-type-simple"},"_links":{"self":[{"href":"https:\/\/palmaequipmentrental.com\/de\/wp-json\/wp\/v2\/product\/14353","targetHints":{"allow":["GET"]}}],"collection":[{"href":"https:\/\/palmaequipmentrental.com\/de\/wp-json\/wp\/v2\/product"}],"about":[{"href":"https:\/\/palmaequipmentrental.com\/de\/wp-json\/wp\/v2\/types\/product"}],"wp:featuredmedia":[{"embeddable":true,"href":"https:\/\/palmaequipmentrental.com\/de\/wp-json\/wp\/v2\/media\/14356"}],"wp:attachment":[{"href":"https:\/\/palmaequipmentrental.com\/de\/wp-json\/wp\/v2\/media?parent=14353"}],"wp:term":[{"taxonomy":"product_cat","embeddable":true,"href":"https:\/\/palmaequipmentrental.com\/de\/wp-json\/wp\/v2\/product_cat?post=14353"},{"taxonomy":"product_tag","embeddable":true,"href":"https:\/\/palmaequipmentrental.com\/de\/wp-json\/wp\/v2\/product_tag?post=14353"}],"curies":[{"name":"wp","href":"https:\/\/api.w.org\/{rel}","templated":true}]}}