{"id":14363,"date":"2024-12-19T11:12:24","date_gmt":"2024-12-19T11:12:25","guid":{"rendered":"https:\/\/www.palmaequipmentrental.com\/?post_type=product&#038;p=14363"},"modified":"2025-08-21T10:13:30","modified_gmt":"2025-08-21T10:13:30","slug":"profoto-connect-pro-fur-sony","status":"publish","type":"product","link":"https:\/\/palmaequipmentrental.com\/de\/photo-video-equipment-mallorca\/profoto-connect-pro-fur-sony\/","title":{"rendered":"Profoto Connect Pro f\u00fcr Sony"},"content":{"rendered":"<p class=\"p1\">Der Profoto Connect Pro f\u00fcr Sony ist jetzt bei Palma Equipment Rental verf\u00fcgbar. Entwickelt f\u00fcr Sony-Kameras, bietet dieser fortschrittliche Blitztrigger pr\u00e4zise Steuerung Ihres Profoto-Beleuchtungssystems und erm\u00f6glicht m\u00fchelose Anpassungen f\u00fcr professionelle Ergebnisse auf jedem Set.<\/p>\n<p class=\"p2\">\u2022Kompatibel mit Sony Kameras.<\/p>\n<p class=\"p2\">\u2022Nahtlose kabellose Verbindung mit Profoto AirX-Technologie.<\/p>\n<p class=\"p2\">\u2022Intuitive Bedienung und ein gro\u00dfes, klares Display f\u00fcr schnelle Einstellungen.<\/p>\n<p class=\"p2\">\u2022Vollst\u00e4ndige TTL- und manuelle Modi f\u00fcr kreative Flexibilit\u00e4t.<\/p>\n<p class=\"p2\">\u2022Zuverl\u00e4ssige Leistung mit einer kabellosen Reichweite von bis zu 100 m.<\/p>\n<p class=\"p1\">Ideal f\u00fcr Fotografen, die in Palma oder auf den Balearen arbeiten \u2013 der Profoto Connect Pro f\u00fcr Sony sorgt f\u00fcr eine konsistente und effiziente Lichtsteuerung. Mieten Sie ihn noch heute bei Palma Equipment Rental, wo unsere erstklassige Auswahl an Ausr\u00fcstung, fachkundige Unterst\u00fctzung und 24\/7 technischer Service Ihre Produktionen reibungslos ablaufen lassen.<\/p>\n<p>&nbsp;<\/p>\n<p><a href=\"https:\/\/youtu.be\/sGG-yswTj1k\">Check out our video!<\/a><\/p>\n","protected":false},"excerpt":{"rendered":"<p>Der Profoto Connect Pro f\u00fcr Sony ist jetzt bei Palma Equipment Rental verf\u00fcgbar. Entwickelt f\u00fcr Sony-Kameras, bietet dieser fortschrittliche Blitztrigger pr\u00e4zise Steuerung Ihres Profoto-Beleuchtungssystems und erm\u00f6glicht m\u00fchelose Anpassungen f\u00fcr professionelle Ergebnisse auf jedem Set. \u2022Kompatibel mit Sony Kameras. \u2022Nahtlose kabellose Verbindung mit Profoto AirX-Technologie. \u2022Intuitive Bedienung und ein gro\u00dfes, klares Display f\u00fcr schnelle Einstellungen. \u2022Vollst\u00e4ndige TTL- und manuelle Modi f\u00fcr [&hellip;]<\/p>\n","protected":false},"featured_media":14356,"template":"","meta":[],"product_cat":[122],"product_tag":[],"class_list":{"0":"post-14363","1":"product","2":"type-product","3":"status-publish","4":"has-post-thumbnail","6":"product_cat-sync-de","8":"first","9":"instock","10":"shipping-taxable","11":"purchasable","12":"product-type-simple"},"_links":{"self":[{"href":"https:\/\/palmaequipmentrental.com\/de\/wp-json\/wp\/v2\/product\/14363","targetHints":{"allow":["GET"]}}],"collection":[{"href":"https:\/\/palmaequipmentrental.com\/de\/wp-json\/wp\/v2\/product"}],"about":[{"href":"https:\/\/palmaequipmentrental.com\/de\/wp-json\/wp\/v2\/types\/product"}],"wp:featuredmedia":[{"embeddable":true,"href":"https:\/\/palmaequipmentrental.com\/de\/wp-json\/wp\/v2\/media\/14356"}],"wp:attachment":[{"href":"https:\/\/palmaequipmentrental.com\/de\/wp-json\/wp\/v2\/media?parent=14363"}],"wp:term":[{"taxonomy":"product_cat","embeddable":true,"href":"https:\/\/palmaequipmentrental.com\/de\/wp-json\/wp\/v2\/product_cat?post=14363"},{"taxonomy":"product_tag","embeddable":true,"href":"https:\/\/palmaequipmentrental.com\/de\/wp-json\/wp\/v2\/product_tag?post=14363"}],"curies":[{"name":"wp","href":"https:\/\/api.w.org\/{rel}","templated":true}]}}