{"id":14366,"date":"2024-12-19T11:19:20","date_gmt":"2024-12-19T11:19:21","guid":{"rendered":"https:\/\/www.palmaequipmentrental.com\/?post_type=product&#038;p=14366"},"modified":"2025-08-21T10:06:11","modified_gmt":"2025-08-21T10:06:11","slug":"profoto-connect-pro-fur-fuji","status":"publish","type":"product","link":"https:\/\/palmaequipmentrental.com\/de\/photo-video-equipment-mallorca\/profoto-connect-pro-fur-fuji\/","title":{"rendered":"Profoto Connect Pro f\u00fcr Fuji"},"content":{"rendered":"<p class=\"p1\">Der Profoto Connect Pro f\u00fcr Fuji ist jetzt bei Palma Equipment Rental verf\u00fcgbar. Speziell f\u00fcr Fuji-Kameras entwickelt, bietet dieser Blitztrigger nahtlose kabellose Steuerung Ihres Profoto-Beleuchtungssystems und ist ein unverzichtbares Werkzeug f\u00fcr professionelle Shootings, die Pr\u00e4zision und Benutzerfreundlichkeit erfordern.<\/p>\n<p class=\"p2\">\u2022Kompatibel mit Fuji Kameras.<\/p>\n<p class=\"p2\">\u2022Integration mit Profoto AirX-Technologie f\u00fcr zuverl\u00e4ssige kabellose Blitzsteuerung.<\/p>\n<p class=\"p2\">\u2022Intuitive Benutzeroberfl\u00e4che mit einem gro\u00dfen, klaren Display f\u00fcr schnelle Anpassungen.<\/p>\n<p class=\"p2\">\u2022Unterst\u00fctzt vollst\u00e4ndige TTL- und manuelle Modi f\u00fcr kreative Flexibilit\u00e4t.<\/p>\n<p class=\"p2\">\u2022Zuverl\u00e4ssige Leistung mit einer kabellosen Reichweite von bis zu 100 m.<\/p>\n<p class=\"p1\">Ob vor Ort in Palma oder auf den Balearen unterwegs \u2013 der Profoto Connect Pro f\u00fcr Fuji sorgt f\u00fcr eine reibungslose und konsistente Lichtsteuerung. Mieten Sie ihn noch heute bei Palma Equipment Rental, wo unsere erstklassige Auswahl an Equipment, technisches Fachwissen und 24\/7 Support Ihre Produktionen auf Kurs halten.<\/p>\n<p>&nbsp;<\/p>\n<p><a href=\"https:\/\/youtu.be\/U4n3tQa9zIg\">Check out our video!<\/a><\/p>\n","protected":false},"excerpt":{"rendered":"<p>Der Profoto Connect Pro f\u00fcr Fuji ist jetzt bei Palma Equipment Rental verf\u00fcgbar. Speziell f\u00fcr Fuji-Kameras entwickelt, bietet dieser Blitztrigger nahtlose kabellose Steuerung Ihres Profoto-Beleuchtungssystems und ist ein unverzichtbares Werkzeug f\u00fcr professionelle Shootings, die Pr\u00e4zision und Benutzerfreundlichkeit erfordern. \u2022Kompatibel mit Fuji Kameras. \u2022Integration mit Profoto AirX-Technologie f\u00fcr zuverl\u00e4ssige kabellose Blitzsteuerung. \u2022Intuitive Benutzeroberfl\u00e4che mit einem gro\u00dfen, klaren Display f\u00fcr schnelle Anpassungen. [&hellip;]<\/p>\n","protected":false},"featured_media":14356,"template":"","meta":[],"product_cat":[122],"product_tag":[],"class_list":{"0":"post-14366","1":"product","2":"type-product","3":"status-publish","4":"has-post-thumbnail","6":"product_cat-sync-de","8":"first","9":"instock","10":"shipping-taxable","11":"purchasable","12":"product-type-simple"},"_links":{"self":[{"href":"https:\/\/palmaequipmentrental.com\/de\/wp-json\/wp\/v2\/product\/14366","targetHints":{"allow":["GET"]}}],"collection":[{"href":"https:\/\/palmaequipmentrental.com\/de\/wp-json\/wp\/v2\/product"}],"about":[{"href":"https:\/\/palmaequipmentrental.com\/de\/wp-json\/wp\/v2\/types\/product"}],"wp:featuredmedia":[{"embeddable":true,"href":"https:\/\/palmaequipmentrental.com\/de\/wp-json\/wp\/v2\/media\/14356"}],"wp:attachment":[{"href":"https:\/\/palmaequipmentrental.com\/de\/wp-json\/wp\/v2\/media?parent=14366"}],"wp:term":[{"taxonomy":"product_cat","embeddable":true,"href":"https:\/\/palmaequipmentrental.com\/de\/wp-json\/wp\/v2\/product_cat?post=14366"},{"taxonomy":"product_tag","embeddable":true,"href":"https:\/\/palmaequipmentrental.com\/de\/wp-json\/wp\/v2\/product_tag?post=14366"}],"curies":[{"name":"wp","href":"https:\/\/api.w.org\/{rel}","templated":true}]}}