{"id":14369,"date":"2024-12-19T12:02:35","date_gmt":"2024-12-19T12:02:35","guid":{"rendered":"https:\/\/www.palmaequipmentrental.com\/?post_type=product&#038;p=14369"},"modified":"2024-12-19T12:28:06","modified_gmt":"2024-12-19T12:28:06","slug":"profoto-ocf-ii-grid-gel-kit-copy","status":"publish","type":"product","link":"https:\/\/palmaequipmentrental.com\/de\/photo-video-equipment-mallorca\/profoto-ocf-ii-grid-gel-kit-copy\/","title":{"rendered":"Profoto Clic OCF Adapter II"},"content":{"rendered":"<p class=\"p1\">Der Profoto Clic OCF Adapter II erweitert die M\u00f6glichkeiten Ihrer Profoto A-Serie Blitze, indem er eine nahtlose Integration mit einer Vielzahl von OCF-Lichtformungswerkzeugen erm\u00f6glicht. Kompakt, langlebig und \u00e4u\u00dferst vielseitig \u2013 die perfekte L\u00f6sung f\u00fcr Fotografen, die ihr kreatives Beleuchtungssetup verbessern m\u00f6chten.<\/p>\n<p class=\"p2\">\u2022Kompatibel mit Profoto A-Serie Blitzen, einschlie\u00dflich A1, A1X, A10 und C1 Plus.<\/p>\n<p class=\"p2\">\u2022Erm\u00f6glicht die Verwendung von OCF-Softboxen, Reflektoren und anderen Lichtformungswerkzeugen.<\/p>\n<p class=\"p2\">\u2022Leichtes und robustes Design f\u00fcr einfache Mobilit\u00e4t.<\/p>\n<p class=\"p2\">\u2022Magnetische Halterung f\u00fcr schnelle und sichere Befestigung.<\/p>\n<p class=\"p2\">\u2022Integrierte Schirmhalterung f\u00fcr zus\u00e4tzliche Vielseitigkeit.<\/p>\n<p class=\"p1\">Ideal f\u00fcr Studio- und On-Location-Shootings in Palma oder auf den Balearen \u2013 der Profoto Clic OCF Adapter II stellt sicher, dass Sie die Werkzeuge haben, um Licht pr\u00e4zise nach Ihrer Vision zu formen. Mieten Sie ihn bei Palma Equipment Rental, wo professionelles Equipment, fachkundige Unterst\u00fctzung und 24\/7-Service daf\u00fcr sorgen, dass Ihr Shooting reibungslos verl\u00e4uft.<\/p>\n","protected":false},"excerpt":{"rendered":"<p>Der Profoto Clic OCF Adapter II erweitert die M\u00f6glichkeiten Ihrer Profoto A-Serie Blitze, indem er eine nahtlose Integration mit einer Vielzahl von OCF-Lichtformungswerkzeugen erm\u00f6glicht. Kompakt, langlebig und \u00e4u\u00dferst vielseitig \u2013 die perfekte L\u00f6sung f\u00fcr Fotografen, die ihr kreatives Beleuchtungssetup verbessern m\u00f6chten. \u2022Kompatibel mit Profoto A-Serie Blitzen, einschlie\u00dflich A1, A1X, A10 und C1 Plus. \u2022Erm\u00f6glicht die Verwendung von OCF-Softboxen, Reflektoren und [&hellip;]<\/p>\n","protected":false},"featured_media":14372,"template":"","meta":[],"product_cat":[788,786],"product_tag":[],"class_list":{"0":"post-14369","1":"product","2":"type-product","3":"status-publish","4":"has-post-thumbnail","6":"product_cat-click-lichtformer","7":"product_cat-ocf-lichtformer","9":"first","10":"instock","11":"shipping-taxable","12":"purchasable","13":"product-type-simple"},"_links":{"self":[{"href":"https:\/\/palmaequipmentrental.com\/de\/wp-json\/wp\/v2\/product\/14369","targetHints":{"allow":["GET"]}}],"collection":[{"href":"https:\/\/palmaequipmentrental.com\/de\/wp-json\/wp\/v2\/product"}],"about":[{"href":"https:\/\/palmaequipmentrental.com\/de\/wp-json\/wp\/v2\/types\/product"}],"wp:featuredmedia":[{"embeddable":true,"href":"https:\/\/palmaequipmentrental.com\/de\/wp-json\/wp\/v2\/media\/14372"}],"wp:attachment":[{"href":"https:\/\/palmaequipmentrental.com\/de\/wp-json\/wp\/v2\/media?parent=14369"}],"wp:term":[{"taxonomy":"product_cat","embeddable":true,"href":"https:\/\/palmaequipmentrental.com\/de\/wp-json\/wp\/v2\/product_cat?post=14369"},{"taxonomy":"product_tag","embeddable":true,"href":"https:\/\/palmaequipmentrental.com\/de\/wp-json\/wp\/v2\/product_tag?post=14369"}],"curies":[{"name":"wp","href":"https:\/\/api.w.org\/{rel}","templated":true}]}}