{"id":14398,"date":"2025-02-06T11:35:25","date_gmt":"2025-02-06T11:35:25","guid":{"rendered":"https:\/\/www.palmaequipmentrental.com\/?post_type=product&#038;p=14398"},"modified":"2026-03-10T15:32:32","modified_gmt":"2026-03-10T15:32:32","slug":"hazer","status":"publish","type":"product","link":"https:\/\/palmaequipmentrental.com\/de\/photo-video-equipment-mallorca\/hazer\/","title":{"rendered":"Nebelmaschine Antari Z-350"},"content":{"rendered":"<p data-start=\"1599\" data-end=\"2122\">Die <strong data-start=\"1603\" data-end=\"1625\">Antari Z-350 Fazer<\/strong> ist eine professionelle Haze-Maschine, die bei <strong data-start=\"1673\" data-end=\"1699\">Palma Equipment Rental<\/strong> zur Miete erh\u00e4ltlich ist und eine feine, gleichm\u00e4\u00dfige Atmosph\u00e4re erzeugt, die Licht sichtbar macht und dem Set mehr Tiefe verleiht. Kompakt, leistungsstark und sehr effizient im Fluidverbrauch wird sie h\u00e4ufig bei Filmproduktionen, Fashion-Shootings und Werbedrehs eingesetzt, wenn kontrollierter Haze ben\u00f6tigt wird, um Lichtstrahlen hervorzuheben und eine cineastische Stimmung zu schaffen, ohne dichten Nebel zu erzeugen.<\/p>\n<ul data-start=\"2124\" data-end=\"2526\">\n<li data-section-id=\"1s2cut6\" data-start=\"2124\" data-end=\"2195\">\n<p data-start=\"2126\" data-end=\"2195\">Professionelle <strong data-start=\"2141\" data-end=\"2193\">Haze- \/ Fazer-Maschine mit wasserbasiertem Fluid<\/strong><\/p>\n<\/li>\n<li data-section-id=\"2eyoh5\" data-start=\"2196\" data-end=\"2240\">\n<p data-start=\"2198\" data-end=\"2240\"><strong data-start=\"2198\" data-end=\"2238\">Schnelle Aufheizzeit (ca. 4 Minuten)<\/strong><\/p>\n<\/li>\n<li data-section-id=\"n408zx\" data-start=\"2241\" data-end=\"2306\">\n<p data-start=\"2243\" data-end=\"2306\">Erzeugt einen <strong data-start=\"2257\" data-end=\"2287\">feinen, gleichm\u00e4\u00dfigen Haze<\/strong> f\u00fcr Lichteffekte<\/p>\n<\/li>\n<li data-section-id=\"dnad2j\" data-start=\"2307\" data-end=\"2373\">\n<p data-start=\"2309\" data-end=\"2373\">Einstellbare Aussto\u00dfmenge f\u00fcr subtile oder st\u00e4rkere Atmosph\u00e4re<\/p>\n<\/li>\n<li data-section-id=\"bzfe87\" data-start=\"2374\" data-end=\"2427\">\n<p data-start=\"2376\" data-end=\"2427\"><strong data-start=\"2376\" data-end=\"2404\">Niedriger Fluidverbrauch<\/strong> f\u00fcr lange Laufzeiten<\/p>\n<\/li>\n<li data-section-id=\"86z86n\" data-start=\"2428\" data-end=\"2492\">\n<p data-start=\"2430\" data-end=\"2492\">Kompaktes und leichtes Design f\u00fcr Studio- und Location-Drehs<\/p>\n<\/li>\n<li data-section-id=\"1xamchs\" data-start=\"2493\" data-end=\"2526\">\n<p data-start=\"2495\" data-end=\"2526\"><strong data-start=\"2495\" data-end=\"2526\">DMX- und manuelle Steuerung<\/strong><\/p>\n<\/li>\n<\/ul>\n<p data-start=\"2528\" data-end=\"2698\">Ideal f\u00fcr Produktionen, die eine dezente Atmosph\u00e4re erzeugen m\u00f6chten, um Licht plastischer wirken zu lassen und gleichzeitig ein sauberes, kontrolliertes Set zu behalten.<\/p>\n<p data-start=\"2700\" data-end=\"3188\" data-is-last-node=\"\" data-is-only-node=\"\"><strong data-start=\"2700\" data-end=\"2726\">Palma Equipment Rental<\/strong> liefert die Antari Z-350 mit einem <strong data-start=\"2762\" data-end=\"2829\">voll gef\u00fcllten Tank professionellem, wasserbasiertem Haze-Fluid<\/strong>, zus\u00e4tzliches Fluid kann auf Anfrage erworben werden. Wir vermieten professionelles Kamera-, Licht-, Digital- und Grip-Equipment an Fotografen, Filmemacher und Produktionsfirmen auf <strong data-start=\"3012\" data-end=\"3080\">Mallorca, Menorca, Ibiza, Formentera und dem spanischen Festland<\/strong>, inklusive Lieferung, Produktionsfahrzeugen und <strong data-start=\"3129\" data-end=\"3157\">24\/7 technischem Support<\/strong> f\u00fcr reibungslose Produktionen.<\/p>\n","protected":false},"excerpt":{"rendered":"<p>Die Antari Z-350 Fazer ist eine professionelle Haze-Maschine, die bei Palma Equipment Rental zur Miete erh\u00e4ltlich ist und eine feine, gleichm\u00e4\u00dfige Atmosph\u00e4re erzeugt, die Licht sichtbar macht und dem Set mehr Tiefe verleiht. Kompakt, leistungsstark und sehr effizient im Fluidverbrauch wird sie h\u00e4ufig bei Filmproduktionen, Fashion-Shootings und Werbedrehs eingesetzt, wenn kontrollierter Haze ben\u00f6tigt wird, um Lichtstrahlen hervorzuheben und eine cineastische [&hellip;]<\/p>\n","protected":false},"featured_media":14401,"template":"","meta":[],"product_cat":[146,178],"product_tag":[],"class_list":{"0":"post-14398","1":"product","2":"type-product","3":"status-publish","4":"has-post-thumbnail","6":"product_cat-nebel","7":"product_cat-nebel-de","9":"first","10":"instock","11":"featured","12":"shipping-taxable","13":"purchasable","14":"product-type-simple"},"_links":{"self":[{"href":"https:\/\/palmaequipmentrental.com\/de\/wp-json\/wp\/v2\/product\/14398","targetHints":{"allow":["GET"]}}],"collection":[{"href":"https:\/\/palmaequipmentrental.com\/de\/wp-json\/wp\/v2\/product"}],"about":[{"href":"https:\/\/palmaequipmentrental.com\/de\/wp-json\/wp\/v2\/types\/product"}],"wp:featuredmedia":[{"embeddable":true,"href":"https:\/\/palmaequipmentrental.com\/de\/wp-json\/wp\/v2\/media\/14401"}],"wp:attachment":[{"href":"https:\/\/palmaequipmentrental.com\/de\/wp-json\/wp\/v2\/media?parent=14398"}],"wp:term":[{"taxonomy":"product_cat","embeddable":true,"href":"https:\/\/palmaequipmentrental.com\/de\/wp-json\/wp\/v2\/product_cat?post=14398"},{"taxonomy":"product_tag","embeddable":true,"href":"https:\/\/palmaequipmentrental.com\/de\/wp-json\/wp\/v2\/product_tag?post=14398"}],"curies":[{"name":"wp","href":"https:\/\/api.w.org\/{rel}","templated":true}]}}