{"id":14416,"date":"2025-02-07T09:56:31","date_gmt":"2025-02-07T09:56:31","guid":{"rendered":"https:\/\/www.palmaequipmentrental.com\/?post_type=product&#038;p=14416"},"modified":"2026-03-10T15:39:05","modified_gmt":"2026-03-10T15:39:05","slug":"profi-nebelmaschine","status":"publish","type":"product","link":"https:\/\/palmaequipmentrental.com\/de\/photo-video-equipment-mallorca\/profi-nebelmaschine\/","title":{"rendered":"Nebelmaschine Red Fog 3000"},"content":{"rendered":"<p data-start=\"1585\" data-end=\"2062\">Die <strong data-start=\"1589\" data-end=\"1619\">Red Fog 3000 Smoke Machine<\/strong> ist eine leistungsstarke professionelle Nebelmaschine, die bei <strong data-start=\"1683\" data-end=\"1709\">Palma Equipment Rental<\/strong> zur Miete erh\u00e4ltlich ist und dichten atmosph\u00e4rischen Nebel f\u00fcr Fotoshootings, Filmproduktionen und Werbedrehs erzeugt. Dank ihrer hohen Leistung und schnellen Aufheizzeit kann sie einen Raum schnell mit dichtem Nebel f\u00fcllen, Lichtstrahlen sichtbar machen und Fashion-Shootings, Musikvideos sowie Werbeproduktionen eine dramatische Atmosph\u00e4re verleihen.<\/p>\n<ul data-start=\"2064\" data-end=\"2411\">\n<li data-section-id=\"1q6k21k\" data-start=\"2064\" data-end=\"2107\">\n<p data-start=\"2066\" data-end=\"2107\"><strong data-start=\"2066\" data-end=\"2105\">Leistungsstarke 3000W Nebelmaschine<\/strong><\/p>\n<\/li>\n<li data-section-id=\"kxg13l\" data-start=\"2108\" data-end=\"2171\">\n<p data-start=\"2110\" data-end=\"2171\">Erzeugt <strong data-start=\"2118\" data-end=\"2144\">dichten, starken Nebel<\/strong> f\u00fcr intensive Atmosph\u00e4re<\/p>\n<\/li>\n<li data-section-id=\"1avueuo\" data-start=\"2172\" data-end=\"2225\">\n<p data-start=\"2174\" data-end=\"2225\">Schnelle Aufheizzeit f\u00fcr schnellen Einsatz am Set<\/p>\n<\/li>\n<li data-section-id=\"102tyv5\" data-start=\"2226\" data-end=\"2277\">\n<p data-start=\"2228\" data-end=\"2277\">Kontinuierlicher Nebelaussto\u00df mit Fernbedienung<\/p>\n<\/li>\n<li data-section-id=\"1olndbo\" data-start=\"2278\" data-end=\"2321\">\n<p data-start=\"2280\" data-end=\"2321\">Gro\u00dfer Fluidtank f\u00fcr l\u00e4ngere Laufzeiten<\/p>\n<\/li>\n<li data-section-id=\"12wl4gc\" data-start=\"2322\" data-end=\"2375\">\n<p data-start=\"2324\" data-end=\"2375\">Geeignet f\u00fcr <strong data-start=\"2337\" data-end=\"2373\">Studio- und gro\u00dfe Location-Drehs<\/strong><\/p>\n<\/li>\n<li data-section-id=\"vhx5wd\" data-start=\"2376\" data-end=\"2411\">\n<p data-start=\"2378\" data-end=\"2411\">Robuste professionelle Bauweise<\/p>\n<\/li>\n<\/ul>\n<p data-start=\"2413\" data-end=\"2600\">Ideal f\u00fcr Produktionen, die starken atmosph\u00e4rischen Nebel ben\u00f6tigen, um Licht zu formen, dramatische Szenen zu schaffen und Foto- sowie Filmprojekten mehr cineastische Tiefe zu verleihen.<\/p>\n<p data-start=\"2602\" data-end=\"3085\" data-is-last-node=\"\" data-is-only-node=\"\"><strong data-start=\"2602\" data-end=\"2628\">Palma Equipment Rental<\/strong> liefert die Red Fog 3000 mit einem <strong data-start=\"2664\" data-end=\"2726\">voll gef\u00fcllten Tank professionellem, wasserbasiertem Fluid<\/strong>, zus\u00e4tzliches Fluid kann auf Anfrage erworben werden. Wir vermieten professionelles Kamera-, Licht-, Digital- und Grip-Equipment an Fotografen, Filmemacher und Produktionsfirmen auf <strong data-start=\"2909\" data-end=\"2977\">Mallorca, Menorca, Ibiza, Formentera und dem spanischen Festland<\/strong>, inklusive Lieferung, Produktionsfahrzeugen und <strong data-start=\"3026\" data-end=\"3054\">24\/7 technischem Support<\/strong> f\u00fcr reibungslose Produktionen.<\/p>\n","protected":false},"excerpt":{"rendered":"<p>Die Red Fog 3000 Smoke Machine ist eine leistungsstarke professionelle Nebelmaschine, die bei Palma Equipment Rental zur Miete erh\u00e4ltlich ist und dichten atmosph\u00e4rischen Nebel f\u00fcr Fotoshootings, Filmproduktionen und Werbedrehs erzeugt. Dank ihrer hohen Leistung und schnellen Aufheizzeit kann sie einen Raum schnell mit dichtem Nebel f\u00fcllen, Lichtstrahlen sichtbar machen und Fashion-Shootings, Musikvideos sowie Werbeproduktionen eine dramatische Atmosph\u00e4re verleihen. Leistungsstarke 3000W [&hellip;]<\/p>\n","protected":false},"featured_media":14419,"template":"","meta":[],"product_cat":[146,178],"product_tag":[],"class_list":{"0":"post-14416","1":"product","2":"type-product","3":"status-publish","4":"has-post-thumbnail","6":"product_cat-nebel","7":"product_cat-nebel-de","9":"first","10":"instock","11":"shipping-taxable","12":"purchasable","13":"product-type-simple"},"_links":{"self":[{"href":"https:\/\/palmaequipmentrental.com\/de\/wp-json\/wp\/v2\/product\/14416","targetHints":{"allow":["GET"]}}],"collection":[{"href":"https:\/\/palmaequipmentrental.com\/de\/wp-json\/wp\/v2\/product"}],"about":[{"href":"https:\/\/palmaequipmentrental.com\/de\/wp-json\/wp\/v2\/types\/product"}],"wp:featuredmedia":[{"embeddable":true,"href":"https:\/\/palmaequipmentrental.com\/de\/wp-json\/wp\/v2\/media\/14419"}],"wp:attachment":[{"href":"https:\/\/palmaequipmentrental.com\/de\/wp-json\/wp\/v2\/media?parent=14416"}],"wp:term":[{"taxonomy":"product_cat","embeddable":true,"href":"https:\/\/palmaequipmentrental.com\/de\/wp-json\/wp\/v2\/product_cat?post=14416"},{"taxonomy":"product_tag","embeddable":true,"href":"https:\/\/palmaequipmentrental.com\/de\/wp-json\/wp\/v2\/product_tag?post=14416"}],"curies":[{"name":"wp","href":"https:\/\/api.w.org\/{rel}","templated":true}]}}