{"id":14456,"date":"2025-06-09T13:00:06","date_gmt":"2025-06-09T13:00:06","guid":{"rendered":"https:\/\/www.palmaequipmentrental.com\/?post_type=product&#038;p=14456"},"modified":"2025-08-06T10:11:57","modified_gmt":"2025-08-06T10:11:57","slug":"profoto-b3","status":"publish","type":"product","link":"https:\/\/palmaequipmentrental.com\/de\/photo-video-equipment-mallorca\/profoto-b3\/","title":{"rendered":"Profoto Pro-B3"},"content":{"rendered":"<p data-start=\"1321\" data-end=\"1664\">Das Profoto Pro-B3 750Ws wurde f\u00fcr Hochleistungsshootings unter extremen Bedingungen entwickelt. Ideal f\u00fcr Action-, Abenteuer- und On-Location-Fotografie \u2013 mit schneller Wiederaufladung, absoluter Zuverl\u00e4ssigkeit und leistungsstarkem Akkubetrieb, wo auch immer du arbeitest. Ob in den Bergen, am Strand oder in der W\u00fcste \u2013 dieses Pack liefert.<\/p>\n<p data-start=\"1666\" data-end=\"1689\"><strong data-start=\"1666\" data-end=\"1687\">Technische Daten:<\/strong><\/p>\n<ul data-start=\"1690\" data-end=\"1895\">\n<li data-start=\"1690\" data-end=\"1714\">\n<p data-start=\"1692\" data-end=\"1714\">Blitzleistung: 750Ws<\/p>\n<\/li>\n<li data-start=\"1715\" data-end=\"1752\">\n<p data-start=\"1717\" data-end=\"1752\">Akkubetrieben mit langer Laufzeit<\/p>\n<\/li>\n<li data-start=\"1753\" data-end=\"1780\">\n<p data-start=\"1755\" data-end=\"1780\">Schnelle Recycling-Zeit<\/p>\n<\/li>\n<li data-start=\"1781\" data-end=\"1815\">\n<p data-start=\"1783\" data-end=\"1815\">Robustes, wetterfestes Geh\u00e4use<\/p>\n<\/li>\n<li data-start=\"1816\" data-end=\"1847\">\n<p data-start=\"1818\" data-end=\"1847\">Profoto Air Sync integriert<\/p>\n<\/li>\n<li data-start=\"1848\" data-end=\"1895\">\n<p data-start=\"1850\" data-end=\"1895\">Kompatibel mit einer Vielzahl an Lichtformern<\/p>\n<\/li>\n<\/ul>\n<p data-start=\"1897\" data-end=\"2238\">Perfekt f\u00fcr anspruchsvolle Profis, die zuverl\u00e4ssige Blitzleistung unter h\u00e4rtesten Bedingungen ben\u00f6tigen. Jetzt verf\u00fcgbar bei Palma Equipment Rental in Palma de Mallorca, Spanien. Wir bieten erstklassige Mietausr\u00fcstung und 24\/7 technischen Support f\u00fcr Fotografen, Filmemacher und Produktionsteams auf den Balearen und dem spanischen Festland.<\/p>\n<p data-start=\"1897\" data-end=\"2238\"><a href=\"https:\/\/youtu.be\/C6REyrJaKLc\">Check our video!<\/a><\/p>\n","protected":false},"excerpt":{"rendered":"<p>Das Profoto Pro-B3 750Ws wurde f\u00fcr Hochleistungsshootings unter extremen Bedingungen entwickelt. Ideal f\u00fcr Action-, Abenteuer- und On-Location-Fotografie \u2013 mit schneller Wiederaufladung, absoluter Zuverl\u00e4ssigkeit und leistungsstarkem Akkubetrieb, wo auch immer du arbeitest. Ob in den Bergen, am Strand oder in der W\u00fcste \u2013 dieses Pack liefert. Technische Daten: Blitzleistung: 750Ws Akkubetrieben mit langer Laufzeit Schnelle Recycling-Zeit Robustes, wetterfestes Geh\u00e4use Profoto Air [&hellip;]<\/p>\n","protected":false},"featured_media":14459,"template":"","meta":[],"product_cat":[394],"product_tag":[],"class_list":{"0":"post-14456","1":"product","2":"type-product","3":"status-publish","4":"has-post-thumbnail","6":"product_cat-monoblock","8":"first","9":"instock","10":"featured","11":"shipping-taxable","12":"purchasable","13":"product-type-simple"},"_links":{"self":[{"href":"https:\/\/palmaequipmentrental.com\/de\/wp-json\/wp\/v2\/product\/14456","targetHints":{"allow":["GET"]}}],"collection":[{"href":"https:\/\/palmaequipmentrental.com\/de\/wp-json\/wp\/v2\/product"}],"about":[{"href":"https:\/\/palmaequipmentrental.com\/de\/wp-json\/wp\/v2\/types\/product"}],"wp:featuredmedia":[{"embeddable":true,"href":"https:\/\/palmaequipmentrental.com\/de\/wp-json\/wp\/v2\/media\/14459"}],"wp:attachment":[{"href":"https:\/\/palmaequipmentrental.com\/de\/wp-json\/wp\/v2\/media?parent=14456"}],"wp:term":[{"taxonomy":"product_cat","embeddable":true,"href":"https:\/\/palmaequipmentrental.com\/de\/wp-json\/wp\/v2\/product_cat?post=14456"},{"taxonomy":"product_tag","embeddable":true,"href":"https:\/\/palmaequipmentrental.com\/de\/wp-json\/wp\/v2\/product_tag?post=14456"}],"curies":[{"name":"wp","href":"https:\/\/api.w.org\/{rel}","templated":true}]}}