{"id":14462,"date":"2025-06-09T13:37:37","date_gmt":"2025-06-09T13:37:37","guid":{"rendered":"https:\/\/www.palmaequipmentrental.com\/?post_type=product&#038;p=14462"},"modified":"2025-06-09T13:42:21","modified_gmt":"2025-06-09T13:42:21","slug":"profoto-b3-akku","status":"publish","type":"product","link":"https:\/\/palmaequipmentrental.com\/de\/photo-video-equipment-mallorca\/profoto-b3-akku\/","title":{"rendered":"Profoto B3 Li-Ion Akku"},"content":{"rendered":"<p data-start=\"1218\" data-end=\"1622\">Bleiben Sie auch bei anspruchsvollen Shootings mit dem Zusatzakku f\u00fcr den Profoto Pro-B3 leistungsstark. Der bei Palma Equipment Rental erh\u00e4ltliche Akku wurde f\u00fcr den 750Ws-Akku-Generator Pro-B3 entwickelt und bietet eine hohe Kapazit\u00e4t und Zuverl\u00e4ssigkeit f\u00fcr den Einsatz an abgelegenen Orten oder bei schnellen Produktionen. Mit einem zus\u00e4tzlichen Akku bleibt Ihre kreative Arbeit unterbrechungsfrei.<\/p>\n<p data-start=\"1624\" data-end=\"1647\"><strong data-start=\"1624\" data-end=\"1645\">Technische Daten:<\/strong><\/p>\n<ul data-start=\"1648\" data-end=\"1902\">\n<li data-start=\"1648\" data-end=\"1701\">\n<p data-start=\"1650\" data-end=\"1701\">Kompatibel mit dem Profoto Pro-B3 750Ws Generator<\/p>\n<\/li>\n<li data-start=\"1702\" data-end=\"1734\">\n<p data-start=\"1704\" data-end=\"1734\">Hochkapazitiver Lithium-Akku<\/p>\n<\/li>\n<li data-start=\"1735\" data-end=\"1778\">\n<p data-start=\"1737\" data-end=\"1778\">Lange Laufzeit f\u00fcr ausgedehnte Sessions<\/p>\n<\/li>\n<li data-start=\"1779\" data-end=\"1816\">\n<p data-start=\"1781\" data-end=\"1816\">Robustes und zuverl\u00e4ssiges Design<\/p>\n<\/li>\n<li data-start=\"1817\" data-end=\"1866\">\n<p data-start=\"1819\" data-end=\"1866\">Schnell austauschbar und einfach zu montieren<\/p>\n<\/li>\n<li data-start=\"1867\" data-end=\"1902\">\n<p data-start=\"1869\" data-end=\"1902\">Kompakt und transportfreundlich<\/p>\n<\/li>\n<\/ul>\n<p data-start=\"1904\" data-end=\"2160\">Ideal f\u00fcr professionelle Fotografen im Au\u00dfeneinsatz. Palma Equipment Rental bietet hochwertiges Foto- und Videoequipment auf Mallorca, Menorca, Ibiza, Formentera und dem spanischen Festland \u2013 mit flexiblem, effizientem Service und 24\/7 technischem Support.<\/p>\n","protected":false},"excerpt":{"rendered":"<p>Bleiben Sie auch bei anspruchsvollen Shootings mit dem Zusatzakku f\u00fcr den Profoto Pro-B3 leistungsstark. Der bei Palma Equipment Rental erh\u00e4ltliche Akku wurde f\u00fcr den 750Ws-Akku-Generator Pro-B3 entwickelt und bietet eine hohe Kapazit\u00e4t und Zuverl\u00e4ssigkeit f\u00fcr den Einsatz an abgelegenen Orten oder bei schnellen Produktionen. Mit einem zus\u00e4tzlichen Akku bleibt Ihre kreative Arbeit unterbrechungsfrei. Technische Daten: Kompatibel mit dem Profoto Pro-B3 [&hellip;]<\/p>\n","protected":false},"featured_media":14465,"template":"","meta":[],"product_cat":[388],"product_tag":[],"class_list":{"0":"post-14462","1":"product","2":"type-product","3":"status-publish","4":"has-post-thumbnail","6":"product_cat-batterien-ladegeraete","8":"first","9":"instock","10":"shipping-taxable","11":"purchasable","12":"product-type-simple"},"_links":{"self":[{"href":"https:\/\/palmaequipmentrental.com\/de\/wp-json\/wp\/v2\/product\/14462","targetHints":{"allow":["GET"]}}],"collection":[{"href":"https:\/\/palmaequipmentrental.com\/de\/wp-json\/wp\/v2\/product"}],"about":[{"href":"https:\/\/palmaequipmentrental.com\/de\/wp-json\/wp\/v2\/types\/product"}],"wp:featuredmedia":[{"embeddable":true,"href":"https:\/\/palmaequipmentrental.com\/de\/wp-json\/wp\/v2\/media\/14465"}],"wp:attachment":[{"href":"https:\/\/palmaequipmentrental.com\/de\/wp-json\/wp\/v2\/media?parent=14462"}],"wp:term":[{"taxonomy":"product_cat","embeddable":true,"href":"https:\/\/palmaequipmentrental.com\/de\/wp-json\/wp\/v2\/product_cat?post=14462"},{"taxonomy":"product_tag","embeddable":true,"href":"https:\/\/palmaequipmentrental.com\/de\/wp-json\/wp\/v2\/product_tag?post=14462"}],"curies":[{"name":"wp","href":"https:\/\/api.w.org\/{rel}","templated":true}]}}