{"id":14468,"date":"2025-06-09T13:54:09","date_gmt":"2025-06-09T13:54:09","guid":{"rendered":"https:\/\/www.palmaequipmentrental.com\/?post_type=product&#038;p=14468"},"modified":"2025-06-09T14:12:18","modified_gmt":"2025-06-09T14:12:18","slug":"profoto-b3-akkuladegerat","status":"publish","type":"product","link":"https:\/\/palmaequipmentrental.com\/de\/photo-video-equipment-mallorca\/profoto-b3-akkuladegerat\/","title":{"rendered":"Profoto B3 Akkuladeger\u00e4t"},"content":{"rendered":"<div class=\"ov-wrapper js-overview-desc\">\n<p data-start=\"1327\" data-end=\"1590\">Halte deinen Profoto Pro-B3 mit diesem zuverl\u00e4ssigen 5A-Ladeger\u00e4t einsatzbereit \u2013 jetzt zur Miete bei Palma Equipment Rental. Speziell f\u00fcr den Pro-B3 750Ws Generator entwickelt, sorgt dieses Ladeger\u00e4t f\u00fcr sicheres und effizientes Aufladen \u2013 im Studio oder am Set.<\/p>\n<p data-start=\"1592\" data-end=\"1615\"><strong data-start=\"1592\" data-end=\"1613\">Technische Daten:<\/strong><\/p>\n<ul data-start=\"1616\" data-end=\"1855\">\n<li data-start=\"1616\" data-end=\"1661\">\n<p data-start=\"1618\" data-end=\"1661\">Kompatibel mit Profoto Pro-B3 750Ws Akkus<\/p>\n<\/li>\n<li data-start=\"1662\" data-end=\"1702\">\n<p data-start=\"1664\" data-end=\"1702\">5A Ladestrom f\u00fcr schnelle Ladezeiten<\/p>\n<\/li>\n<li data-start=\"1703\" data-end=\"1736\">\n<p data-start=\"1705\" data-end=\"1736\">Kompaktes und robustes Design<\/p>\n<\/li>\n<li data-start=\"1737\" data-end=\"1780\">\n<p data-start=\"1739\" data-end=\"1780\">Zuverl\u00e4ssig f\u00fcr Reisen und Dreheins\u00e4tze<\/p>\n<\/li>\n<li data-start=\"1781\" data-end=\"1822\">\n<p data-start=\"1783\" data-end=\"1822\">Standard-Netzanschluss mit EU-Stecker<\/p>\n<\/li>\n<li data-start=\"1823\" data-end=\"1855\">\n<p data-start=\"1825\" data-end=\"1855\">LED-Anzeigen f\u00fcr Ladezustand<\/p>\n<\/li>\n<\/ul>\n<p data-start=\"1857\" data-end=\"2186\">Ideal als Hauptladeger\u00e4t oder Ersatz bei intensiven Shootings. Palma Equipment Rental bietet professionelle Foto- und Videoausr\u00fcstung zur Miete in Palma de Mallorca, auf den Balearen und dem spanischen Festland. Wir stehen f\u00fcr zuverl\u00e4ssige Ausr\u00fcstung, 24\/7 technischen Support und flexiblen Service f\u00fcr reibungslose Produktionen.<\/p>\n<\/div>\n","protected":false},"excerpt":{"rendered":"<p>Halte deinen Profoto Pro-B3 mit diesem zuverl\u00e4ssigen 5A-Ladeger\u00e4t einsatzbereit \u2013 jetzt zur Miete bei Palma Equipment Rental. Speziell f\u00fcr den Pro-B3 750Ws Generator entwickelt, sorgt dieses Ladeger\u00e4t f\u00fcr sicheres und effizientes Aufladen \u2013 im Studio oder am Set. Technische Daten: Kompatibel mit Profoto Pro-B3 750Ws Akkus 5A Ladestrom f\u00fcr schnelle Ladezeiten Kompaktes und robustes Design Zuverl\u00e4ssig f\u00fcr Reisen und Dreheins\u00e4tze [&hellip;]<\/p>\n","protected":false},"featured_media":14471,"template":"","meta":[],"product_cat":[388],"product_tag":[],"class_list":{"0":"post-14468","1":"product","2":"type-product","3":"status-publish","4":"has-post-thumbnail","6":"product_cat-batterien-ladegeraete","8":"first","9":"instock","10":"shipping-taxable","11":"purchasable","12":"product-type-simple"},"_links":{"self":[{"href":"https:\/\/palmaequipmentrental.com\/de\/wp-json\/wp\/v2\/product\/14468","targetHints":{"allow":["GET"]}}],"collection":[{"href":"https:\/\/palmaequipmentrental.com\/de\/wp-json\/wp\/v2\/product"}],"about":[{"href":"https:\/\/palmaequipmentrental.com\/de\/wp-json\/wp\/v2\/types\/product"}],"wp:featuredmedia":[{"embeddable":true,"href":"https:\/\/palmaequipmentrental.com\/de\/wp-json\/wp\/v2\/media\/14471"}],"wp:attachment":[{"href":"https:\/\/palmaequipmentrental.com\/de\/wp-json\/wp\/v2\/media?parent=14468"}],"wp:term":[{"taxonomy":"product_cat","embeddable":true,"href":"https:\/\/palmaequipmentrental.com\/de\/wp-json\/wp\/v2\/product_cat?post=14468"},{"taxonomy":"product_tag","embeddable":true,"href":"https:\/\/palmaequipmentrental.com\/de\/wp-json\/wp\/v2\/product_tag?post=14468"}],"curies":[{"name":"wp","href":"https:\/\/api.w.org\/{rel}","templated":true}]}}