{"id":14965,"date":"2025-06-12T10:14:12","date_gmt":"2025-06-12T10:14:13","guid":{"rendered":"https:\/\/www.palmaequipmentrental.com\/?post_type=product&#038;p=14965"},"modified":"2025-06-12T10:27:30","modified_gmt":"2025-06-12T10:27:30","slug":"chroma-green","status":"publish","type":"product","link":"https:\/\/palmaequipmentrental.com\/de\/photo-video-equipment-mallorca\/chroma-green\/","title":{"rendered":"Chroma Green"},"content":{"rendered":"<p data-start=\"1539\" data-end=\"1891\">Der Manfrotto LL LB7622 Green Screen (4 x 2,3 m \/ 13,1 x 7,5 Fu\u00df) ist ein professioneller Chroma-Key-Hintergrund \u2013 ideal f\u00fcr Videoproduktionen, Livestreams, Interviews und visuelle Effekte. Bei Palma Equipment Rental zur Miete erh\u00e4ltlich, bietet dieser gro\u00dfe, faltbare Greenscreen eine gleichm\u00e4\u00dfige Oberfl\u00e4che f\u00fcr sauberes Keying in der Postproduktion.<\/p>\n<p data-start=\"1893\" data-end=\"2143\">Der knitterfeste Stoff und der robuste Aluminiumrahmen erm\u00f6glichen einen schnellen Aufbau und einfachen Transport. Die gro\u00dfz\u00fcgigen Abmessungen sind perfekt f\u00fcr Ganzk\u00f6rperaufnahmen oder Szenen mit mehreren Personen \u2013 sowohl im Studio als auch vor Ort.<\/p>\n<p data-start=\"2145\" data-end=\"2166\"><strong data-start=\"2145\" data-end=\"2166\">Technische Daten:<\/strong><\/p>\n<ul data-start=\"2167\" data-end=\"2408\">\n<li data-start=\"2167\" data-end=\"2208\">\n<p data-start=\"2169\" data-end=\"2208\">Gr\u00f6\u00dfe: 4 x 2,3 Meter (13,1 x 7,5 Fu\u00df)<\/p>\n<\/li>\n<li data-start=\"2209\" data-end=\"2249\">\n<p data-start=\"2211\" data-end=\"2249\">Knitterfreie<\/p>\n<p data-start=\"1539\" data-end=\"1891\">Der Manfrotto LL LB7622 Green Screen (4 x 2,3 m \/ 13,1 x 7,5 Fu\u00df) ist ein professioneller Chroma-Key-Hintergrund \u2013 ideal f\u00fcr Videoproduktionen, Livestreams, Interviews und visuelle Effekte. Bei Palma Equipment Rental zur Miete erh\u00e4ltlich, bietet dieser gro\u00dfe, faltbare Greenscreen eine gleichm\u00e4\u00dfige Oberfl\u00e4che f\u00fcr sauberes Keying in der Postproduktion.<\/p>\n<p data-start=\"1893\" data-end=\"2143\">Der knitterfeste Stoff und der robuste Aluminiumrahmen erm\u00f6glichen einen schnellen Aufbau und einfachen Transport. Die gro\u00dfz\u00fcgigen Abmessungen sind perfekt f\u00fcr Ganzk\u00f6rperaufnahmen oder Szenen mit mehreren Personen \u2013 sowohl im Studio als auch vor Ort.<\/p>\n<p data-start=\"2145\" data-end=\"2166\"><strong data-start=\"2145\" data-end=\"2166\">Technische Daten:<\/strong><\/p>\n<ul data-start=\"2167\" data-end=\"2408\">\n<li data-start=\"2167\" data-end=\"2208\">\n<p data-start=\"2169\" data-end=\"2208\">Gr\u00f6\u00dfe: 4 x 2,3 Meter (13,1 x 7,5 Fu\u00df)<\/p>\n<\/li>\n<li data-start=\"2209\" data-end=\"2249\">\n<p data-start=\"2211\" data-end=\"2249\">Knitterfreie Chroma-Green-Oberfl\u00e4che<\/p>\n<\/li>\n<li data-start=\"2250\" data-end=\"2298\">\n<p data-start=\"2252\" data-end=\"2298\">Leichter, zusammenklappbarer Aluminiumrahmen<\/p>\n<\/li>\n<li data-start=\"2299\" data-end=\"2356\">\n<p data-start=\"2301\" data-end=\"2356\">Ideal f\u00fcr Greenscreen-Interviews, Livestreams und VFX<\/p>\n<\/li>\n<li data-start=\"2357\" data-end=\"2408\">\n<p data-start=\"2359\" data-end=\"2408\">Einfach zu transportieren und schnell aufgebaut<\/p>\n<\/li>\n<\/ul>\n<p data-start=\"2410\" data-end=\"2488\">Perfekt f\u00fcr Produktionen, die saubere Hintergr\u00fcnde und Flexibilit\u00e4t ben\u00f6tigen.<\/p>\n<p data-start=\"2490\" data-end=\"2752\" data-is-last-node=\"\" data-is-only-node=\"\">Palma Equipment Rental bietet Greenscreens, Licht- und Produktionsequipment f\u00fcr Foto- und Videodrehs auf Mallorca, Ibiza, Menorca und dem spanischen Festland. Wir liefern professionelle Ausr\u00fcstung mit flexiblem, freundlichem Service und 24\/7 technischem Support.<\/p>\n<\/li>\n<li data-start=\"2250\" data-end=\"2298\">\n<p data-start=\"2252\" data-end=\"2298\">Leichter, zusammenklappbarer Aluminiumrahmen<\/p>\n<\/li>\n<li data-start=\"2299\" data-end=\"2356\">\n<p data-start=\"2301\" data-end=\"2356\">Ideal f\u00fcr Greenscreen-Interviews, Livestreams und VFX<\/p>\n<\/li>\n<li data-start=\"2357\" data-end=\"2408\">\n<p data-start=\"2359\" data-end=\"2408\">Einfach zu transportieren und schnell aufgebaut<\/p>\n<\/li>\n<\/ul>\n<p data-start=\"2410\" data-end=\"2488\">Perfekt f\u00fcr Produktionen, die saubere Hintergr\u00fcnde und Flexibilit\u00e4t ben\u00f6tigen.<\/p>\n<p data-start=\"2490\" data-end=\"2752\" data-is-last-node=\"\" data-is-only-node=\"\">Palma Equipment Rental bietet Greenscreens, Licht- und Produktionsequipment f\u00fcr Foto- und Videodrehs auf Mallorca, Ibiza, Menorca und dem spanischen Festland. Wir liefern professionelle Ausr\u00fcstung mit flexiblem, freundlichem Service und 24\/7 technischem Support.<\/p>\n","protected":false},"excerpt":{"rendered":"<p>Der Manfrotto LL LB7622 Green Screen (4 x 2,3 m \/ 13,1 x 7,5 Fu\u00df) ist ein professioneller Chroma-Key-Hintergrund \u2013 ideal f\u00fcr Videoproduktionen, Livestreams, Interviews und visuelle Effekte. Bei Palma Equipment Rental zur Miete erh\u00e4ltlich, bietet dieser gro\u00dfe, faltbare Greenscreen eine gleichm\u00e4\u00dfige Oberfl\u00e4che f\u00fcr sauberes Keying in der Postproduktion. Der knitterfeste Stoff und der robuste Aluminiumrahmen erm\u00f6glichen einen schnellen Aufbau [&hellip;]<\/p>\n","protected":false},"featured_media":14967,"template":"","meta":[],"product_cat":[725,164],"product_tag":[],"class_list":{"0":"post-14965","1":"product","2":"type-product","3":"status-publish","4":"has-post-thumbnail","6":"product_cat-reflektoren-de-2","7":"product_cat-reflektoren-de","9":"first","10":"instock","11":"shipping-taxable","12":"purchasable","13":"product-type-simple"},"_links":{"self":[{"href":"https:\/\/palmaequipmentrental.com\/de\/wp-json\/wp\/v2\/product\/14965","targetHints":{"allow":["GET"]}}],"collection":[{"href":"https:\/\/palmaequipmentrental.com\/de\/wp-json\/wp\/v2\/product"}],"about":[{"href":"https:\/\/palmaequipmentrental.com\/de\/wp-json\/wp\/v2\/types\/product"}],"wp:featuredmedia":[{"embeddable":true,"href":"https:\/\/palmaequipmentrental.com\/de\/wp-json\/wp\/v2\/media\/14967"}],"wp:attachment":[{"href":"https:\/\/palmaequipmentrental.com\/de\/wp-json\/wp\/v2\/media?parent=14965"}],"wp:term":[{"taxonomy":"product_cat","embeddable":true,"href":"https:\/\/palmaequipmentrental.com\/de\/wp-json\/wp\/v2\/product_cat?post=14965"},{"taxonomy":"product_tag","embeddable":true,"href":"https:\/\/palmaequipmentrental.com\/de\/wp-json\/wp\/v2\/product_tag?post=14965"}],"curies":[{"name":"wp","href":"https:\/\/api.w.org\/{rel}","templated":true}]}}