{"id":14976,"date":"2025-06-12T12:09:01","date_gmt":"2025-06-12T12:09:01","guid":{"rendered":"https:\/\/www.palmaequipmentrental.com\/?post_type=product&#038;p=14976"},"modified":"2025-08-06T10:08:17","modified_gmt":"2025-08-06T10:08:17","slug":"foam-box-mallorca","status":"publish","type":"product","link":"https:\/\/palmaequipmentrental.com\/de\/photo-video-equipment-mallorca\/foam-box-mallorca\/","title":{"rendered":"The Foam Box"},"content":{"rendered":"<p data-start=\"1411\" data-end=\"1753\">Die Foam Box ist eine leichte und dennoch robuste Alternative zu herk\u00f6mmlichen Apple-Boxen aus Holz \u2013 perfekt f\u00fcr Produktionsteams, Grip-Abteilungen und Au\u00dfendrehs. Bei Palma Equipment Rental zur Miete erh\u00e4ltlich, eignet sie sich hervorragend als Sitzgelegenheit, Ablage oder Unterst\u00fctzung auf dem Set \u2013 ganz ohne Kratzer oder schweres Heben.<\/p>\n<p data-start=\"1755\" data-end=\"2036\">Hergestellt aus expandiertem Polyethylen-Schaumstoff (EPE) bietet sie chemische Best\u00e4ndigkeit und hervorragende Sto\u00dfd\u00e4mpfung. Mit einem Gewicht von nur 1,36\u202fkg tr\u00e4gt sie Lasten von \u00fcber 900\u202fkg, ist wetterfest, kratzfrei und korrosionsbest\u00e4ndig \u2013 ideal f\u00fcr Innen- und Au\u00dfeneins\u00e4tze.<\/p>\n<p data-start=\"2038\" data-end=\"2059\"><strong data-start=\"2038\" data-end=\"2059\">Technische Daten:<\/strong><\/p>\n<ul data-start=\"2060\" data-end=\"2275\">\n<li data-start=\"2060\" data-end=\"2085\">\n<p data-start=\"2062\" data-end=\"2085\">Ma\u00dfe: 23\u202f\u00d7\u202f30\u202f\u00d7\u202f46\u202fcm<\/p>\n<\/li>\n<li data-start=\"2086\" data-end=\"2106\">\n<p data-start=\"2088\" data-end=\"2106\">Gewicht: 1,36\u202fkg<\/p>\n<\/li>\n<li data-start=\"2107\" data-end=\"2132\">\n<p data-start=\"2109\" data-end=\"2132\">Traglast: \u00fcber 900\u202fkg<\/p>\n<\/li>\n<li data-start=\"2133\" data-end=\"2183\">\n<p data-start=\"2135\" data-end=\"2183\">Material: Expandierter Polyethylenschaum (EPE)<\/p>\n<\/li>\n<li data-start=\"2184\" data-end=\"2237\">\n<p data-start=\"2186\" data-end=\"2237\">Keine scharfen Kanten \u2013 schont empfindliche B\u00f6den<\/p>\n<\/li>\n<li data-start=\"2238\" data-end=\"2275\">\n<p data-start=\"2240\" data-end=\"2275\">Wetterfest und leicht zu reinigen<\/p>\n<\/li>\n<\/ul>\n<p data-start=\"2277\" data-end=\"2539\"><strong data-start=\"2277\" data-end=\"2303\">Palma Equipment Rental<\/strong> bietet neben Kameras, Licht und Grip auch praktisches Zubeh\u00f6r wie die Foam Box. Wir beliefern Produktionen auf Mallorca, Menorca, Ibiza, Formentera und dem spanischen Festland \u2013 mit flexiblem Service und 24\/7 technischer Unterst\u00fctzung.<\/p>\n<p data-start=\"2277\" data-end=\"2539\"><a href=\"https:\/\/youtu.be\/oupY8KbfpKk\">Check our video!<\/a><\/p>\n","protected":false},"excerpt":{"rendered":"<p>Die Foam Box ist eine leichte und dennoch robuste Alternative zu herk\u00f6mmlichen Apple-Boxen aus Holz \u2013 perfekt f\u00fcr Produktionsteams, Grip-Abteilungen und Au\u00dfendrehs. Bei Palma Equipment Rental zur Miete erh\u00e4ltlich, eignet sie sich hervorragend als Sitzgelegenheit, Ablage oder Unterst\u00fctzung auf dem Set \u2013 ganz ohne Kratzer oder schweres Heben. Hergestellt aus expandiertem Polyethylen-Schaumstoff (EPE) bietet sie chemische Best\u00e4ndigkeit und hervorragende Sto\u00dfd\u00e4mpfung. [&hellip;]<\/p>\n","protected":false},"featured_media":14979,"template":"","meta":[],"product_cat":[151,165],"product_tag":[],"class_list":{"0":"post-14976","1":"product","2":"type-product","3":"status-publish","4":"has-post-thumbnail","6":"product_cat-lampenstative","7":"product_cat-lampenstative-de","9":"first","10":"instock","11":"shipping-taxable","12":"purchasable","13":"product-type-simple"},"_links":{"self":[{"href":"https:\/\/palmaequipmentrental.com\/de\/wp-json\/wp\/v2\/product\/14976","targetHints":{"allow":["GET"]}}],"collection":[{"href":"https:\/\/palmaequipmentrental.com\/de\/wp-json\/wp\/v2\/product"}],"about":[{"href":"https:\/\/palmaequipmentrental.com\/de\/wp-json\/wp\/v2\/types\/product"}],"wp:featuredmedia":[{"embeddable":true,"href":"https:\/\/palmaequipmentrental.com\/de\/wp-json\/wp\/v2\/media\/14979"}],"wp:attachment":[{"href":"https:\/\/palmaequipmentrental.com\/de\/wp-json\/wp\/v2\/media?parent=14976"}],"wp:term":[{"taxonomy":"product_cat","embeddable":true,"href":"https:\/\/palmaequipmentrental.com\/de\/wp-json\/wp\/v2\/product_cat?post=14976"},{"taxonomy":"product_tag","embeddable":true,"href":"https:\/\/palmaequipmentrental.com\/de\/wp-json\/wp\/v2\/product_tag?post=14976"}],"curies":[{"name":"wp","href":"https:\/\/api.w.org\/{rel}","templated":true}]}}