{"id":15016,"date":"2025-06-18T11:09:49","date_gmt":"2025-06-18T11:09:49","guid":{"rendered":"https:\/\/www.palmaequipmentrental.com\/?post_type=product&#038;p=15016"},"modified":"2025-06-18T11:17:08","modified_gmt":"2025-06-18T11:17:08","slug":"rent-aputure-spotlight-max","status":"publish","type":"product","link":"https:\/\/palmaequipmentrental.com\/de\/photo-video-equipment-mallorca\/rent-aputure-spotlight-max\/","title":{"rendered":"Aputure Spotlight Max"},"content":{"rendered":"<p data-start=\"2055\" data-end=\"2377\">Der Aputure Spotlight Max ist ein leistungsstarker Vorsatz f\u00fcr COB-Scheinwerfer wie den Aputure 600C oder 1200D. Bei <strong data-start=\"2172\" data-end=\"2198\">Palma Equipment Rental<\/strong> erh\u00e4ltlich, verwandelt er deine Lichtquelle in einen scharf fokussierten Lichtstrahl \u2013 perfekt f\u00fcr stilisierte Ausleuchtung, klare Lichtkanten und detailreiche Gobo-Projektionen.<\/p>\n<p data-start=\"2379\" data-end=\"2659\">Er wurde f\u00fcr pr\u00e4zise Lichtf\u00fchrung entwickelt, mit minimaler chromatischer Aberration und optimaler Kontrolle. Wechselobjektive mit 19\u00ba und 36\u00ba Abstrahlwinkeln (optional erh\u00e4ltlich) erm\u00f6glichen dir eine gezielte Anpassung des Lichtkegels \u2013 von eng geb\u00fcndelt bis weit ausgeleuchtet.<\/p>\n<p data-start=\"2661\" data-end=\"2764\">Er ist au\u00dferdem mit Standard-Gobos und einer optionalen Iris kompatibel, um noch kreativer zu arbeiten.<\/p>\n<p data-start=\"2766\" data-end=\"2788\"><strong data-start=\"2766\" data-end=\"2788\">Wichtige Merkmale:<\/strong><\/p>\n<ul data-start=\"2789\" data-end=\"3229\">\n<li data-start=\"2789\" data-end=\"2846\">\n<p data-start=\"2791\" data-end=\"2846\">Kompatibel mit Aputure 600C Pro, 600X, 600D und 1200D<\/p>\n<\/li>\n<li data-start=\"2847\" data-end=\"2908\">\n<p data-start=\"2849\" data-end=\"2908\">Austauschbare Objektive (19\u00ba und 36\u00ba) optional erh\u00e4ltlich<\/p>\n<\/li>\n<li data-start=\"2909\" data-end=\"2971\">\n<p data-start=\"2911\" data-end=\"2971\">Scharfer Lichtkegel mit klaren Kanten und hoher Intensit\u00e4t<\/p>\n<\/li>\n<li data-start=\"2972\" data-end=\"3031\">\n<p data-start=\"2974\" data-end=\"3031\">Integrierte Shutter-Blades zur pr\u00e4zisen Lichtbegrenzung<\/p>\n<\/li>\n<li data-start=\"3032\" data-end=\"3089\">\n<p data-start=\"3034\" data-end=\"3089\">Unterst\u00fctzt Metall-Gobos und Iris-Eins\u00e4tze (optional)<\/p>\n<\/li>\n<li data-start=\"3090\" data-end=\"3139\">\n<p data-start=\"3092\" data-end=\"3139\">Hitzebest\u00e4ndiges Geh\u00e4use f\u00fcr den Dauereinsatz<\/p>\n<\/li>\n<li data-start=\"3140\" data-end=\"3186\">\n<p data-start=\"3142\" data-end=\"3186\">Bowens-Anschluss f\u00fcr breite Kompatibilit\u00e4t<\/p>\n<\/li>\n<li data-start=\"3187\" data-end=\"3229\">\n<p data-start=\"3189\" data-end=\"3229\">Geliefert im sch\u00fctzenden Transportkoffer<\/p>\n<\/li>\n<\/ul>\n<p data-start=\"3231\" data-end=\"3405\">Ob f\u00fcr stimmungsvolle Portr\u00e4ts, Lichtakzente im Hintergrund oder kreative Projektionen \u2013 mit dem Aputure Spotlight Max hast du die volle Kontrolle \u00fcber deine Lichtgestaltung.<\/p>\n<p data-start=\"3407\" data-end=\"3676\"><strong data-start=\"3407\" data-end=\"3433\">Palma Equipment Rental<\/strong> ist dein Partner f\u00fcr professionelles Film- und Fotoequipment auf Mallorca, Ibiza, Menorca und Formentera. Mit schnellem Angebot, flexiblem Lieferservice und echter Branchenerfahrung unterst\u00fctzen wir dich bei jeder Produktion auf den Balearen.<\/p>\n","protected":false},"excerpt":{"rendered":"<p>Der Aputure Spotlight Max ist ein leistungsstarker Vorsatz f\u00fcr COB-Scheinwerfer wie den Aputure 600C oder 1200D. Bei Palma Equipment Rental erh\u00e4ltlich, verwandelt er deine Lichtquelle in einen scharf fokussierten Lichtstrahl \u2013 perfekt f\u00fcr stilisierte Ausleuchtung, klare Lichtkanten und detailreiche Gobo-Projektionen. Er wurde f\u00fcr pr\u00e4zise Lichtf\u00fchrung entwickelt, mit minimaler chromatischer Aberration und optimaler Kontrolle. Wechselobjektive mit 19\u00ba und 36\u00ba Abstrahlwinkeln (optional [&hellip;]<\/p>\n","protected":false},"featured_media":15018,"template":"","meta":[],"product_cat":[773,775],"product_tag":[],"class_list":{"0":"post-15016","1":"product","2":"type-product","3":"status-publish","4":"has-post-thumbnail","6":"product_cat-aputure-lichtformer-v","7":"product_cat-aputure-lichtformer","9":"first","10":"instock","11":"shipping-taxable","12":"purchasable","13":"product-type-simple"},"_links":{"self":[{"href":"https:\/\/palmaequipmentrental.com\/de\/wp-json\/wp\/v2\/product\/15016","targetHints":{"allow":["GET"]}}],"collection":[{"href":"https:\/\/palmaequipmentrental.com\/de\/wp-json\/wp\/v2\/product"}],"about":[{"href":"https:\/\/palmaequipmentrental.com\/de\/wp-json\/wp\/v2\/types\/product"}],"wp:featuredmedia":[{"embeddable":true,"href":"https:\/\/palmaequipmentrental.com\/de\/wp-json\/wp\/v2\/media\/15018"}],"wp:attachment":[{"href":"https:\/\/palmaequipmentrental.com\/de\/wp-json\/wp\/v2\/media?parent=15016"}],"wp:term":[{"taxonomy":"product_cat","embeddable":true,"href":"https:\/\/palmaequipmentrental.com\/de\/wp-json\/wp\/v2\/product_cat?post=15016"},{"taxonomy":"product_tag","embeddable":true,"href":"https:\/\/palmaequipmentrental.com\/de\/wp-json\/wp\/v2\/product_tag?post=15016"}],"curies":[{"name":"wp","href":"https:\/\/api.w.org\/{rel}","templated":true}]}}