{"id":15021,"date":"2025-06-19T12:02:51","date_gmt":"2025-06-19T12:02:51","guid":{"rendered":"https:\/\/www.palmaequipmentrental.com\/?post_type=product&#038;p=15021"},"modified":"2025-06-19T12:20:36","modified_gmt":"2025-06-19T12:20:36","slug":"crls-c-drive-kit-mieten","status":"publish","type":"product","link":"https:\/\/palmaequipmentrental.com\/de\/photo-video-equipment-mallorca\/crls-c-drive-kit-mieten\/","title":{"rendered":"LightBridge CRLS C-Drive Kit"},"content":{"rendered":"<p data-start=\"1959\" data-end=\"2277\">Bei Palma Equipment Rental in Palma de Mallorca zur Miete erh\u00e4ltlich, ist das LightBridge CRLS C-Drive Kit die Komplettl\u00f6sung f\u00fcr pr\u00e4zises Lichtformen am Set. Entwickelt mit dem Cine Reflect Lighting System (CRLS), bietet dieses Kit maximale Kontrolle und Effizienz \u2013 ideal f\u00fcr Studio- und Au\u00dfendrehs auf den Balearen.<\/p>\n<p data-start=\"2279\" data-end=\"2600\">Das Kit ist sicher in einem robusten Flightcase mit Rollen verpackt, inklusive Cordura-Taschen und Neoprenh\u00fcllen \u2013 perfekt f\u00fcr den Transport zwischen den Inseln. Ob starke Sonne reflektiert oder hartes Licht weich gemacht werden soll \u2013 mit diesem Set an Diffusoren hast du volle kreative Kontrolle ohne sperriges Zubeh\u00f6r.<\/p>\n<p data-start=\"2602\" data-end=\"2616\"><strong data-start=\"2602\" data-end=\"2616\">Enthalten:<\/strong><\/p>\n<ul data-start=\"2617\" data-end=\"2980\">\n<li data-start=\"2617\" data-end=\"2732\">\n<p data-start=\"2619\" data-end=\"2666\">C-Reflektoren in vier Gr\u00f6\u00dfen (Diffusion 0\u20134):<\/p>\n<ul data-start=\"2669\" data-end=\"2732\">\n<li data-start=\"2669\" data-end=\"2683\">\n<p data-start=\"2671\" data-end=\"2683\">4\u00d7 50\u00d750cm<\/p>\n<\/li>\n<li data-start=\"2686\" data-end=\"2700\">\n<p data-start=\"2688\" data-end=\"2700\">4\u00d7 25\u00d725cm<\/p>\n<\/li>\n<li data-start=\"2703\" data-end=\"2717\">\n<p data-start=\"2705\" data-end=\"2717\">4\u00d7 15\u00d715cm<\/p>\n<\/li>\n<li data-start=\"2720\" data-end=\"2732\">\n<p data-start=\"2722\" data-end=\"2732\">4\u00d7 7\u00d77cm<\/p>\n<\/li>\n<\/ul>\n<\/li>\n<li data-start=\"2733\" data-end=\"2917\">\n<p data-start=\"2735\" data-end=\"2752\">C-Grip-Zubeh\u00f6r:<\/p>\n<ul data-start=\"2755\" data-end=\"2917\">\n<li data-start=\"2755\" data-end=\"2795\">\n<p data-start=\"2757\" data-end=\"2795\">3\u00d7 C-Wheels Spigot in C-Grip-Taschen<\/p>\n<\/li>\n<li data-start=\"2798\" data-end=\"2840\">\n<p data-start=\"2800\" data-end=\"2840\">3\u00d7 C-Wheels Receiver in C-Grip-Taschen<\/p>\n<\/li>\n<li data-start=\"2843\" data-end=\"2865\">\n<p data-start=\"2845\" data-end=\"2865\">3\u00d7 Ersatz-Keilsets<\/p>\n<\/li>\n<li data-start=\"2868\" data-end=\"2892\">\n<p data-start=\"2870\" data-end=\"2892\">6\u00d7 Sicherheits-Clips<\/p>\n<\/li>\n<li data-start=\"2895\" data-end=\"2917\">\n<p data-start=\"2897\" data-end=\"2917\">1\u00d7 C-Reinigungskit<\/p>\n<\/li>\n<\/ul>\n<\/li>\n<li data-start=\"2918\" data-end=\"2980\">\n<p data-start=\"2920\" data-end=\"2980\">Robustes Flightcase mit Rollen und ma\u00dfgeschneiderten Taschen<\/p>\n<\/li>\n<\/ul>\n<p data-start=\"2982\" data-end=\"3169\">Perfekt f\u00fcr Kameraleute, Gaffer und Fotografen, die mit kompaktem Equipment nat\u00fcrliches Licht erzeugen m\u00f6chten. Ob Interview, Modeproduktion, Werbung oder Spielfilm \u2013 das C-Drive liefert.<\/p>\n<p data-start=\"3171\" data-end=\"3417\">Palma Equipment Rental unterst\u00fctzt Produktionen auf Mallorca, Ibiza, Menorca und Formentera mit hochwertigem Kamera- und Licht-Equipment, Transportl\u00f6sungen und technischer Betreuung. F\u00fcr alle, die Wert auf Pr\u00e4zision, Mobilit\u00e4t und Qualit\u00e4t legen.<\/p>\n","protected":false},"excerpt":{"rendered":"<p>Bei Palma Equipment Rental in Palma de Mallorca zur Miete erh\u00e4ltlich, ist das LightBridge CRLS C-Drive Kit die Komplettl\u00f6sung f\u00fcr pr\u00e4zises Lichtformen am Set. Entwickelt mit dem Cine Reflect Lighting System (CRLS), bietet dieses Kit maximale Kontrolle und Effizienz \u2013 ideal f\u00fcr Studio- und Au\u00dfendrehs auf den Balearen. Das Kit ist sicher in einem robusten Flightcase mit Rollen verpackt, inklusive [&hellip;]<\/p>\n","protected":false},"featured_media":15024,"template":"","meta":[],"product_cat":[725,164],"product_tag":[],"class_list":{"0":"post-15021","1":"product","2":"type-product","3":"status-publish","4":"has-post-thumbnail","6":"product_cat-reflektoren-de-2","7":"product_cat-reflektoren-de","9":"first","10":"instock","11":"featured","12":"shipping-taxable","13":"purchasable","14":"product-type-simple"},"_links":{"self":[{"href":"https:\/\/palmaequipmentrental.com\/de\/wp-json\/wp\/v2\/product\/15021","targetHints":{"allow":["GET"]}}],"collection":[{"href":"https:\/\/palmaequipmentrental.com\/de\/wp-json\/wp\/v2\/product"}],"about":[{"href":"https:\/\/palmaequipmentrental.com\/de\/wp-json\/wp\/v2\/types\/product"}],"wp:featuredmedia":[{"embeddable":true,"href":"https:\/\/palmaequipmentrental.com\/de\/wp-json\/wp\/v2\/media\/15024"}],"wp:attachment":[{"href":"https:\/\/palmaequipmentrental.com\/de\/wp-json\/wp\/v2\/media?parent=15021"}],"wp:term":[{"taxonomy":"product_cat","embeddable":true,"href":"https:\/\/palmaequipmentrental.com\/de\/wp-json\/wp\/v2\/product_cat?post=15021"},{"taxonomy":"product_tag","embeddable":true,"href":"https:\/\/palmaequipmentrental.com\/de\/wp-json\/wp\/v2\/product_tag?post=15021"}],"curies":[{"name":"wp","href":"https:\/\/api.w.org\/{rel}","templated":true}]}}