{"id":15033,"date":"2025-06-19T12:46:57","date_gmt":"2025-06-19T12:46:57","guid":{"rendered":"https:\/\/www.palmaequipmentrental.com\/?post_type=product&#038;p=15033"},"modified":"2025-06-19T12:54:10","modified_gmt":"2025-06-19T12:54:10","slug":"sony-zoom-lens-16-35mm","status":"publish","type":"product","link":"https:\/\/palmaequipmentrental.com\/de\/photo-video-equipment-mallorca\/sony-zoom-lens-16-35mm\/","title":{"rendered":"Sony FE 16\u201335mm f\/2.8 GM"},"content":{"rendered":"<div class=\"flex flex-grow flex-col max-w-full\">\n<div class=\"min-h-[20px] text-message flex flex-col items-start whitespace-pre-wrap break-words [.text-message+&amp;]:mt-5 juice:w-full juice:items-end overflow-x-auto gap-2\" dir=\"auto\" data-message-author-role=\"assistant\" data-message-id=\"ee37f0b3-c998-4b57-bb57-676f271202ba\">\n<div class=\"flex w-full flex-col gap-1 juice:empty:hidden juice:first:pt-[3px]\">\n<div class=\"markdown prose w-full break-words dark:prose-invert light\">\n<p data-start=\"1925\" data-end=\"2261\">Bei Palma Equipment Rental auf den Balearen erh\u00e4ltlich: Das Sony FE 16\u201335mm f\/2.8 GM ist ein Vollformat-Weitwinkel-Zoomobjektiv f\u00fcr professionelle Foto- und Videoproduktionen. Mit durchgehender Blende f\/2.8 und exzellenter Sch\u00e4rfe \u00fcber den gesamten Bildbereich ist es ideal f\u00fcr Landschaften, Mode, Architektur, Events und Gimbal-Setups.<\/p>\n<p data-start=\"2263\" data-end=\"2618\">Als Teil der hochwertigen G Master Serie von Sony bietet dieses Objektiv eine herausragende optische Leistung, mit speziellen Beschichtungen zur Reduzierung von Reflexionen, Verzerrungen und chromatischen Aberrationen. Der schnelle und leise Autofokus sowie das wetterfeste Geh\u00e4use machen es zu einem zuverl\u00e4ssigen Begleiter in anspruchsvollen Umgebungen.<\/p>\n<p data-start=\"2620\" data-end=\"2650\"><strong data-start=\"2620\" data-end=\"2650\">Wichtige technische Daten:<\/strong><\/p>\n<ul data-start=\"2652\" data-end=\"2993\">\n<li data-start=\"2652\" data-end=\"2676\">\n<p data-start=\"2654\" data-end=\"2676\">Brennweite: 16\u201335 mm<\/p>\n<\/li>\n<li data-start=\"2677\" data-end=\"2707\">\n<p data-start=\"2679\" data-end=\"2707\">Konstante Blende von f\/2.8<\/p>\n<\/li>\n<li data-start=\"2708\" data-end=\"2773\">\n<p data-start=\"2710\" data-end=\"2773\">G Master-Optik mit zwei XA-Elementen und Nano AR-Beschichtung<\/p>\n<\/li>\n<li data-start=\"2774\" data-end=\"2843\">\n<p data-start=\"2776\" data-end=\"2843\">Linearer SSM-Autofokusmotor f\u00fcr ruhiges und schnelles Fokussieren<\/p>\n<\/li>\n<li data-start=\"2844\" data-end=\"2884\">\n<p data-start=\"2846\" data-end=\"2884\">11-Blendenlamellen f\u00fcr sch\u00f6nes Bokeh<\/p>\n<\/li>\n<li data-start=\"2885\" data-end=\"2919\">\n<p data-start=\"2887\" data-end=\"2919\">Mindestfokussierabstand: 28 cm<\/p>\n<\/li>\n<li data-start=\"2920\" data-end=\"2948\">\n<p data-start=\"2922\" data-end=\"2948\">Filterdurchmesser: 82 mm<\/p>\n<\/li>\n<li data-start=\"2949\" data-end=\"2971\">\n<p data-start=\"2951\" data-end=\"2971\">Gewicht: ca. 680 g<\/p>\n<\/li>\n<li data-start=\"2972\" data-end=\"2993\">\n<p data-start=\"2974\" data-end=\"2993\">Wetterfestes Design<\/p>\n<\/li>\n<\/ul>\n<p data-start=\"2995\" data-end=\"3131\">Dieses Objektiv ist ein Favorit unter Profis, die ein lichtstarkes, flexibles Weitwinkelobjektiv mit h\u00f6chster Abbildungsleistung suchen.<\/p>\n<p data-start=\"3133\" data-end=\"3429\"><strong data-start=\"3133\" data-end=\"3159\">Palma Equipment Rental<\/strong> ist dein zuverl\u00e4ssiger Partner f\u00fcr Sony E-Mount-Objektive und professionelle Kameratechnik auf Mallorca, Ibiza, Menorca und Formentera. Ob f\u00fcr Werbekampagnen, Social Media Content oder Eventproduktionen \u2013 bei uns bekommst du modernes Equipment und reibungslose Abl\u00e4ufe.<\/p>\n<\/div>\n<\/div>\n<\/div>\n<\/div>\n","protected":false},"excerpt":{"rendered":"<p>Bei Palma Equipment Rental auf den Balearen erh\u00e4ltlich: Das Sony FE 16\u201335mm f\/2.8 GM ist ein Vollformat-Weitwinkel-Zoomobjektiv f\u00fcr professionelle Foto- und Videoproduktionen. Mit durchgehender Blende f\/2.8 und exzellenter Sch\u00e4rfe \u00fcber den gesamten Bildbereich ist es ideal f\u00fcr Landschaften, Mode, Architektur, Events und Gimbal-Setups. Als Teil der hochwertigen G Master Serie von Sony bietet dieses Objektiv eine herausragende optische Leistung, mit [&hellip;]<\/p>\n","protected":false},"featured_media":15036,"template":"","meta":[],"product_cat":[865,868],"product_tag":[],"class_list":{"0":"post-15033","1":"product","2":"type-product","3":"status-publish","4":"has-post-thumbnail","6":"product_cat-objektive-sony","7":"product_cat-objektive-sony-v","9":"first","10":"instock","11":"shipping-taxable","12":"purchasable","13":"product-type-simple"},"_links":{"self":[{"href":"https:\/\/palmaequipmentrental.com\/de\/wp-json\/wp\/v2\/product\/15033","targetHints":{"allow":["GET"]}}],"collection":[{"href":"https:\/\/palmaequipmentrental.com\/de\/wp-json\/wp\/v2\/product"}],"about":[{"href":"https:\/\/palmaequipmentrental.com\/de\/wp-json\/wp\/v2\/types\/product"}],"wp:featuredmedia":[{"embeddable":true,"href":"https:\/\/palmaequipmentrental.com\/de\/wp-json\/wp\/v2\/media\/15036"}],"wp:attachment":[{"href":"https:\/\/palmaequipmentrental.com\/de\/wp-json\/wp\/v2\/media?parent=15033"}],"wp:term":[{"taxonomy":"product_cat","embeddable":true,"href":"https:\/\/palmaequipmentrental.com\/de\/wp-json\/wp\/v2\/product_cat?post=15033"},{"taxonomy":"product_tag","embeddable":true,"href":"https:\/\/palmaequipmentrental.com\/de\/wp-json\/wp\/v2\/product_tag?post=15033"}],"curies":[{"name":"wp","href":"https:\/\/api.w.org\/{rel}","templated":true}]}}