{"id":15142,"date":"2025-09-29T13:38:14","date_gmt":"2025-09-29T13:38:14","guid":{"rendered":"https:\/\/www.palmaequipmentrental.com\/?post_type=product&#038;p=15142"},"modified":"2025-09-29T13:41:05","modified_gmt":"2025-09-29T13:41:05","slug":"mnk-kamera-hoop","status":"publish","type":"product","link":"https:\/\/palmaequipmentrental.com\/de\/photo-video-equipment-mallorca\/mnk-kamera-hoop\/","title":{"rendered":"MNK Kamera Hoop"},"content":{"rendered":"<p data-start=\"1754\" data-end=\"2081\">Leicht, funktional und robust \u2013 der <strong data-start=\"1790\" data-end=\"1807\">Mnk Hoop<\/strong>\u00a0ist eine clevere Montagem\u00f6glichkeit, um deine DSLR-Kamera sicher zu positionieren. Bei <strong data-start=\"1895\" data-end=\"1921\">Palma Equipment Rental<\/strong> auf Mallorca erh\u00e4ltlich, eignet sich dieser Aluminium- und Silikonring perfekt f\u00fcr den Einsatz im Studio oder bei Outdoor-Shootings auf den <strong data-start=\"2062\" data-end=\"2080\">Baleareninseln<\/strong>.<\/p>\n<p data-start=\"2083\" data-end=\"2457\">Mit einem <strong data-start=\"2093\" data-end=\"2135\">5\/8-Zoll-Spigot und flacher Unterseite<\/strong> l\u00e4sst sich der Hoop Slim einfach auf Stativen, Tischen oder Superclamps (035) befestigen \u2013 eine praktische L\u00f6sung f\u00fcr Fotograf:innen und Assistent:innen im Produktionsalltag. Der <strong data-start=\"2315\" data-end=\"2347\">Innen\u00addurchmesser von 125 mm<\/strong> passt f\u00fcr die meisten DSLR-Geh\u00e4use, w\u00e4hrend die <strong data-start=\"2396\" data-end=\"2426\">weiche Silikonbeschichtung<\/strong> f\u00fcr zus\u00e4tzlichen Schutz sorgt.<\/p>\n<p data-start=\"2459\" data-end=\"2694\">Auch wenn er nicht speziell f\u00fcr Tethering-Sessions entwickelt wurde, ist der Hoop Slim besonders hilfreich, wenn du deine Kamera zwischen den Aufnahmen sicher ablegen willst \u2013 vor allem, um empfindliche Anschl\u00fcsse und Ports zu schonen.<\/p>\n<ul data-start=\"2696\" data-end=\"2898\">\n<li data-start=\"2696\" data-end=\"2724\">\n<p data-start=\"2698\" data-end=\"2724\">Innendurchmesser: 125 mm<\/p>\n<\/li>\n<li data-start=\"2725\" data-end=\"2766\">\n<p data-start=\"2727\" data-end=\"2766\">Aus Aluminium mit Silikonbeschichtung<\/p>\n<\/li>\n<li data-start=\"2767\" data-end=\"2797\">\n<p data-start=\"2769\" data-end=\"2797\">Kompatibel mit 5\/8\u201d Spigot<\/p>\n<\/li>\n<li data-start=\"2798\" data-end=\"2826\">\n<p data-start=\"2800\" data-end=\"2826\">Ideal f\u00fcr Superclamp 035<\/p>\n<\/li>\n<li data-start=\"2827\" data-end=\"2849\">\n<p data-start=\"2829\" data-end=\"2849\">Gewicht: ca. 270 g<\/p>\n<\/li>\n<li data-start=\"2850\" data-end=\"2871\">\n<p data-start=\"2852\" data-end=\"2871\">Tragkraft: 5\u20136 kg<\/p>\n<\/li>\n<li data-start=\"2872\" data-end=\"2898\">\n<p data-start=\"2874\" data-end=\"2898\">Hergestellt in Spanien<\/p>\n<\/li>\n<\/ul>\n<p data-start=\"2900\" data-end=\"3145\"><strong data-start=\"2900\" data-end=\"2926\">Palma Equipment Rental<\/strong> vermietet professionelles Foto-, Video- und Produktionsequipment auf <strong data-start=\"2996\" data-end=\"3039\">Mallorca, Ibiza, Menorca und Formentera<\/strong>. Wir sind dein lokaler Partner f\u00fcr reibungslose Abl\u00e4ufe und verl\u00e4ssliche Technik auf deinem n\u00e4chsten Set.<\/p>\n","protected":false},"excerpt":{"rendered":"<p>Leicht, funktional und robust \u2013 der Mnk Hoop\u00a0ist eine clevere Montagem\u00f6glichkeit, um deine DSLR-Kamera sicher zu positionieren. Bei Palma Equipment Rental auf Mallorca erh\u00e4ltlich, eignet sich dieser Aluminium- und Silikonring perfekt f\u00fcr den Einsatz im Studio oder bei Outdoor-Shootings auf den Baleareninseln. Mit einem 5\/8-Zoll-Spigot und flacher Unterseite l\u00e4sst sich der Hoop Slim einfach auf Stativen, Tischen oder Superclamps (035) [&hellip;]<\/p>\n","protected":false},"featured_media":15141,"template":"","meta":[],"product_cat":[754],"product_tag":[],"class_list":{"0":"post-15142","1":"product","2":"type-product","3":"status-publish","4":"has-post-thumbnail","6":"product_cat-digitaler-workstation","8":"first","9":"instock","10":"shipping-taxable","11":"purchasable","12":"product-type-simple"},"_links":{"self":[{"href":"https:\/\/palmaequipmentrental.com\/de\/wp-json\/wp\/v2\/product\/15142","targetHints":{"allow":["GET"]}}],"collection":[{"href":"https:\/\/palmaequipmentrental.com\/de\/wp-json\/wp\/v2\/product"}],"about":[{"href":"https:\/\/palmaequipmentrental.com\/de\/wp-json\/wp\/v2\/types\/product"}],"wp:featuredmedia":[{"embeddable":true,"href":"https:\/\/palmaequipmentrental.com\/de\/wp-json\/wp\/v2\/media\/15141"}],"wp:attachment":[{"href":"https:\/\/palmaequipmentrental.com\/de\/wp-json\/wp\/v2\/media?parent=15142"}],"wp:term":[{"taxonomy":"product_cat","embeddable":true,"href":"https:\/\/palmaequipmentrental.com\/de\/wp-json\/wp\/v2\/product_cat?post=15142"},{"taxonomy":"product_tag","embeddable":true,"href":"https:\/\/palmaequipmentrental.com\/de\/wp-json\/wp\/v2\/product_tag?post=15142"}],"curies":[{"name":"wp","href":"https:\/\/api.w.org\/{rel}","templated":true}]}}