{"id":15230,"date":"2025-10-13T11:46:30","date_gmt":"2025-10-13T11:46:30","guid":{"rendered":"https:\/\/www.palmaequipmentrental.com\/?post_type=product&#038;p=15230"},"modified":"2025-10-13T11:51:54","modified_gmt":"2025-10-13T11:51:54","slug":"posiertisch-mit-rollen","status":"publish","type":"product","link":"https:\/\/palmaequipmentrental.com\/de\/photo-video-equipment-mallorca\/posiertisch-mit-rollen\/","title":{"rendered":"Posiertisch mit Rollen"},"content":{"rendered":"<p data-start=\"1871\" data-end=\"2204\">Unser Posiertisch mit Rollen ist eine praktische und vielseitige L\u00f6sung f\u00fcr Studio- oder On-Location-Shootings auf Mallorca, Ibiza, Menorca und Formentera. Entwickelt f\u00fcr Fotograf:innen und Stylist:innen, die eine mobile Oberfl\u00e4che ben\u00f6tigen, l\u00e4sst sich dieser leichte Tisch m\u00fchelos bewegen und beschleunigt den Arbeitsablauf am Set.<\/p>\n<p data-start=\"2206\" data-end=\"2479\">Ideal f\u00fcr sitzende Portr\u00e4ts, Produktfotografie oder f\u00fcr Make-up- und Styling-Aufgaben im Hintergrund \u2013 der Tisch bietet eine stabile Arbeitsfl\u00e4che mit funktionalem Design. Besonders beliebt bei Mode- und Beauty-Shootings, wo Flexibilit\u00e4t und schnelles Handeln gefragt sind.<\/p>\n<p data-start=\"2481\" data-end=\"2653\">Der Tisch rollt sanft \u00fcber Studiob\u00f6den oder andere Fl\u00e4chen und l\u00e4sst sich dank seines offenen Rahmens einfach reinigen, transportieren und in bestehende Setups integrieren.<\/p>\n<p data-start=\"2655\" data-end=\"2673\"><strong data-start=\"2655\" data-end=\"2673\">Hauptmerkmale:<\/strong><\/p>\n<ul data-start=\"2674\" data-end=\"2929\">\n<li data-start=\"2674\" data-end=\"2707\">\n<p data-start=\"2676\" data-end=\"2707\">Leichter, mobiler Posiertisch<\/p>\n<\/li>\n<li data-start=\"2708\" data-end=\"2744\">\n<p data-start=\"2710\" data-end=\"2744\">Einfaches Umpositionieren am Set<\/p>\n<\/li>\n<li data-start=\"2745\" data-end=\"2800\">\n<p data-start=\"2747\" data-end=\"2800\">Perfekt f\u00fcr Portr\u00e4t-, Beauty- und Produktfotografie<\/p>\n<\/li>\n<li data-start=\"2801\" data-end=\"2853\">\n<p data-start=\"2803\" data-end=\"2853\">Auch ideal f\u00fcr Make-up-Artists und Stylist:innen<\/p>\n<\/li>\n<li data-start=\"2854\" data-end=\"2929\">\n<p data-start=\"2856\" data-end=\"2929\">Neutrale Oberfl\u00e4che und stabiles Design f\u00fcr den professionellen Einsatz<\/p>\n<\/li>\n<\/ul>\n<p data-start=\"2931\" data-end=\"3250\"><strong data-start=\"2931\" data-end=\"2957\">Palma Equipment Rental<\/strong> unterst\u00fctzt Fotograf:innen, Filmemacher:innen und Kreativteams mit dem passenden Equipment f\u00fcr effiziente und professionelle Produktionen. Wir bieten eine gro\u00dfe Auswahl an Foto-, Video-, Produktions- und Stylingausstattung auf den Balearen \u2013 inklusive Lieferung und technischer Unterst\u00fctzung.<\/p>\n","protected":false},"excerpt":{"rendered":"<p>Unser Posiertisch mit Rollen ist eine praktische und vielseitige L\u00f6sung f\u00fcr Studio- oder On-Location-Shootings auf Mallorca, Ibiza, Menorca und Formentera. Entwickelt f\u00fcr Fotograf:innen und Stylist:innen, die eine mobile Oberfl\u00e4che ben\u00f6tigen, l\u00e4sst sich dieser leichte Tisch m\u00fchelos bewegen und beschleunigt den Arbeitsablauf am Set. Ideal f\u00fcr sitzende Portr\u00e4ts, Produktfotografie oder f\u00fcr Make-up- und Styling-Aufgaben im Hintergrund \u2013 der Tisch bietet eine [&hellip;]<\/p>\n","protected":false},"featured_media":15233,"template":"","meta":[],"product_cat":[125],"product_tag":[],"class_list":{"0":"post-15230","1":"product","2":"type-product","3":"status-publish","4":"has-post-thumbnail","6":"product_cat-produktion-de","8":"first","9":"instock","10":"shipping-taxable","11":"purchasable","12":"product-type-simple"},"_links":{"self":[{"href":"https:\/\/palmaequipmentrental.com\/de\/wp-json\/wp\/v2\/product\/15230","targetHints":{"allow":["GET"]}}],"collection":[{"href":"https:\/\/palmaequipmentrental.com\/de\/wp-json\/wp\/v2\/product"}],"about":[{"href":"https:\/\/palmaequipmentrental.com\/de\/wp-json\/wp\/v2\/types\/product"}],"wp:featuredmedia":[{"embeddable":true,"href":"https:\/\/palmaequipmentrental.com\/de\/wp-json\/wp\/v2\/media\/15233"}],"wp:attachment":[{"href":"https:\/\/palmaequipmentrental.com\/de\/wp-json\/wp\/v2\/media?parent=15230"}],"wp:term":[{"taxonomy":"product_cat","embeddable":true,"href":"https:\/\/palmaequipmentrental.com\/de\/wp-json\/wp\/v2\/product_cat?post=15230"},{"taxonomy":"product_tag","embeddable":true,"href":"https:\/\/palmaequipmentrental.com\/de\/wp-json\/wp\/v2\/product_tag?post=15230"}],"curies":[{"name":"wp","href":"https:\/\/api.w.org\/{rel}","templated":true}]}}