{"id":15239,"date":"2025-11-11T15:48:45","date_gmt":"2025-11-11T15:48:45","guid":{"rendered":"https:\/\/www.palmaequipmentrental.com\/?post_type=product&#038;p=15239"},"modified":"2025-11-11T16:19:35","modified_gmt":"2025-11-11T16:19:35","slug":"floppy-gebleichter-musselin-fahne-4x4","status":"publish","type":"product","link":"https:\/\/palmaequipmentrental.com\/de\/photo-video-equipment-mallorca\/floppy-gebleichter-musselin-fahne-4x4\/","title":{"rendered":"Floppy Gebleichter Musselin Fahne 4&#215;4&#8242;"},"content":{"rendered":"<p data-start=\"1472\" data-end=\"2032\">Die <strong data-start=\"1476\" data-end=\"1511\">4&#215;4 Bleached Muslin Floppy Flag<\/strong> ist ein vielseitiges Beleuchtungswerkzeug, das entwickelt wurde, um Licht auf nat\u00fcrliche und neutrale Weise zu soften, zu diffundieren oder zur\u00fcckzuwerfen. Hergestellt aus hochwertigem, gebleichtem Musselin auf einem stabilen Stahlrahmen, sorgt sie f\u00fcr eine gleichm\u00e4\u00dfige und weiche Diffusion \u2013 ideal f\u00fcr Beauty-, Portr\u00e4t- und Produktaufnahmen. Das klappbare Panel verdoppelt ihre Gr\u00f6\u00dfe auf <strong data-start=\"1902\" data-end=\"1928\">4&#215;8 Fu\u00df (120 x 240 cm)<\/strong> und erm\u00f6glicht eine gr\u00f6\u00dfere Abdeckung oder die schnelle Umwandlung in eine gr\u00f6\u00dfere Reflektionsfl\u00e4che.<\/p>\n<p data-start=\"2034\" data-end=\"2056\"><strong data-start=\"2034\" data-end=\"2054\">Technische Daten<\/strong><\/p>\n<ul data-start=\"2057\" data-end=\"2281\">\n<li data-start=\"2057\" data-end=\"2123\">\n<p data-start=\"2059\" data-end=\"2123\">4&#215;4 Fu\u00df (120 x 120 cm), erweiterbar auf 4&#215;8 Fu\u00df (120 x 240 cm)<\/p>\n<\/li>\n<li data-start=\"2124\" data-end=\"2177\">\n<p data-start=\"2126\" data-end=\"2177\">Gebleichter, wei\u00dfer Musselinstoff auf Stahlrahmen<\/p>\n<\/li>\n<li data-start=\"2178\" data-end=\"2230\">\n<p data-start=\"2180\" data-end=\"2230\">3\/8&#8243; (10 mm) Pinhalterung f\u00fcr Standard-Gripk\u00f6pfe<\/p>\n<\/li>\n<li data-start=\"2231\" data-end=\"2266\">\n<p data-start=\"2233\" data-end=\"2266\">Leicht und einfach zu handhaben<\/p>\n<\/li>\n<li data-start=\"2267\" data-end=\"2281\">\n<p data-start=\"2269\" data-end=\"2281\">Ca. 3,5 kg<\/p>\n<\/li>\n<\/ul>\n<p data-start=\"2283\" data-end=\"2636\">Ideal zum Ausgleich von Kontrasten und zum Weichzeichnen von hartem Licht \u2013 die <strong data-start=\"2363\" data-end=\"2393\">4&#215;4 Bleached Muslin Floppy<\/strong> ist sowohl im Studio als auch on location unverzichtbar. Jetzt erh\u00e4ltlich bei <strong data-start=\"2472\" data-end=\"2498\">Palma Equipment Rental<\/strong> in <strong data-start=\"2502\" data-end=\"2523\">Palma de Mallorca<\/strong>, dem professionellen Verleih f\u00fcr <strong data-start=\"2557\" data-end=\"2601\">Grip-, Beleuchtungs- und Kameraequipment<\/strong> auf den <strong data-start=\"2610\" data-end=\"2633\">Balearischen Inseln<\/strong>.<\/p>\n","protected":false},"excerpt":{"rendered":"<p>Die 4&#215;4 Bleached Muslin Floppy Flag ist ein vielseitiges Beleuchtungswerkzeug, das entwickelt wurde, um Licht auf nat\u00fcrliche und neutrale Weise zu soften, zu diffundieren oder zur\u00fcckzuwerfen. Hergestellt aus hochwertigem, gebleichtem Musselin auf einem stabilen Stahlrahmen, sorgt sie f\u00fcr eine gleichm\u00e4\u00dfige und weiche Diffusion \u2013 ideal f\u00fcr Beauty-, Portr\u00e4t- und Produktaufnahmen. Das klappbare Panel verdoppelt ihre Gr\u00f6\u00dfe auf 4&#215;8 Fu\u00df (120 [&hellip;]<\/p>\n","protected":false},"featured_media":15242,"template":"","meta":[],"product_cat":[728,163],"product_tag":[],"class_list":{"0":"post-15239","1":"product","2":"type-product","3":"status-publish","4":"has-post-thumbnail","6":"product_cat-flags-nets","7":"product_cat-fahnen","9":"first","10":"instock","11":"shipping-taxable","12":"purchasable","13":"product-type-simple"},"_links":{"self":[{"href":"https:\/\/palmaequipmentrental.com\/de\/wp-json\/wp\/v2\/product\/15239","targetHints":{"allow":["GET"]}}],"collection":[{"href":"https:\/\/palmaequipmentrental.com\/de\/wp-json\/wp\/v2\/product"}],"about":[{"href":"https:\/\/palmaequipmentrental.com\/de\/wp-json\/wp\/v2\/types\/product"}],"wp:featuredmedia":[{"embeddable":true,"href":"https:\/\/palmaequipmentrental.com\/de\/wp-json\/wp\/v2\/media\/15242"}],"wp:attachment":[{"href":"https:\/\/palmaequipmentrental.com\/de\/wp-json\/wp\/v2\/media?parent=15239"}],"wp:term":[{"taxonomy":"product_cat","embeddable":true,"href":"https:\/\/palmaequipmentrental.com\/de\/wp-json\/wp\/v2\/product_cat?post=15239"},{"taxonomy":"product_tag","embeddable":true,"href":"https:\/\/palmaequipmentrental.com\/de\/wp-json\/wp\/v2\/product_tag?post=15239"}],"curies":[{"name":"wp","href":"https:\/\/api.w.org\/{rel}","templated":true}]}}