{"id":15245,"date":"2025-11-11T16:02:52","date_gmt":"2025-11-11T16:02:52","guid":{"rendered":"https:\/\/www.palmaequipmentrental.com\/?post_type=product&#038;p=15245"},"modified":"2025-11-11T16:10:44","modified_gmt":"2025-11-11T16:10:44","slug":"floppy-ungebleichter-musselin-fahne-4x4","status":"publish","type":"product","link":"https:\/\/palmaequipmentrental.com\/de\/photo-video-equipment-mallorca\/floppy-ungebleichter-musselin-fahne-4x4\/","title":{"rendered":"Floppy Ungebleichter Musselin Fahne 4&#215;4&#8242;"},"content":{"rendered":"<p data-start=\"1447\" data-end=\"1906\">Die <strong data-start=\"1451\" data-end=\"1488\">4&#215;4 Unbleached Muslin Floppy Flag<\/strong> sorgt f\u00fcr eine weiche, warme Lichtdiffusion mit einem dezenten, nat\u00fcrlichen Ton. Hergestellt aus ungebleichtem Musselin auf einem stabilen Stahlrahmen, erzeugt sie sanfte Kontraste und angenehme W\u00e4rme \u2013 ideal f\u00fcr Hautt\u00f6ne und nat\u00fcrliches Bounce-Licht. Das klappbare Panel verdoppelt ihre Gr\u00f6\u00dfe auf <strong data-start=\"1787\" data-end=\"1813\">4&#215;8 Fu\u00df (120 x 240 cm)<\/strong> und bietet flexible Abdeckung, egal ob als Diffusion, Reflektor oder zur Lichtabschirmung.<\/p>\n<p data-start=\"1908\" data-end=\"1930\"><strong data-start=\"1908\" data-end=\"1928\">Technische Daten<\/strong><\/p>\n<ul data-start=\"1931\" data-end=\"2162\">\n<li data-start=\"1931\" data-end=\"1997\">\n<p data-start=\"1933\" data-end=\"1997\">4&#215;4 Fu\u00df (120 x 120 cm), erweiterbar auf 4&#215;8 Fu\u00df (120 x 240 cm)<\/p>\n<\/li>\n<li data-start=\"1998\" data-end=\"2058\">\n<p data-start=\"2000\" data-end=\"2058\">Ungebleichter, nat\u00fcrlicher Musselinstoff auf Stahlrahmen<\/p>\n<\/li>\n<li data-start=\"2059\" data-end=\"2111\">\n<p data-start=\"2061\" data-end=\"2111\">3\/8&#8243; (10 mm) Pinhalterung f\u00fcr Standard-Gripk\u00f6pfe<\/p>\n<\/li>\n<li data-start=\"2112\" data-end=\"2147\">\n<p data-start=\"2114\" data-end=\"2147\">Diffusionsfl\u00e4che mit warmem Ton<\/p>\n<\/li>\n<li data-start=\"2148\" data-end=\"2162\">\n<p data-start=\"2150\" data-end=\"2162\">Ca. 3,5 kg<\/p>\n<\/li>\n<\/ul>\n<p data-start=\"2164\" data-end=\"2531\">Beliebt bei Kameraleuten, die nat\u00fcrliches und schmeichelhaftes Licht bevorzugen \u2013 die <strong data-start=\"2250\" data-end=\"2282\">4&#215;4 Unbleached Muslin Floppy<\/strong> bietet organische Diffusion und sanfte Reflexion an jedem Set. Jetzt erh\u00e4ltlich bei <strong data-start=\"2367\" data-end=\"2393\">Palma Equipment Rental<\/strong> in <strong data-start=\"2397\" data-end=\"2418\">Palma de Mallorca<\/strong>, dem professionellen Verleih f\u00fcr <strong data-start=\"2452\" data-end=\"2496\">Grip-, Beleuchtungs- und Kameraequipment<\/strong> auf den <strong data-start=\"2505\" data-end=\"2528\">Balearischen Inseln<\/strong>.<\/p>\n","protected":false},"excerpt":{"rendered":"<p>Die 4&#215;4 Unbleached Muslin Floppy Flag sorgt f\u00fcr eine weiche, warme Lichtdiffusion mit einem dezenten, nat\u00fcrlichen Ton. Hergestellt aus ungebleichtem Musselin auf einem stabilen Stahlrahmen, erzeugt sie sanfte Kontraste und angenehme W\u00e4rme \u2013 ideal f\u00fcr Hautt\u00f6ne und nat\u00fcrliches Bounce-Licht. Das klappbare Panel verdoppelt ihre Gr\u00f6\u00dfe auf 4&#215;8 Fu\u00df (120 x 240 cm) und bietet flexible Abdeckung, egal ob als Diffusion, [&hellip;]<\/p>\n","protected":false},"featured_media":15248,"template":"","meta":[],"product_cat":[728,163],"product_tag":[],"class_list":{"0":"post-15245","1":"product","2":"type-product","3":"status-publish","4":"has-post-thumbnail","6":"product_cat-flags-nets","7":"product_cat-fahnen","9":"first","10":"instock","11":"shipping-taxable","12":"purchasable","13":"product-type-simple"},"_links":{"self":[{"href":"https:\/\/palmaequipmentrental.com\/de\/wp-json\/wp\/v2\/product\/15245","targetHints":{"allow":["GET"]}}],"collection":[{"href":"https:\/\/palmaequipmentrental.com\/de\/wp-json\/wp\/v2\/product"}],"about":[{"href":"https:\/\/palmaequipmentrental.com\/de\/wp-json\/wp\/v2\/types\/product"}],"wp:featuredmedia":[{"embeddable":true,"href":"https:\/\/palmaequipmentrental.com\/de\/wp-json\/wp\/v2\/media\/15248"}],"wp:attachment":[{"href":"https:\/\/palmaequipmentrental.com\/de\/wp-json\/wp\/v2\/media?parent=15245"}],"wp:term":[{"taxonomy":"product_cat","embeddable":true,"href":"https:\/\/palmaequipmentrental.com\/de\/wp-json\/wp\/v2\/product_cat?post=15245"},{"taxonomy":"product_tag","embeddable":true,"href":"https:\/\/palmaequipmentrental.com\/de\/wp-json\/wp\/v2\/product_tag?post=15245"}],"curies":[{"name":"wp","href":"https:\/\/api.w.org\/{rel}","templated":true}]}}