{"id":15298,"date":"2026-03-10T14:54:18","date_gmt":"2026-03-10T14:54:18","guid":{"rendered":"https:\/\/www.palmaequipmentrental.com\/?post_type=product&#038;p=15298"},"modified":"2026-03-10T14:57:27","modified_gmt":"2026-03-10T14:57:27","slug":"super-8","status":"publish","type":"product","link":"https:\/\/palmaequipmentrental.com\/de\/photo-video-equipment-mallorca\/super-8\/","title":{"rendered":"Canon Auto Zoom 1014 Super 8mm Camera"},"content":{"rendered":"<p data-start=\"1642\" data-end=\"2352\">Die <strong data-start=\"1646\" data-end=\"1687\">Canon Auto Zoom 1014 Super 8mm Camera<\/strong> ist eine legend\u00e4re Super-8-Filmkamera, die bei <strong data-start=\"1735\" data-end=\"1761\">Palma Equipment Rental<\/strong> zur Miete verf\u00fcgbar ist und sich perfekt f\u00fcr Produktionen eignet, die authentische analoge Bewegung und die unverwechselbare Textur von echtem Film einfangen m\u00f6chten. Bei Filmemachern, Fashion-Creatives und Werbeproduktionen sehr beliebt, liefert die 1014 beeindruckende cineastische Bilder dank ihres lichtstarken Objektivs, pr\u00e4ziser Belichtungssteuerung und dem klassischen Super-8-Look. Eine ideale Wahl f\u00fcr Musikvideos, Fashion-Kampagnen, Editorial-Shootings und Filmprojekte, die einen echten Vintage-Look suchen und gleichzeitig zuverl\u00e4ssige professionelle Kontrolle am Set ben\u00f6tigen.<\/p>\n<p data-start=\"2354\" data-end=\"2376\"><strong data-start=\"2354\" data-end=\"2376\">Technische Details<\/strong><\/p>\n<ul data-start=\"2377\" data-end=\"2750\">\n<li data-section-id=\"1cbss4h\" data-start=\"2377\" data-end=\"2422\">\n<p data-start=\"2379\" data-end=\"2422\">Canon 7,5\u201375mm <strong data-start=\"2394\" data-end=\"2420\">10x Makro-Zoomobjektiv<\/strong><\/p>\n<\/li>\n<li data-section-id=\"1szf70b\" data-start=\"2423\" data-end=\"2491\">\n<p data-start=\"2425\" data-end=\"2491\">Lichtstarke <strong data-start=\"2437\" data-end=\"2453\">f\/1.4 Blende<\/strong> f\u00fcr sehr gute Low-Light-Performance<\/p>\n<\/li>\n<li data-section-id=\"22kit8\" data-start=\"2492\" data-end=\"2514\">\n<p data-start=\"2494\" data-end=\"2514\">Super-8-Filmformat<\/p>\n<\/li>\n<li data-section-id=\"a5mdme\" data-start=\"2515\" data-end=\"2562\">\n<p data-start=\"2517\" data-end=\"2562\"><strong data-start=\"2517\" data-end=\"2536\">18fps und 24fps<\/strong> Aufnahmegeschwindigkeit<\/p>\n<\/li>\n<li data-section-id=\"1k0mxot\" data-start=\"2563\" data-end=\"2613\">\n<p data-start=\"2565\" data-end=\"2613\">Automatische und manuelle Belichtungssteuerung<\/p>\n<\/li>\n<li data-section-id=\"161f1qp\" data-start=\"2614\" data-end=\"2637\">\n<p data-start=\"2616\" data-end=\"2637\">Makrofokus-Funktion<\/p>\n<\/li>\n<li data-section-id=\"1lpusog\" data-start=\"2638\" data-end=\"2689\">\n<p data-start=\"2640\" data-end=\"2689\">Heller Reflexsucher f\u00fcr pr\u00e4zise Bildkomposition<\/p>\n<\/li>\n<li data-section-id=\"1nrkrup\" data-start=\"2690\" data-end=\"2750\">\n<p data-start=\"2692\" data-end=\"2750\">Robuste Metallkonstruktion im klassischen Vintage-Design<\/p>\n<\/li>\n<\/ul>\n<p data-start=\"2752\" data-end=\"2889\">Ideal f\u00fcr Produktionen, die echtes Filmkorn, organische Bewegung und eine nostalgische \u00c4sthetik suchen, die digital kaum nachzuahmen ist.<\/p>\n<p data-start=\"2891\" data-end=\"3401\" data-is-last-node=\"\" data-is-only-node=\"\"><strong data-start=\"2891\" data-end=\"2917\">Palma Equipment Rental<\/strong> vermietet professionelles Kamera-, Licht-, Digital- und Grip-Equipment an Fotografen, Filmemacher und Produktionsfirmen auf <strong data-start=\"3042\" data-end=\"3116\">Mallorca, Menorca, Ibiza, Formentera sowie auf dem spanischen Festland<\/strong>. Wir unterst\u00fctzen Fashion-, Werbe- und kommerzielle Produktionen mit Marken wie <strong data-start=\"3197\" data-end=\"3245\">Canon, Arri, Profoto, Aputure und Blackmagic<\/strong> sowie Digital-Tech-, Grip- und Stylisten-Equipment, Lieferung, Equipment-Fahrzeugen und <strong data-start=\"3334\" data-end=\"3362\">24\/7 technischem Support<\/strong> f\u00fcr einen reibungslosen Ablauf am Set.<\/p>\n","protected":false},"excerpt":{"rendered":"<p>Die Canon Auto Zoom 1014 Super 8mm Camera ist eine legend\u00e4re Super-8-Filmkamera, die bei Palma Equipment Rental zur Miete verf\u00fcgbar ist und sich perfekt f\u00fcr Produktionen eignet, die authentische analoge Bewegung und die unverwechselbare Textur von echtem Film einfangen m\u00f6chten. Bei Filmemachern, Fashion-Creatives und Werbeproduktionen sehr beliebt, liefert die 1014 beeindruckende cineastische Bilder dank ihres lichtstarken Objektivs, pr\u00e4ziser Belichtungssteuerung und [&hellip;]<\/p>\n","protected":false},"featured_media":15301,"template":"","meta":[],"product_cat":[142,169],"product_tag":[],"class_list":{"0":"post-15298","1":"product","2":"type-product","3":"status-publish","4":"has-post-thumbnail","6":"product_cat-kamera-body","7":"product_cat-kamera-body-de","9":"first","10":"instock","11":"shipping-taxable","12":"purchasable","13":"product-type-simple"},"_links":{"self":[{"href":"https:\/\/palmaequipmentrental.com\/de\/wp-json\/wp\/v2\/product\/15298","targetHints":{"allow":["GET"]}}],"collection":[{"href":"https:\/\/palmaequipmentrental.com\/de\/wp-json\/wp\/v2\/product"}],"about":[{"href":"https:\/\/palmaequipmentrental.com\/de\/wp-json\/wp\/v2\/types\/product"}],"wp:featuredmedia":[{"embeddable":true,"href":"https:\/\/palmaequipmentrental.com\/de\/wp-json\/wp\/v2\/media\/15301"}],"wp:attachment":[{"href":"https:\/\/palmaequipmentrental.com\/de\/wp-json\/wp\/v2\/media?parent=15298"}],"wp:term":[{"taxonomy":"product_cat","embeddable":true,"href":"https:\/\/palmaequipmentrental.com\/de\/wp-json\/wp\/v2\/product_cat?post=15298"},{"taxonomy":"product_tag","embeddable":true,"href":"https:\/\/palmaequipmentrental.com\/de\/wp-json\/wp\/v2\/product_tag?post=15298"}],"curies":[{"name":"wp","href":"https:\/\/api.w.org\/{rel}","templated":true}]}}