{"id":3083,"date":"2015-02-26T15:00:07","date_gmt":"2015-02-26T15:00:07","guid":{"rendered":"http:\/\/www.palmaequipmentrental.com\/product\/pro-b4-1000-air-copy-2\/"},"modified":"2025-06-24T13:43:16","modified_gmt":"2025-06-24T13:43:16","slug":"profoto-pro-8a-2400","status":"publish","type":"product","link":"https:\/\/palmaequipmentrental.com\/de\/photo-video-equipment-mallorca\/profoto-pro-8a-2400\/","title":{"rendered":"Profoto Pro-8a 2400"},"content":{"rendered":"<div class=\"pos-prodintrotext-wrapper\">\n<div class=\"pos-prodintrotext\">\n<p><strong>Anspruchsvolle Fotografen brauchen leistungsstarke, zuverl\u00e4ssige Werkzeuge.<\/strong><\/p>\n<p>Deshalb sind Profoto Generatoren die weltweit am meisten vermieteten Blitzgeneratoren. Jetzt setzen wir mit dem Pro-8a Air einen neuen Standard in der Studioblitzfotografie &#8211; ein unverw\u00fcstliches, robustes, einfach zu bedienendes Arbeitstier &#8211; gebaut f\u00fcr pr\u00e4zises, digitales Arbeiten, Tag f\u00fcr Tag.<\/p>\n<p><strong>Merkmale<\/strong><\/p>\n<\/div>\n<\/div>\n<div class=\"pos-produsp-wrapper\">\n<div class=\"pos-produsp\">\n<div class=\"element element-text first last\">\n<ul>\n<li>ein unerreichtes Leistungsniveau in bezug auf Leuchtzeiten (1\/12000 s)<\/li>\n<li>Blitzfolgezeiten bei 1200 Ws von 0,5 s<\/li>\n<li>20 Blitze in der Sekunde und 1000 Blitze mit voller Leistung in der Stunde<\/li>\n<li>Pr\u00e4zision von 1\/50 Blendenstufe bei allen Leistungsstufen<\/li>\n<li>10 Blendenstufen, von 4,7 Ws bis zu 2400 Ws, in 1\/10 Blendenstufen<\/li>\n<li>Bereich von \u00a0Die Farbstabilit\u00e4t liegt bei 40\u00b0 K von Blitz zu Blitz im eingestellten Leistungsbereich<\/li>\n<\/ul>\n<\/div>\n<\/div>\n<\/div>\n<p>&nbsp;<\/p>\n<p>&nbsp;<\/p>\n<p>&nbsp;<\/p>\n<p>&nbsp;<\/p>\n<p>&nbsp;<\/p>\n<p>&nbsp;<\/p>\n<p>&nbsp;<\/p>\n<p>&nbsp;<\/p>\n<p class=\"MsoNormal\"><span style=\"line-height: normal;\">\u00a0<\/span><\/p>\n<div><\/div>\n<p class=\"MsoNormal\" style=\"mso-margin-top-alt: auto; mso-margin-bottom-alt: auto; line-height: normal;\"><span style=\"font-family: Tahoma, sans-serif; color: #a6a6a6;\">\u00a0<\/span><\/p>\n<p>&nbsp;<\/p>\n","protected":false},"excerpt":{"rendered":"<p>Anspruchsvolle Fotografen brauchen leistungsstarke, zuverl\u00e4ssige Werkzeuge. Deshalb sind Profoto Generatoren die weltweit am meisten vermieteten Blitzgeneratoren. Jetzt setzen wir mit dem Pro-8a Air einen neuen Standard in der Studioblitzfotografie &#8211; ein unverw\u00fcstliches, robustes, einfach zu bedienendes Arbeitstier &#8211; gebaut f\u00fcr pr\u00e4zises, digitales Arbeiten, Tag f\u00fcr Tag. Merkmale ein unerreichtes Leistungsniveau in bezug auf Leuchtzeiten (1\/12000 s) Blitzfolgezeiten bei 1200 Ws [&hellip;]<\/p>\n","protected":false},"featured_media":6534,"template":"","meta":[],"product_cat":[116],"product_tag":[],"class_list":{"0":"post-3083","1":"product","2":"type-product","3":"status-publish","4":"has-post-thumbnail","6":"product_cat-flash-generators-de","8":"first","9":"instock","10":"shipping-taxable","11":"purchasable","12":"product-type-simple"},"_links":{"self":[{"href":"https:\/\/palmaequipmentrental.com\/de\/wp-json\/wp\/v2\/product\/3083","targetHints":{"allow":["GET"]}}],"collection":[{"href":"https:\/\/palmaequipmentrental.com\/de\/wp-json\/wp\/v2\/product"}],"about":[{"href":"https:\/\/palmaequipmentrental.com\/de\/wp-json\/wp\/v2\/types\/product"}],"wp:featuredmedia":[{"embeddable":true,"href":"https:\/\/palmaequipmentrental.com\/de\/wp-json\/wp\/v2\/media\/6534"}],"wp:attachment":[{"href":"https:\/\/palmaequipmentrental.com\/de\/wp-json\/wp\/v2\/media?parent=3083"}],"wp:term":[{"taxonomy":"product_cat","embeddable":true,"href":"https:\/\/palmaequipmentrental.com\/de\/wp-json\/wp\/v2\/product_cat?post=3083"},{"taxonomy":"product_tag","embeddable":true,"href":"https:\/\/palmaequipmentrental.com\/de\/wp-json\/wp\/v2\/product_tag?post=3083"}],"curies":[{"name":"wp","href":"https:\/\/api.w.org\/{rel}","templated":true}]}}