{"id":3102,"date":"2015-01-23T13:38:05","date_gmt":"2015-01-23T13:38:05","guid":{"rendered":"http:\/\/www.palmaequipmentrental.com\/product\/prohead-plus-2\/"},"modified":"2024-01-14T15:31:10","modified_gmt":"2024-01-14T15:31:10","slug":"prohead-plus","status":"publish","type":"product","link":"https:\/\/palmaequipmentrental.com\/de\/photo-video-equipment-mallorca\/prohead-plus\/","title":{"rendered":"Profoto ProHead Plus"},"content":{"rendered":"<p>Unser ProHead Plus<span lang=\"de\">\u00a0enth\u00e4lt einen Standard Pro Zoom Reflektor.<\/span><\/p>\n<p>Dies ist der Standardblitzkopf f\u00fcr unsere Pro-Studiogeneratoren. Er ist extrem leicht und kompakt, dabei aber genauso zuverl\u00e4ssig und robust wie die Pro-Generatoren. Der ProHead Plus ist mit mehr als 120\u00a0Profoto-Lichtformern kompatibel und unterst\u00fctzt die Profoto-Zoomfunktion. Diese einzigartige Funktion erlaubt Ihnen, das Licht zu formen, indem Sie einfach den Reflektor am Blitzkopf vor und zur\u00fcck schieben.<\/p>\n<div class=\"pos-prodintrotext-wrapper\">\n<div class=\"pos-prodintrotext\"><\/div>\n<\/div>\n<h3 class=\"tab__content-subtitle\">Eigenschaften<\/h3>\n<ul>\n<li>\u00dcberlegene Leistung in einem robusten und kompakten Geh\u00e4use<\/li>\n<li>Inklusive \u201ePerfect Arc\u201c-Blitzr\u00f6hre\u00a0\u2013 die hochleistungsf\u00e4hige Quartz-Blitzr\u00f6hre garantiert perfektes Licht bei maximaler Lebensdauer.<\/li>\n<li>Sehr sicher dank extra dickem UV-verg\u00fctetem Schutzglas und kurzschlusssicherer Kabel.<\/li>\n<li>Temperaturgesteuerter L\u00fcfter f\u00fcr eine optimale K\u00fchlung von Blitzkopf und Zubeh\u00f6r auch im Dauereinsatz.<\/li>\n<li>Kompatibel mit \u00fcber 120\u00a0Profoto-Lichtformern.<\/li>\n<li>Profoto Zoom Reflector im Lieferumfang enthalten \u2013\u00a0ein klassisches und vielseitiges Werkzeug, das von Fotografen auf der ganzen Welt seit mehr als vier Jahrzehnten gesch\u00e4tzt wird.<\/li>\n<\/ul>\n<p style=\"color: #000000; line-height: 18px;\"><strong>\u00a0<\/strong><\/p>\n<p><!--EndFragment--><\/p>\n<p>&nbsp;<\/p>\n<p>&nbsp;<\/p>\n<p>&nbsp;<\/p>\n<p>&nbsp;<\/p>\n<p>&nbsp;<\/p>\n<p>&nbsp;<\/p>\n<p>&nbsp;<\/p>\n<p>&nbsp;<\/p>\n<div class=\"span-10 img-div-area\" style=\"margin: 0px 10px 0px 0px; padding: 0px 0px 10px; font-family: 'Helvetica Neue', Arial, Helvetica, sans-serif; vertical-align: baseline; width: 390px; min-height: 420px; float: left;\">\n<p>&nbsp;<\/p>\n<p><span style=\"color: #4a4849;\">\u00a0<\/span><\/p>\n<\/div>\n","protected":false},"excerpt":{"rendered":"<p>Unser ProHead Plus\u00a0enth\u00e4lt einen Standard Pro Zoom Reflektor. Dies ist der Standardblitzkopf f\u00fcr unsere Pro-Studiogeneratoren. Er ist extrem leicht und kompakt, dabei aber genauso zuverl\u00e4ssig und robust wie die Pro-Generatoren. Der ProHead Plus ist mit mehr als 120\u00a0Profoto-Lichtformern kompatibel und unterst\u00fctzt die Profoto-Zoomfunktion. Diese einzigartige Funktion erlaubt Ihnen, das Licht zu formen, indem Sie einfach den Reflektor am Blitzkopf vor [&hellip;]<\/p>\n","protected":false},"featured_media":5739,"template":"","meta":[],"product_cat":[118],"product_tag":[],"class_list":{"0":"post-3102","1":"product","2":"type-product","3":"status-publish","4":"has-post-thumbnail","6":"product_cat-blitzkopfe","8":"first","9":"instock","10":"shipping-taxable","11":"purchasable","12":"product-type-simple"},"_links":{"self":[{"href":"https:\/\/palmaequipmentrental.com\/de\/wp-json\/wp\/v2\/product\/3102","targetHints":{"allow":["GET"]}}],"collection":[{"href":"https:\/\/palmaequipmentrental.com\/de\/wp-json\/wp\/v2\/product"}],"about":[{"href":"https:\/\/palmaequipmentrental.com\/de\/wp-json\/wp\/v2\/types\/product"}],"wp:featuredmedia":[{"embeddable":true,"href":"https:\/\/palmaequipmentrental.com\/de\/wp-json\/wp\/v2\/media\/5739"}],"wp:attachment":[{"href":"https:\/\/palmaequipmentrental.com\/de\/wp-json\/wp\/v2\/media?parent=3102"}],"wp:term":[{"taxonomy":"product_cat","embeddable":true,"href":"https:\/\/palmaequipmentrental.com\/de\/wp-json\/wp\/v2\/product_cat?post=3102"},{"taxonomy":"product_tag","embeddable":true,"href":"https:\/\/palmaequipmentrental.com\/de\/wp-json\/wp\/v2\/product_tag?post=3102"}],"curies":[{"name":"wp","href":"https:\/\/api.w.org\/{rel}","templated":true}]}}