{"id":3107,"date":"2015-04-17T12:50:31","date_gmt":"2015-04-17T12:50:31","guid":{"rendered":"http:\/\/www.palmaequipmentrental.com\/product\/pro-air-remote-ttl-n-2\/"},"modified":"2025-08-21T09:46:07","modified_gmt":"2025-08-21T09:46:07","slug":"pro-air-remote-ttl-n","status":"publish","type":"product","link":"https:\/\/palmaequipmentrental.com\/de\/photo-video-equipment-mallorca\/pro-air-remote-ttl-n\/","title":{"rendered":"Profoto Air Remote TTL-N"},"content":{"rendered":"<div class=\"pos-prodintrotext-wrapper\">\n<div class=\"pos-prodintrotext\">\n<div class=\"pos-prodintrotext-wrapper\">\n<div class=\"pos-prodintrotext\">\n<p><strong>Drahtlose Verbindung zwischen Ihrem B1 und Ihrer Nikon Kamera<\/strong><\/p>\n<p>Durch Anschluss dieser Funkfernbedienung an den Blitzschuh Ihrer Nikon Kamera stellen Sie eine drahtlose Verbindung zu unserem B1 her. Wahlweise k\u00f6nnen Sie im TTL oder im manuellen Modus arbeiten. Die Reichweite der \u00dcbertragung betr\u00e4gt bis zu 300m (im manuellen Modus).<\/p>\n<p><strong>WICHTIGER HINWEIS<\/strong><\/p>\n<p>Dieses Produkt verf\u00fcgt \u00fcber einen USB-Anschluss der zuk\u00fcnftige Firmware Updates erm\u00f6glicht. Gehen Sie zu <a href=\"http:\/\/profoto.com\/de\/myprofoto-login\">My Profoto<\/a> und erstellen Sie ein Benutzerkonto. Nach der Registrierung Ihrer Ger\u00e4te stehen Ihnen alle Updates zur Verf\u00fcgung.<\/p>\n<p><strong>Merkmale:<\/strong><\/p>\n<\/div>\n<\/div>\n<div class=\"pos-produsp-wrapper\">\n<div class=\"pos-produsp\">\n<div class=\"element element-text first last\">\n<ul>\n<li>Drahtlose Integration Ihrer Nikon Kamera in das Profoto B1 System.<\/li>\n<li>TTL- Unterst\u00fctzung f\u00fcr schnelle Aufnahmen.<\/li>\n<li>Manueller Modus f\u00fcr volle Kontrolle.<\/li>\n<li>Erlaubt die Synchronisation und Steuerung anderer Profoto AIR Ger\u00e4te (AIR Label).<\/li>\n<li>Reichweite bis zu 300m.<\/li>\n<li>Offenes Frequenzband (2.4 GHz)<\/li>\n<li>Weltweit einsetzbar.<\/li>\n<li>USB Anschluss f\u00fcr kostenlose Firmware Updates.<\/li>\n<li>Klein und handlich.<\/li>\n<\/ul>\n<p>&nbsp;<\/p>\n<\/div>\n<p><a href=\"https:\/\/youtu.be\/NPHVGENWDnc\">Check out our video!<\/a><\/p>\n<\/div>\n<\/div>\n<\/div>\n<\/div>\n","protected":false},"excerpt":{"rendered":"<p>Drahtlose Verbindung zwischen Ihrem B1 und Ihrer Nikon Kamera Durch Anschluss dieser Funkfernbedienung an den Blitzschuh Ihrer Nikon Kamera stellen Sie eine drahtlose Verbindung zu unserem B1 her. Wahlweise k\u00f6nnen Sie im TTL oder im manuellen Modus arbeiten. Die Reichweite der \u00dcbertragung betr\u00e4gt bis zu 300m (im manuellen Modus). WICHTIGER HINWEIS Dieses Produkt verf\u00fcgt \u00fcber einen USB-Anschluss der zuk\u00fcnftige Firmware [&hellip;]<\/p>\n","protected":false},"featured_media":5527,"template":"","meta":[],"product_cat":[122],"product_tag":[],"class_list":{"0":"post-3107","1":"product","2":"type-product","3":"status-publish","4":"has-post-thumbnail","6":"product_cat-sync-de","8":"first","9":"instock","10":"shipping-taxable","11":"purchasable","12":"product-type-simple"},"_links":{"self":[{"href":"https:\/\/palmaequipmentrental.com\/de\/wp-json\/wp\/v2\/product\/3107","targetHints":{"allow":["GET"]}}],"collection":[{"href":"https:\/\/palmaequipmentrental.com\/de\/wp-json\/wp\/v2\/product"}],"about":[{"href":"https:\/\/palmaequipmentrental.com\/de\/wp-json\/wp\/v2\/types\/product"}],"wp:featuredmedia":[{"embeddable":true,"href":"https:\/\/palmaequipmentrental.com\/de\/wp-json\/wp\/v2\/media\/5527"}],"wp:attachment":[{"href":"https:\/\/palmaequipmentrental.com\/de\/wp-json\/wp\/v2\/media?parent=3107"}],"wp:term":[{"taxonomy":"product_cat","embeddable":true,"href":"https:\/\/palmaequipmentrental.com\/de\/wp-json\/wp\/v2\/product_cat?post=3107"},{"taxonomy":"product_tag","embeddable":true,"href":"https:\/\/palmaequipmentrental.com\/de\/wp-json\/wp\/v2\/product_tag?post=3107"}],"curies":[{"name":"wp","href":"https:\/\/api.w.org\/{rel}","templated":true}]}}