{"id":3123,"date":"2015-03-12T14:21:12","date_gmt":"2015-03-12T14:21:12","guid":{"rendered":"http:\/\/www.palmaequipmentrental.com\/product\/canon-lens-16-35mm-2\/"},"modified":"2022-10-17T14:05:19","modified_gmt":"2022-10-17T14:05:19","slug":"canon-lens-16-35mm","status":"publish","type":"product","link":"https:\/\/palmaequipmentrental.com\/de\/photo-video-equipment-mallorca\/canon-lens-16-35mm\/","title":{"rendered":"Canon EF 16-35mm f\/2.8L II USM"},"content":{"rendered":"<p><strong>Canon EF 16-35mm f\/2.8L II USM.<\/strong> Das professionelle Superweitwinkel-Zoomobjektiv.<\/p>\n<p>Das leistungsstarke Superweitwinkel-Zoomobjektiv \u00fcberzeugt durch exzellente Leistung. Die gro\u00dfe, konstante Blenden\u00f6ffnung von 1:2,8 \u00fcber den gesamten Zoombereich ist ideal f\u00fcr die professionelle Fotografie, gerade auch bei schwachen Lichtverh\u00e4ltnissen.<\/p>\n<p><strong>Merkmale<\/strong><\/p>\n<ul>\n<li>Objektiv der L-Serie<\/li>\n<li>Gro\u00dfe Blende von 1:2,8 \u00fcber den gesammten Brennweitenbereich<\/li>\n<li>Schnelle, leise automatische Scharfeinstellung<\/li>\n<li>Asph\u00e4rische und UD-Linsen<\/li>\n<li>Super-Spectra-Verg\u00fctung<\/li>\n<li>Kreisrunde Blende f\u00fcr ansprechende Wiedergabe im Unsch\u00e4rfenbereich<\/li>\n<li>Weiterleitung der Entfernungsinformationen an die E-TTL II Blitzsteuerung der Kamera<\/li>\n<li>Gegenlichtblende und Objektivbeutel im Lieferumfang<\/li>\n<\/ul>\n","protected":false},"excerpt":{"rendered":"<p>Canon EF 16-35mm f\/2.8L II USM. Das professionelle Superweitwinkel-Zoomobjektiv. Das leistungsstarke Superweitwinkel-Zoomobjektiv \u00fcberzeugt durch exzellente Leistung. Die gro\u00dfe, konstante Blenden\u00f6ffnung von 1:2,8 \u00fcber den gesamten Zoombereich ist ideal f\u00fcr die professionelle Fotografie, gerade auch bei schwachen Lichtverh\u00e4ltnissen. Merkmale Objektiv der L-Serie Gro\u00dfe Blende von 1:2,8 \u00fcber den gesammten Brennweitenbereich Schnelle, leise automatische Scharfeinstellung Asph\u00e4rische und UD-Linsen Super-Spectra-Verg\u00fctung Kreisrunde Blende f\u00fcr [&hellip;]<\/p>\n","protected":false},"featured_media":9527,"template":"","meta":[],"product_cat":[794,800],"product_tag":[],"class_list":{"0":"post-3123","1":"product","2":"type-product","3":"status-publish","4":"has-post-thumbnail","6":"product_cat-ef-objektive","7":"product_cat-ef-objektive-v","9":"first","10":"instock","11":"shipping-taxable","12":"purchasable","13":"product-type-simple"},"_links":{"self":[{"href":"https:\/\/palmaequipmentrental.com\/de\/wp-json\/wp\/v2\/product\/3123","targetHints":{"allow":["GET"]}}],"collection":[{"href":"https:\/\/palmaequipmentrental.com\/de\/wp-json\/wp\/v2\/product"}],"about":[{"href":"https:\/\/palmaequipmentrental.com\/de\/wp-json\/wp\/v2\/types\/product"}],"wp:featuredmedia":[{"embeddable":true,"href":"https:\/\/palmaequipmentrental.com\/de\/wp-json\/wp\/v2\/media\/9527"}],"wp:attachment":[{"href":"https:\/\/palmaequipmentrental.com\/de\/wp-json\/wp\/v2\/media?parent=3123"}],"wp:term":[{"taxonomy":"product_cat","embeddable":true,"href":"https:\/\/palmaequipmentrental.com\/de\/wp-json\/wp\/v2\/product_cat?post=3123"},{"taxonomy":"product_tag","embeddable":true,"href":"https:\/\/palmaequipmentrental.com\/de\/wp-json\/wp\/v2\/product_tag?post=3123"}],"curies":[{"name":"wp","href":"https:\/\/api.w.org\/{rel}","templated":true}]}}