{"id":3126,"date":"2012-05-10T14:55:37","date_gmt":"2012-05-10T14:55:37","guid":{"rendered":"http:\/\/www.palmaequipmentrental.com\/product\/canon-17-40mm-f4l-2\/"},"modified":"2022-10-17T14:06:58","modified_gmt":"2022-10-17T14:06:58","slug":"canon-17-40mm-f4l","status":"publish","type":"product","link":"https:\/\/palmaequipmentrental.com\/de\/photo-video-equipment-mallorca\/canon-17-40mm-f4l\/","title":{"rendered":"Canon EF 17-40mm f\/4L USM"},"content":{"rendered":"<p><strong>Canon EF 17-40mm f\/4L USM.<\/strong> Ein hochwertiges Weit-\/standardwinkelzoom f\u00fcr eine Vielzahl von Motiven.<\/p>\n<p>Das Canon-Objektiv EF 17-40mm f\/4L USM ist ein Ultraweitwinkel-\/standardzoomobjektiv mit hervorragender Bildqualit\u00e4t und konstanter maximaler Blenden\u00f6ffnung. Sein kompaktes, leichtes Geh\u00e4use macht es zu einem idealen Reisebegleiter.<\/p>\n<p><strong>Eigenschaften<\/strong><\/p>\n<ul>\n<li>Hervorragende optische Leistung \u00fcber den gesamten Zoombereich<\/li>\n<li>Schnelle Autofokus-Geschwindigkeit<\/li>\n<li>28 cm Mindestfokussierentfernung bei allen Brennweiten<\/li>\n<\/ul>\n","protected":false},"excerpt":{"rendered":"<p>Canon EF 17-40mm f\/4L USM. Ein hochwertiges Weit-\/standardwinkelzoom f\u00fcr eine Vielzahl von Motiven. Das Canon-Objektiv EF 17-40mm f\/4L USM ist ein Ultraweitwinkel-\/standardzoomobjektiv mit hervorragender Bildqualit\u00e4t und konstanter maximaler Blenden\u00f6ffnung. Sein kompaktes, leichtes Geh\u00e4use macht es zu einem idealen Reisebegleiter. Eigenschaften Hervorragende optische Leistung \u00fcber den gesamten Zoombereich Schnelle Autofokus-Geschwindigkeit 28 cm Mindestfokussierentfernung bei allen Brennweiten<\/p>\n","protected":false},"featured_media":9532,"template":"","meta":[],"product_cat":[794,800],"product_tag":[],"class_list":{"0":"post-3126","1":"product","2":"type-product","3":"status-publish","4":"has-post-thumbnail","6":"product_cat-ef-objektive","7":"product_cat-ef-objektive-v","9":"first","10":"instock","11":"shipping-taxable","12":"purchasable","13":"product-type-simple"},"_links":{"self":[{"href":"https:\/\/palmaequipmentrental.com\/de\/wp-json\/wp\/v2\/product\/3126","targetHints":{"allow":["GET"]}}],"collection":[{"href":"https:\/\/palmaequipmentrental.com\/de\/wp-json\/wp\/v2\/product"}],"about":[{"href":"https:\/\/palmaequipmentrental.com\/de\/wp-json\/wp\/v2\/types\/product"}],"wp:featuredmedia":[{"embeddable":true,"href":"https:\/\/palmaequipmentrental.com\/de\/wp-json\/wp\/v2\/media\/9532"}],"wp:attachment":[{"href":"https:\/\/palmaequipmentrental.com\/de\/wp-json\/wp\/v2\/media?parent=3126"}],"wp:term":[{"taxonomy":"product_cat","embeddable":true,"href":"https:\/\/palmaequipmentrental.com\/de\/wp-json\/wp\/v2\/product_cat?post=3126"},{"taxonomy":"product_tag","embeddable":true,"href":"https:\/\/palmaequipmentrental.com\/de\/wp-json\/wp\/v2\/product_tag?post=3126"}],"curies":[{"name":"wp","href":"https:\/\/api.w.org\/{rel}","templated":true}]}}