{"id":3129,"date":"2012-05-10T14:55:37","date_gmt":"2012-05-10T14:55:37","guid":{"rendered":"http:\/\/www.palmaequipmentrental.com\/product\/canon-lens-70-200mm-is-ii-f28l-2\/"},"modified":"2022-10-17T14:14:14","modified_gmt":"2022-10-17T14:14:14","slug":"canon-lens-70-200mm-is-ii-f28l","status":"publish","type":"product","link":"https:\/\/palmaequipmentrental.com\/de\/photo-video-equipment-mallorca\/canon-lens-70-200mm-is-ii-f28l\/","title":{"rendered":"Canon EF 70-200mm f\/2.8L IS II USM"},"content":{"rendered":"<p><strong>Canon EF 70-200mm f\/2.8L IS II USM. \u00a0<\/strong>Ideales Objektiv f\u00fcr die Sport-, Tier- und Portr\u00e4tfotografie<\/p>\n<p>Das Canon-Objektiv EF\u00a070\u2013200\u00a0mm 1:2,8L\u00a0IS\u00a0II\u00a0USM ist ein leistungsstarkes Telezoomobjektiv f\u00fcr Profifotografen. Eine hochwertige Fluoritlinse, die besonders robuste Konstruktion und der optische Bildstabilisator f\u00fcr eine bis zu 4\u00a0Stufen l\u00e4ngere Verschlusszeit machen das Objektiv zur Empfehlung im professionellen Alltag.<\/p>\n<p><strong>Merkmale<\/strong><\/p>\n<ul>\n<li>Leistungsstarkes Teleobjektiv der L-Serie<\/li>\n<li>Hohe Lichtst\u00e4rke von 1:2,8 f\u00fcr exzellente Aufnahmen auch bei schlechten Lichtverh\u00e4ltnissen<\/li>\n<li>4-Stufen-Bildstabilisator<\/li>\n<li>Fluorit- und UD-Linsen<\/li>\n<li>Robuste Konstruktion<\/li>\n<li>Naheinstellgrenze von ca. 1,2\u00a0m<\/li>\n<li>Abdichtungen gegen Staub und Feuchtigkeit<\/li>\n<li>Blende mit 8\u00a0Lamellen<\/li>\n<li>Ring-USM-Autofokusmotor<\/li>\n<\/ul>\n","protected":false},"excerpt":{"rendered":"<p>Canon EF 70-200mm f\/2.8L IS II USM. \u00a0Ideales Objektiv f\u00fcr die Sport-, Tier- und Portr\u00e4tfotografie Das Canon-Objektiv EF\u00a070\u2013200\u00a0mm 1:2,8L\u00a0IS\u00a0II\u00a0USM ist ein leistungsstarkes Telezoomobjektiv f\u00fcr Profifotografen. Eine hochwertige Fluoritlinse, die besonders robuste Konstruktion und der optische Bildstabilisator f\u00fcr eine bis zu 4\u00a0Stufen l\u00e4ngere Verschlusszeit machen das Objektiv zur Empfehlung im professionellen Alltag. Merkmale Leistungsstarkes Teleobjektiv der L-Serie Hohe Lichtst\u00e4rke von 1:2,8 [&hellip;]<\/p>\n","protected":false},"featured_media":9567,"template":"","meta":[],"product_cat":[794,800],"product_tag":[],"class_list":{"0":"post-3129","1":"product","2":"type-product","3":"status-publish","4":"has-post-thumbnail","6":"product_cat-ef-objektive","7":"product_cat-ef-objektive-v","9":"first","10":"instock","11":"shipping-taxable","12":"purchasable","13":"product-type-simple"},"_links":{"self":[{"href":"https:\/\/palmaequipmentrental.com\/de\/wp-json\/wp\/v2\/product\/3129","targetHints":{"allow":["GET"]}}],"collection":[{"href":"https:\/\/palmaequipmentrental.com\/de\/wp-json\/wp\/v2\/product"}],"about":[{"href":"https:\/\/palmaequipmentrental.com\/de\/wp-json\/wp\/v2\/types\/product"}],"wp:featuredmedia":[{"embeddable":true,"href":"https:\/\/palmaequipmentrental.com\/de\/wp-json\/wp\/v2\/media\/9567"}],"wp:attachment":[{"href":"https:\/\/palmaequipmentrental.com\/de\/wp-json\/wp\/v2\/media?parent=3129"}],"wp:term":[{"taxonomy":"product_cat","embeddable":true,"href":"https:\/\/palmaequipmentrental.com\/de\/wp-json\/wp\/v2\/product_cat?post=3129"},{"taxonomy":"product_tag","embeddable":true,"href":"https:\/\/palmaequipmentrental.com\/de\/wp-json\/wp\/v2\/product_tag?post=3129"}],"curies":[{"name":"wp","href":"https:\/\/api.w.org\/{rel}","templated":true}]}}