{"id":3130,"date":"2012-05-10T14:55:37","date_gmt":"2012-05-10T14:55:37","guid":{"rendered":"http:\/\/www.palmaequipmentrental.com\/product\/canon-lens-24-105mm-f4l-is-2\/"},"modified":"2022-10-17T14:09:12","modified_gmt":"2022-10-17T14:09:12","slug":"canon-lens-24-105mm-f4l-is","status":"publish","type":"product","link":"https:\/\/palmaequipmentrental.com\/de\/photo-video-equipment-mallorca\/canon-lens-24-105mm-f4l-is\/","title":{"rendered":"Canon EF 24-105mm f\/4L IS USM"},"content":{"rendered":"<p><strong>Canon EF 24-105mm f\/4L IS USM.<\/strong> Das leichte Standard-Zoomobjektiv f\u00fcr Profifotografen.<br \/>\nDeckt Weitwinkel-, Standard- und Telebrennweiten ab.<\/p>\n<p>Dieses Objektiv verf\u00fcgt \u00fcber den Canon Bildstabilisator (IS) mit drei Blendenstufen und ist damit ideal f\u00fcr die Arbeit aus der Hand. Der IS erm\u00f6glicht Verschlusszeiten, die bis zu drei Blendenstufen k\u00fcrzer sind als normal, ohne dass die Verwacklungsunsch\u00e4rfe sp\u00fcrbar zunimmt.<\/p>\n<p><strong>Merkmale<\/strong><\/p>\n<ul>\n<li>Optiken der L-Serie<\/li>\n<li>Leichtes 4,3fach-Zoom<\/li>\n<li>Konstante maximale Blenden\u00f6ffnung von f\/4 \u00fcber den gesamten Zoombereich<\/li>\n<li>Dreistufiger Bildstabilisator<\/li>\n<li>Super-UD- und asph\u00e4rische Linsenelemente<\/li>\n<li>Schneller Autofokus<\/li>\n<li>Super-Spectra-Verg\u00fctung<\/li>\n<li>Zirkulare Blende f\u00fcr angenehme Hintergrundunsch\u00e4rfe<\/li>\n<li>Weiches Geh\u00e4use und Gegenlichtblende<\/li>\n<\/ul>\n","protected":false},"excerpt":{"rendered":"<p>Canon EF 24-105mm f\/4L IS USM. Das leichte Standard-Zoomobjektiv f\u00fcr Profifotografen. Deckt Weitwinkel-, Standard- und Telebrennweiten ab. Dieses Objektiv verf\u00fcgt \u00fcber den Canon Bildstabilisator (IS) mit drei Blendenstufen und ist damit ideal f\u00fcr die Arbeit aus der Hand. Der IS erm\u00f6glicht Verschlusszeiten, die bis zu drei Blendenstufen k\u00fcrzer sind als normal, ohne dass die Verwacklungsunsch\u00e4rfe sp\u00fcrbar zunimmt. Merkmale Optiken der [&hellip;]<\/p>\n","protected":false},"featured_media":9537,"template":"","meta":[],"product_cat":[794,800],"product_tag":[],"class_list":{"0":"post-3130","1":"product","2":"type-product","3":"status-publish","4":"has-post-thumbnail","6":"product_cat-ef-objektive","7":"product_cat-ef-objektive-v","9":"first","10":"instock","11":"shipping-taxable","12":"purchasable","13":"product-type-simple"},"_links":{"self":[{"href":"https:\/\/palmaequipmentrental.com\/de\/wp-json\/wp\/v2\/product\/3130","targetHints":{"allow":["GET"]}}],"collection":[{"href":"https:\/\/palmaequipmentrental.com\/de\/wp-json\/wp\/v2\/product"}],"about":[{"href":"https:\/\/palmaequipmentrental.com\/de\/wp-json\/wp\/v2\/types\/product"}],"wp:featuredmedia":[{"embeddable":true,"href":"https:\/\/palmaequipmentrental.com\/de\/wp-json\/wp\/v2\/media\/9537"}],"wp:attachment":[{"href":"https:\/\/palmaequipmentrental.com\/de\/wp-json\/wp\/v2\/media?parent=3130"}],"wp:term":[{"taxonomy":"product_cat","embeddable":true,"href":"https:\/\/palmaequipmentrental.com\/de\/wp-json\/wp\/v2\/product_cat?post=3130"},{"taxonomy":"product_tag","embeddable":true,"href":"https:\/\/palmaequipmentrental.com\/de\/wp-json\/wp\/v2\/product_tag?post=3130"}],"curies":[{"name":"wp","href":"https:\/\/api.w.org\/{rel}","templated":true}]}}