{"id":3133,"date":"2012-05-10T14:55:37","date_gmt":"2012-05-10T14:55:37","guid":{"rendered":"http:\/\/www.palmaequipmentrental.com\/product\/canon-eos-5d-mk-iii-kit-2\/"},"modified":"2022-08-05T11:44:34","modified_gmt":"2022-08-05T11:44:34","slug":"canon-eos-5d-mk-iii-kit","status":"publish","type":"product","link":"https:\/\/palmaequipmentrental.com\/de\/photo-video-equipment-mallorca\/canon-eos-5d-mk-iii-kit\/","title":{"rendered":"Canon EOS 5D Mk III"},"content":{"rendered":"<p>Unser Canon <strong>EOS 5D Mark III Kit<\/strong>\u00a0enth\u00e4lt:<\/p>\n<ul>\n<li>1x Canon EOS 5D Mark III Body<\/li>\n<li>2x LP-E6 Akku, 1x LC-E6 Akku Ladeger\u00e4t<\/li>\n<li>1x 16GB Sandisk Speicherkarte<\/li>\n<li>1x Sandisk Card Speicherkartenleseger\u00e4t<\/li>\n<\/ul>\n<p>Die EOS 5D Mark III ist eine 22,3 MP Vollformat-DSLR mit 61-Punkt-AF und Reihenaufnahmen mit bis zu 6 B\/s. Hochwertige Full-HD-Videos mit manueller Steuerung von der Bildrate bis zum Ton.<\/p>\n<h3>Merkmale<\/h3>\n<ul class=\"bullets red\">\n<li>Vollformat-CMOS-Sensor mit 22,3\u00a0MP<\/li>\n<li>61-Punkt-AF<\/li>\n<li>Reihenaufnahmen mit bis zu 6 B\/s<\/li>\n<li>ISO-Empfindlichkeit 100-25.600, erweiterbar auf ISO 50-102.400<\/li>\n<li>Full-HD-Videos mit manueller Steuerung<\/li>\n<li>HDMI-Ausgang f\u00fcr unkomprimiertes 4.2.2 Full-HD Videosignal mit 8-Bit<\/li>\n<li>14-Bit DIGIC 5+ Prozessor<\/li>\n<li>Schutz gegen Umwelteinfl\u00fcsse<\/li>\n<li>8,11 cm (3,2 Zoll) LCD, ca. 1.040.000 Bildpunkte<\/li>\n<li>HDR-Modus<\/li>\n<\/ul>\n<p>&nbsp;<\/p>\n","protected":false},"excerpt":{"rendered":"<p>Unser Canon EOS 5D Mark III Kit\u00a0enth\u00e4lt: 1x Canon EOS 5D Mark III Body 2x LP-E6 Akku, 1x LC-E6 Akku Ladeger\u00e4t 1x 16GB Sandisk Speicherkarte 1x Sandisk Card Speicherkartenleseger\u00e4t Die EOS 5D Mark III ist eine 22,3 MP Vollformat-DSLR mit 61-Punkt-AF und Reihenaufnahmen mit bis zu 6 B\/s. Hochwertige Full-HD-Videos mit manueller Steuerung von der Bildrate bis zum Ton. Merkmale [&hellip;]<\/p>\n","protected":false},"featured_media":9471,"template":"","meta":[],"product_cat":[142,169],"product_tag":[],"class_list":{"0":"post-3133","1":"product","2":"type-product","3":"status-publish","4":"has-post-thumbnail","6":"product_cat-kamera-body","7":"product_cat-kamera-body-de","9":"first","10":"instock","11":"shipping-taxable","12":"purchasable","13":"product-type-simple"},"_links":{"self":[{"href":"https:\/\/palmaequipmentrental.com\/de\/wp-json\/wp\/v2\/product\/3133","targetHints":{"allow":["GET"]}}],"collection":[{"href":"https:\/\/palmaequipmentrental.com\/de\/wp-json\/wp\/v2\/product"}],"about":[{"href":"https:\/\/palmaequipmentrental.com\/de\/wp-json\/wp\/v2\/types\/product"}],"wp:featuredmedia":[{"embeddable":true,"href":"https:\/\/palmaequipmentrental.com\/de\/wp-json\/wp\/v2\/media\/9471"}],"wp:attachment":[{"href":"https:\/\/palmaequipmentrental.com\/de\/wp-json\/wp\/v2\/media?parent=3133"}],"wp:term":[{"taxonomy":"product_cat","embeddable":true,"href":"https:\/\/palmaequipmentrental.com\/de\/wp-json\/wp\/v2\/product_cat?post=3133"},{"taxonomy":"product_tag","embeddable":true,"href":"https:\/\/palmaequipmentrental.com\/de\/wp-json\/wp\/v2\/product_tag?post=3133"}],"curies":[{"name":"wp","href":"https:\/\/api.w.org\/{rel}","templated":true}]}}