{"id":3135,"date":"2012-05-10T16:15:53","date_gmt":"2012-05-10T16:15:53","guid":{"rendered":"http:\/\/www.palmaequipmentrental.com\/product\/canon-speedlite-580-ex-2\/"},"modified":"2023-02-22T16:42:08","modified_gmt":"2023-02-22T16:42:08","slug":"canon-speedlite-580-ex","status":"publish","type":"product","link":"https:\/\/palmaequipmentrental.com\/de\/photo-video-equipment-mallorca\/canon-speedlite-580-ex\/","title":{"rendered":"Canon Speedlite 580EX"},"content":{"rendered":"<p><strong>Canon Speedlite 580EX II<\/strong><\/p>\n<p>Dies ist das beste Speedlite f\u00fcr alle Fotografen.<br \/>\nEs eignet sich f\u00fcr alles, von Portr\u00e4taufnahmen in dunkler Umgebung bis hin zu komplexen kabellosen Multiblitz-Setups in einer mobilen Studioumgebung.<\/p>\n<p><strong>Merkmale<\/strong><\/p>\n<ul>\n<li>E-TTL-Blitzbelichtungsmessung<\/li>\n<li>24-105-mm-Zoomkopf mit 14-mm-Diffusor<\/li>\n<li>Leitzahl von 58<\/li>\n<li>Drahtloser Master oder Slave<\/li>\n<li>Schnelles und nahezu ger\u00e4uschloses Recyceln<\/li>\n<li>Stroboskopisches Blitzen<\/li>\n<\/ul>\n","protected":false},"excerpt":{"rendered":"<p>Canon Speedlite 580EX II Dies ist das beste Speedlite f\u00fcr alle Fotografen. Es eignet sich f\u00fcr alles, von Portr\u00e4taufnahmen in dunkler Umgebung bis hin zu komplexen kabellosen Multiblitz-Setups in einer mobilen Studioumgebung. Merkmale E-TTL-Blitzbelichtungsmessung 24-105-mm-Zoomkopf mit 14-mm-Diffusor Leitzahl von 58 Drahtloser Master oder Slave Schnelles und nahezu ger\u00e4uschloses Recyceln Stroboskopisches Blitzen<\/p>\n","protected":false},"featured_media":12710,"template":"","meta":[],"product_cat":[385],"product_tag":[],"class_list":{"0":"post-3135","1":"product","2":"type-product","3":"status-publish","4":"has-post-thumbnail","6":"product_cat-kamera-blitz","8":"first","9":"instock","10":"shipping-taxable","11":"purchasable","12":"product-type-simple"},"_links":{"self":[{"href":"https:\/\/palmaequipmentrental.com\/de\/wp-json\/wp\/v2\/product\/3135","targetHints":{"allow":["GET"]}}],"collection":[{"href":"https:\/\/palmaequipmentrental.com\/de\/wp-json\/wp\/v2\/product"}],"about":[{"href":"https:\/\/palmaequipmentrental.com\/de\/wp-json\/wp\/v2\/types\/product"}],"wp:featuredmedia":[{"embeddable":true,"href":"https:\/\/palmaequipmentrental.com\/de\/wp-json\/wp\/v2\/media\/12710"}],"wp:attachment":[{"href":"https:\/\/palmaequipmentrental.com\/de\/wp-json\/wp\/v2\/media?parent=3135"}],"wp:term":[{"taxonomy":"product_cat","embeddable":true,"href":"https:\/\/palmaequipmentrental.com\/de\/wp-json\/wp\/v2\/product_cat?post=3135"},{"taxonomy":"product_tag","embeddable":true,"href":"https:\/\/palmaequipmentrental.com\/de\/wp-json\/wp\/v2\/product_tag?post=3135"}],"curies":[{"name":"wp","href":"https:\/\/api.w.org\/{rel}","templated":true}]}}