{"id":3136,"date":"2012-05-10T14:55:37","date_gmt":"2012-05-10T14:55:37","guid":{"rendered":"http:\/\/www.palmaequipmentrental.com\/product\/canon-lens-24-70mm-f28l-ii-2\/"},"modified":"2022-10-17T14:11:13","modified_gmt":"2022-10-17T14:11:13","slug":"canon-lens-24-70mm-f28l-ii","status":"publish","type":"product","link":"https:\/\/palmaequipmentrental.com\/de\/photo-video-equipment-mallorca\/canon-lens-24-70mm-f28l-ii\/","title":{"rendered":"Canon EF 24-70mm f\/2.8L II USM"},"content":{"rendered":"<p><strong>Canon EF 24-70mm f\/2.8L II USM<\/strong>.\u00a0Das Standard-Zoomobjektiv der Profis.<\/p>\n<p>Ein professionelles Standard-Zoomobjektiv, das neben erstklassiger Abbildungsqualit\u00e4t auch eine hohe Lichtst\u00e4rke von 1:2,8 \u00fcber den gesamten Zoombereich bietet. Die perfekte Erg\u00e4nzung f\u00fcr jede EOS mit Vollformatsensor.<\/p>\n<p><strong>Merkmale<\/strong><\/p>\n<ul>\n<li>Vielseitiger Zoombereich von 24-70mm.<\/li>\n<li>V\u00f6llig neue optische Konstruktion.<\/li>\n<li>Linsen aus UD- (Ultra-low Dispersion) und Super-UD-Glas.<\/li>\n<li>Hohe 1:2,8. Lichtst\u00e4rke<\/li>\n<li>Naheinstellgrenze 0,38 m<\/li>\n<li>Staub- und Spritzwasserschutz<\/li>\n<li>Schneller und leiser Autofokus.<\/li>\n<li>Jederzeitige manuelle Fokussierung<\/li>\n<li>9-Lamellen-Irisblende<\/li>\n<\/ul>\n","protected":false},"excerpt":{"rendered":"<p>Canon EF 24-70mm f\/2.8L II USM.\u00a0Das Standard-Zoomobjektiv der Profis. Ein professionelles Standard-Zoomobjektiv, das neben erstklassiger Abbildungsqualit\u00e4t auch eine hohe Lichtst\u00e4rke von 1:2,8 \u00fcber den gesamten Zoombereich bietet. Die perfekte Erg\u00e4nzung f\u00fcr jede EOS mit Vollformatsensor. Merkmale Vielseitiger Zoombereich von 24-70mm. V\u00f6llig neue optische Konstruktion. Linsen aus UD- (Ultra-low Dispersion) und Super-UD-Glas. Hohe 1:2,8. Lichtst\u00e4rke Naheinstellgrenze 0,38 m Staub- und Spritzwasserschutz [&hellip;]<\/p>\n","protected":false},"featured_media":9546,"template":"","meta":[],"product_cat":[794,800],"product_tag":[],"class_list":{"0":"post-3136","1":"product","2":"type-product","3":"status-publish","4":"has-post-thumbnail","6":"product_cat-ef-objektive","7":"product_cat-ef-objektive-v","9":"first","10":"instock","11":"shipping-taxable","12":"purchasable","13":"product-type-simple"},"_links":{"self":[{"href":"https:\/\/palmaequipmentrental.com\/de\/wp-json\/wp\/v2\/product\/3136","targetHints":{"allow":["GET"]}}],"collection":[{"href":"https:\/\/palmaequipmentrental.com\/de\/wp-json\/wp\/v2\/product"}],"about":[{"href":"https:\/\/palmaequipmentrental.com\/de\/wp-json\/wp\/v2\/types\/product"}],"wp:featuredmedia":[{"embeddable":true,"href":"https:\/\/palmaequipmentrental.com\/de\/wp-json\/wp\/v2\/media\/9546"}],"wp:attachment":[{"href":"https:\/\/palmaequipmentrental.com\/de\/wp-json\/wp\/v2\/media?parent=3136"}],"wp:term":[{"taxonomy":"product_cat","embeddable":true,"href":"https:\/\/palmaequipmentrental.com\/de\/wp-json\/wp\/v2\/product_cat?post=3136"},{"taxonomy":"product_tag","embeddable":true,"href":"https:\/\/palmaequipmentrental.com\/de\/wp-json\/wp\/v2\/product_tag?post=3136"}],"curies":[{"name":"wp","href":"https:\/\/api.w.org\/{rel}","templated":true}]}}