{"id":3137,"date":"2012-05-10T16:15:53","date_gmt":"2012-05-10T16:15:53","guid":{"rendered":"http:\/\/www.palmaequipmentrental.com\/product\/canon-selphy-cp910-2\/"},"modified":"2022-08-05T11:43:34","modified_gmt":"2022-08-05T11:43:34","slug":"canon-selphy-cp910","status":"publish","type":"product","link":"https:\/\/palmaequipmentrental.com\/de\/photo-video-equipment-mallorca\/canon-selphy-cp910\/","title":{"rendered":"Canon Selphy Drucker CP910"},"content":{"rendered":"<p>Der <strong>Canon Selpy CP910<\/strong> ist ein kompakter Fotodrucker, mit dem Sie \u00fcberall Fotos in Laborqualit\u00e4t drucken k\u00f6nnen. \u00a0Dank seiner Kompatibilit\u00e4t mit Wi-Fi und AirPrint ist er ideal f\u00fcr den kabellosen Druck von Smartphones und Digitalkameras.<\/p>\n<p>*Papier nicht im Preis enthalten<\/p>\n","protected":false},"excerpt":{"rendered":"<p>Der Canon Selpy CP910 ist ein kompakter Fotodrucker, mit dem Sie \u00fcberall Fotos in Laborqualit\u00e4t drucken k\u00f6nnen. \u00a0Dank seiner Kompatibilit\u00e4t mit Wi-Fi und AirPrint ist er ideal f\u00fcr den kabellosen Druck von Smartphones und Digitalkameras. *Papier nicht im Preis enthalten<\/p>\n","protected":false},"featured_media":10177,"template":"","meta":[],"product_cat":[133],"product_tag":[],"class_list":{"0":"post-3137","1":"product","2":"type-product","3":"status-publish","4":"has-post-thumbnail","6":"product_cat-drucker","8":"first","9":"instock","10":"shipping-taxable","11":"purchasable","12":"product-type-simple"},"_links":{"self":[{"href":"https:\/\/palmaequipmentrental.com\/de\/wp-json\/wp\/v2\/product\/3137","targetHints":{"allow":["GET"]}}],"collection":[{"href":"https:\/\/palmaequipmentrental.com\/de\/wp-json\/wp\/v2\/product"}],"about":[{"href":"https:\/\/palmaequipmentrental.com\/de\/wp-json\/wp\/v2\/types\/product"}],"wp:featuredmedia":[{"embeddable":true,"href":"https:\/\/palmaequipmentrental.com\/de\/wp-json\/wp\/v2\/media\/10177"}],"wp:attachment":[{"href":"https:\/\/palmaequipmentrental.com\/de\/wp-json\/wp\/v2\/media?parent=3137"}],"wp:term":[{"taxonomy":"product_cat","embeddable":true,"href":"https:\/\/palmaequipmentrental.com\/de\/wp-json\/wp\/v2\/product_cat?post=3137"},{"taxonomy":"product_tag","embeddable":true,"href":"https:\/\/palmaequipmentrental.com\/de\/wp-json\/wp\/v2\/product_tag?post=3137"}],"curies":[{"name":"wp","href":"https:\/\/api.w.org\/{rel}","templated":true}]}}