{"id":3157,"date":"2015-03-12T12:49:15","date_gmt":"2015-03-12T12:49:15","guid":{"rendered":"http:\/\/www.palmaequipmentrental.com\/product\/photek-umbrella-softlighter-small-36-2\/"},"modified":"2022-08-05T11:42:57","modified_gmt":"2022-08-05T11:42:57","slug":"photek-umbrella-softlighter-small-36","status":"publish","type":"product","link":"https:\/\/palmaequipmentrental.com\/de\/photo-video-equipment-mallorca\/photek-umbrella-softlighter-small-36\/","title":{"rendered":"Photek Schirme Softlighter 36\u201d"},"content":{"rendered":"<p>Unser Photek Schirme Klein (90 cm) enth\u00e4lt einen Frontdiffusor sowie silberne und goldene Lichtverst\u00e4rkungsscheiben.<\/p>\n<p><span lang=\"de\" tabindex=\"0\">Diese Gr\u00f6\u00dfe eignet sich perfekt f\u00fcr Kopfsch\u00fcsse von 1-2 Personen oder bis zu einem Produkt-Setup von 4 x 6 Fu\u00df.<\/span><\/p>\n<p>&nbsp;<\/p>\n<p>&nbsp;<\/p>\n","protected":false},"excerpt":{"rendered":"<p>Unser Photek Schirme Klein (90 cm) enth\u00e4lt einen Frontdiffusor sowie silberne und goldene Lichtverst\u00e4rkungsscheiben. Diese Gr\u00f6\u00dfe eignet sich perfekt f\u00fcr Kopfsch\u00fcsse von 1-2 Personen oder bis zu einem Produkt-Setup von 4 x 6 Fu\u00df. &nbsp; &nbsp;<\/p>\n","protected":false},"featured_media":13890,"template":"","meta":[],"product_cat":[136],"product_tag":[],"class_list":{"0":"post-3157","1":"product","2":"type-product","3":"status-publish","4":"has-post-thumbnail","6":"product_cat-schirme","8":"first","9":"instock","10":"shipping-taxable","11":"purchasable","12":"product-type-simple"},"_links":{"self":[{"href":"https:\/\/palmaequipmentrental.com\/de\/wp-json\/wp\/v2\/product\/3157","targetHints":{"allow":["GET"]}}],"collection":[{"href":"https:\/\/palmaequipmentrental.com\/de\/wp-json\/wp\/v2\/product"}],"about":[{"href":"https:\/\/palmaequipmentrental.com\/de\/wp-json\/wp\/v2\/types\/product"}],"wp:featuredmedia":[{"embeddable":true,"href":"https:\/\/palmaequipmentrental.com\/de\/wp-json\/wp\/v2\/media\/13890"}],"wp:attachment":[{"href":"https:\/\/palmaequipmentrental.com\/de\/wp-json\/wp\/v2\/media?parent=3157"}],"wp:term":[{"taxonomy":"product_cat","embeddable":true,"href":"https:\/\/palmaequipmentrental.com\/de\/wp-json\/wp\/v2\/product_cat?post=3157"},{"taxonomy":"product_tag","embeddable":true,"href":"https:\/\/palmaequipmentrental.com\/de\/wp-json\/wp\/v2\/product_tag?post=3157"}],"curies":[{"name":"wp","href":"https:\/\/api.w.org\/{rel}","templated":true}]}}