{"id":3159,"date":"2015-03-12T12:43:32","date_gmt":"2015-03-12T12:43:32","guid":{"rendered":"http:\/\/www.palmaequipmentrental.com\/product\/photek-umbrella-softlighter-large-60-2\/"},"modified":"2022-08-05T11:42:57","modified_gmt":"2022-08-05T11:42:57","slug":"photek-umbrella-softlighter-large-60","status":"publish","type":"product","link":"https:\/\/palmaequipmentrental.com\/de\/photo-video-equipment-mallorca\/photek-umbrella-softlighter-large-60\/","title":{"rendered":"Photek Schirme Softlighter 60\u201d"},"content":{"rendered":"<p>Unser Photek Schirme Gross (150 cm) enth\u00e4lt einen Frontdiffusor.<\/p>\n<p>Diese Gr\u00f6\u00dfe eignet sich perfekt f\u00fcr ein 1 &#8211; 2-Personen-Portr\u00e4t in voller L\u00e4nge oder eine Produktkonfiguration von 4 x 5 Fu\u00df. Es wird ~ 20 sq ft beleuchten.<\/p>\n<p>&nbsp;<\/p>\n<p>&nbsp;<\/p>\n<p>&nbsp;<\/p>\n","protected":false},"excerpt":{"rendered":"<p>Unser Photek Schirme Gross (150 cm) enth\u00e4lt einen Frontdiffusor. Diese Gr\u00f6\u00dfe eignet sich perfekt f\u00fcr ein 1 &#8211; 2-Personen-Portr\u00e4t in voller L\u00e4nge oder eine Produktkonfiguration von 4 x 5 Fu\u00df. Es wird ~ 20 sq ft beleuchten. &nbsp; &nbsp; &nbsp;<\/p>\n","protected":false},"featured_media":4752,"template":"","meta":[],"product_cat":[136],"product_tag":[],"class_list":{"0":"post-3159","1":"product","2":"type-product","3":"status-publish","4":"has-post-thumbnail","6":"product_cat-schirme","8":"first","9":"instock","10":"shipping-taxable","11":"purchasable","12":"product-type-simple"},"_links":{"self":[{"href":"https:\/\/palmaequipmentrental.com\/de\/wp-json\/wp\/v2\/product\/3159","targetHints":{"allow":["GET"]}}],"collection":[{"href":"https:\/\/palmaequipmentrental.com\/de\/wp-json\/wp\/v2\/product"}],"about":[{"href":"https:\/\/palmaequipmentrental.com\/de\/wp-json\/wp\/v2\/types\/product"}],"wp:featuredmedia":[{"embeddable":true,"href":"https:\/\/palmaequipmentrental.com\/de\/wp-json\/wp\/v2\/media\/4752"}],"wp:attachment":[{"href":"https:\/\/palmaequipmentrental.com\/de\/wp-json\/wp\/v2\/media?parent=3159"}],"wp:term":[{"taxonomy":"product_cat","embeddable":true,"href":"https:\/\/palmaequipmentrental.com\/de\/wp-json\/wp\/v2\/product_cat?post=3159"},{"taxonomy":"product_tag","embeddable":true,"href":"https:\/\/palmaequipmentrental.com\/de\/wp-json\/wp\/v2\/product_tag?post=3159"}],"curies":[{"name":"wp","href":"https:\/\/api.w.org\/{rel}","templated":true}]}}