{"id":3173,"date":"2015-02-26T16:34:56","date_gmt":"2015-02-26T16:34:56","guid":{"rendered":"http:\/\/www.palmaequipmentrental.com\/product\/steamer-2-2\/"},"modified":"2023-12-19T19:11:00","modified_gmt":"2023-12-19T19:11:00","slug":"steamer-2","status":"publish","type":"product","link":"https:\/\/palmaequipmentrental.com\/de\/photo-video-equipment-mallorca\/steamer-2\/","title":{"rendered":"Steamer Jiffy J-4000"},"content":{"rendered":"<p>Dieser erstklassige Dampfgl\u00e4tter ist Ihre erste Wahl f\u00fcr faltenfreie Perfektion und stellt sicher, dass Ihre Stoffe vor der Kamera bestm\u00f6glich aussehen.<\/p>\n<p>Heben Sie Ihre Mode- und Werbeshootings auf ein neues Niveau mit dem Jiffy Steamer 4000J, jetzt erh\u00e4ltlich bei Palma Equipment Rental im sonnigen Palma de Mallorca, Spanien.<\/p>\n<p>Technische Details:<\/p>\n<ul>\n<li>Leistungsstarkes 1500-Watt-Heizelement<\/li>\n<li>Aufheizzeit: 2 Minuten<\/li>\n<li>Dampfzeit: 1,5 Stunden pro F\u00fcllung<\/li>\n<li>Leicht zu f\u00fcllender 1-Gallonen-Wassertank<\/li>\n<li>Hochschlagfestes Polymer-Au\u00dfengeh\u00e4use<\/li>\n<li>Bequeme Mobilit\u00e4t mit Rollen<\/li>\n<li>Integrierter Kleiderb\u00fcgel und Dampfkopf-Aufbewahrung<\/li>\n<\/ul>\n<p>Der Jiffy Steamer 4000J ist unverzichtbar, um jene makellosen Looks bei Ihrem n\u00e4chsten Shooting zu erreichen. Bei Palma Equipment Rental richten wir uns nach Ihren Bed\u00fcrfnissen mit einer umfangreichen Palette an professionellem Foto-, Video- und Produktionszubeh\u00f6r. Unsere breite Markenpalette, einschlie\u00dflich Profoto, Arri und Canon, unterstreicht unser Engagement f\u00fcr Qualit\u00e4t und Service. Wir sind nicht nur ein Verleihdienst; wir sind Ihre Partner in Kreativit\u00e4t und bieten rund um die Uhr technischen Support sowie einen flexiblen, freundlichen Ansatz.<\/p>\n<p>Werfen Sie einen Blick auf dieses <a href=\"https:\/\/www.youtube.com\/watch?v=IKk4BbRCXW0\" target=\"_blank\" rel=\"noopener\">Tutorial-Video<\/a>, um Ihnen bei der Einrichtung vor Ort zu helfen.<\/p>\n<p>&nbsp;<\/p>\n<p><iframe loading=\"lazy\" title=\"PER Jiffy Steamer J-4000 | Tutorial\" width=\"500\" height=\"281\" src=\"https:\/\/www.youtube.com\/embed\/IKk4BbRCXW0?feature=oembed\" frameborder=\"0\" allow=\"accelerometer; autoplay; clipboard-write; encrypted-media; gyroscope; picture-in-picture; web-share\" referrerpolicy=\"strict-origin-when-cross-origin\" allowfullscreen><\/iframe><\/p>\n<p>&nbsp;<\/p>\n","protected":false},"excerpt":{"rendered":"<p>Dieser erstklassige Dampfgl\u00e4tter ist Ihre erste Wahl f\u00fcr faltenfreie Perfektion und stellt sicher, dass Ihre Stoffe vor der Kamera bestm\u00f6glich aussehen. Heben Sie Ihre Mode- und Werbeshootings auf ein neues Niveau mit dem Jiffy Steamer 4000J, jetzt erh\u00e4ltlich bei Palma Equipment Rental im sonnigen Palma de Mallorca, Spanien. Technische Details: Leistungsstarkes 1500-Watt-Heizelement Aufheizzeit: 2 Minuten Dampfzeit: 1,5 Stunden pro F\u00fcllung [&hellip;]<\/p>\n","protected":false},"featured_media":11881,"template":"","meta":[],"product_cat":[126],"product_tag":[],"class_list":{"0":"post-3173","1":"product","2":"type-product","3":"status-publish","4":"has-post-thumbnail","6":"product_cat-stylistin","8":"first","9":"instock","10":"shipping-taxable","11":"purchasable","12":"product-type-simple"},"_links":{"self":[{"href":"https:\/\/palmaequipmentrental.com\/de\/wp-json\/wp\/v2\/product\/3173","targetHints":{"allow":["GET"]}}],"collection":[{"href":"https:\/\/palmaequipmentrental.com\/de\/wp-json\/wp\/v2\/product"}],"about":[{"href":"https:\/\/palmaequipmentrental.com\/de\/wp-json\/wp\/v2\/types\/product"}],"wp:featuredmedia":[{"embeddable":true,"href":"https:\/\/palmaequipmentrental.com\/de\/wp-json\/wp\/v2\/media\/11881"}],"wp:attachment":[{"href":"https:\/\/palmaequipmentrental.com\/de\/wp-json\/wp\/v2\/media?parent=3173"}],"wp:term":[{"taxonomy":"product_cat","embeddable":true,"href":"https:\/\/palmaequipmentrental.com\/de\/wp-json\/wp\/v2\/product_cat?post=3173"},{"taxonomy":"product_tag","embeddable":true,"href":"https:\/\/palmaequipmentrental.com\/de\/wp-json\/wp\/v2\/product_tag?post=3173"}],"curies":[{"name":"wp","href":"https:\/\/api.w.org\/{rel}","templated":true}]}}