{"id":3174,"date":"2015-03-12T11:16:42","date_gmt":"2015-03-12T11:16:42","guid":{"rendered":"http:\/\/www.palmaequipmentrental.com\/product\/elinchrom-octabank-190cm-2\/"},"modified":"2022-08-05T11:42:58","modified_gmt":"2022-08-05T11:42:58","slug":"elinchrom-octabank-190cm","status":"publish","type":"product","link":"https:\/\/palmaequipmentrental.com\/de\/photo-video-equipment-mallorca\/elinchrom-octabank-190cm\/","title":{"rendered":"Elinchrom Octabank 190cm (6&#8242;)"},"content":{"rendered":"<p>Unsere Elinchrom Octabank enth\u00e4lt eine Vollblende und einen Profoto auf Elinchrom Adapter zur Verwendung mit Profoto Blitzk\u00f6pfen.<\/p>\n<p>Die achteckige Form ist ideal f\u00fcr die Verwendung der Reflexionsmethode der Lichtverteilung. Die Octabank bietet eine bemerkenswert gleichm\u00e4\u00dfige Ausleuchtung &#8211; innerhalb von 1\/3 Blende &#8211; \u00fcber den gesamten Durchmesser von mehr als 6 Fu\u00df. Sie kann sehr nah am Motiv eingesetzt werden, um weiche, gleichm\u00e4\u00dfige Rundumlichteffekte zu erzielen, und dank ihrer Lichteffizienz k\u00f6nnen selbst die kleinsten Kompaktger\u00e4te beeindruckende Belichtungswerte liefern.<\/p>\n","protected":false},"excerpt":{"rendered":"<p>Unsere Elinchrom Octabank enth\u00e4lt eine Vollblende und einen Profoto auf Elinchrom Adapter zur Verwendung mit Profoto Blitzk\u00f6pfen. Die achteckige Form ist ideal f\u00fcr die Verwendung der Reflexionsmethode der Lichtverteilung. Die Octabank bietet eine bemerkenswert gleichm\u00e4\u00dfige Ausleuchtung &#8211; innerhalb von 1\/3 Blende &#8211; \u00fcber den gesamten Durchmesser von mehr als 6 Fu\u00df. Sie kann sehr nah am Motiv eingesetzt werden, um [&hellip;]<\/p>\n","protected":false},"featured_media":9436,"template":"","meta":[],"product_cat":[136],"product_tag":[],"class_list":{"0":"post-3174","1":"product","2":"type-product","3":"status-publish","4":"has-post-thumbnail","6":"product_cat-schirme","8":"first","9":"instock","10":"shipping-taxable","11":"purchasable","12":"product-type-simple"},"_links":{"self":[{"href":"https:\/\/palmaequipmentrental.com\/de\/wp-json\/wp\/v2\/product\/3174","targetHints":{"allow":["GET"]}}],"collection":[{"href":"https:\/\/palmaequipmentrental.com\/de\/wp-json\/wp\/v2\/product"}],"about":[{"href":"https:\/\/palmaequipmentrental.com\/de\/wp-json\/wp\/v2\/types\/product"}],"wp:featuredmedia":[{"embeddable":true,"href":"https:\/\/palmaequipmentrental.com\/de\/wp-json\/wp\/v2\/media\/9436"}],"wp:attachment":[{"href":"https:\/\/palmaequipmentrental.com\/de\/wp-json\/wp\/v2\/media?parent=3174"}],"wp:term":[{"taxonomy":"product_cat","embeddable":true,"href":"https:\/\/palmaequipmentrental.com\/de\/wp-json\/wp\/v2\/product_cat?post=3174"},{"taxonomy":"product_tag","embeddable":true,"href":"https:\/\/palmaequipmentrental.com\/de\/wp-json\/wp\/v2\/product_tag?post=3174"}],"curies":[{"name":"wp","href":"https:\/\/api.w.org\/{rel}","templated":true}]}}