{"id":3183,"date":"2012-05-11T10:41:04","date_gmt":"2012-05-11T10:41:04","guid":{"rendered":"http:\/\/www.palmaequipmentrental.com\/product\/rode-videomic-pro-2\/"},"modified":"2023-01-24T12:32:08","modified_gmt":"2023-01-24T12:32:08","slug":"rode-videomic-pro","status":"publish","type":"product","link":"https:\/\/palmaequipmentrental.com\/de\/photo-video-equipment-mallorca\/rode-videomic-pro\/","title":{"rendered":"Rode VideoMic Pro"},"content":{"rendered":"<p>Das <strong>Rode VideoMic Pro<\/strong> ist ein Richtrohrmikrofon, das f\u00fcr die Verwendung mit Camcordern, DSLR-Kameras und tragbaren Audiorecordern als Quelle f\u00fcr Prim\u00e4r- und Referenzton entwickelt wurde.<\/p>\n<ul>\n<li>Professionelles Kondensatormikrofon f\u00fcr die Kamera<\/li>\n<li>Supernierenf\u00f6rmige Richtcharakteristik f\u00fcr die Aufnahme von fokussiertem, gerichtetem Ton<\/li>\n<li>Superleicht (nur 85 g)<\/li>\n<li>Hochpassfilter und dreistufige Verst\u00e4rkungsregelung<\/li>\n<li>Stromversorgung \u00fcber 9-V-Batterie mit \u00fcber 70 Stunden Betriebsdauer<\/li>\n<li>Integrierte Rycote-Lyre-D\u00e4mpferhalterung f\u00fcr hervorragende Isolierung von Handhabungsger\u00e4uschen<\/li>\n<li>Hochwertige Windschutzscheibe f\u00fcr Aufnahmen im Freien<\/li>\n<\/ul>\n","protected":false},"excerpt":{"rendered":"<p>Das Rode VideoMic Pro ist ein Richtrohrmikrofon, das f\u00fcr die Verwendung mit Camcordern, DSLR-Kameras und tragbaren Audiorecordern als Quelle f\u00fcr Prim\u00e4r- und Referenzton entwickelt wurde. Professionelles Kondensatormikrofon f\u00fcr die Kamera Supernierenf\u00f6rmige Richtcharakteristik f\u00fcr die Aufnahme von fokussiertem, gerichtetem Ton Superleicht (nur 85 g) Hochpassfilter und dreistufige Verst\u00e4rkungsregelung Stromversorgung \u00fcber 9-V-Batterie mit \u00fcber 70 Stunden Betriebsdauer Integrierte Rycote-Lyre-D\u00e4mpferhalterung f\u00fcr hervorragende Isolierung [&hellip;]<\/p>\n","protected":false},"featured_media":11929,"template":"","meta":[],"product_cat":[184],"product_tag":[],"class_list":{"0":"post-3183","1":"product","2":"type-product","3":"status-publish","4":"has-post-thumbnail","6":"product_cat-audio-de","8":"first","9":"instock","10":"shipping-taxable","11":"purchasable","12":"product-type-simple"},"_links":{"self":[{"href":"https:\/\/palmaequipmentrental.com\/de\/wp-json\/wp\/v2\/product\/3183","targetHints":{"allow":["GET"]}}],"collection":[{"href":"https:\/\/palmaequipmentrental.com\/de\/wp-json\/wp\/v2\/product"}],"about":[{"href":"https:\/\/palmaequipmentrental.com\/de\/wp-json\/wp\/v2\/types\/product"}],"wp:featuredmedia":[{"embeddable":true,"href":"https:\/\/palmaequipmentrental.com\/de\/wp-json\/wp\/v2\/media\/11929"}],"wp:attachment":[{"href":"https:\/\/palmaequipmentrental.com\/de\/wp-json\/wp\/v2\/media?parent=3183"}],"wp:term":[{"taxonomy":"product_cat","embeddable":true,"href":"https:\/\/palmaequipmentrental.com\/de\/wp-json\/wp\/v2\/product_cat?post=3183"},{"taxonomy":"product_tag","embeddable":true,"href":"https:\/\/palmaequipmentrental.com\/de\/wp-json\/wp\/v2\/product_tag?post=3183"}],"curies":[{"name":"wp","href":"https:\/\/api.w.org\/{rel}","templated":true}]}}