{"id":3188,"date":"2012-05-11T10:41:04","date_gmt":"2012-05-11T10:41:04","guid":{"rendered":"http:\/\/www.palmaequipmentrental.com\/product\/sennheiser-wireless-lavalier-mic-kit-2\/"},"modified":"2023-01-24T13:00:10","modified_gmt":"2023-01-24T13:00:10","slug":"sennheiser-wireless-lavalier-mic-kit","status":"publish","type":"product","link":"https:\/\/palmaequipmentrental.com\/de\/photo-video-equipment-mallorca\/sennheiser-wireless-lavalier-mic-kit\/","title":{"rendered":"Sennheiser Lavalier Mikrofon Mic"},"content":{"rendered":"<p>Unser<strong> Sennheiser EW 100-ENG Drahtloses Lavalier-Mikrofon-Kit<\/strong> enth\u00e4lt:<\/p>\n<ul>\n<li>Sennheiser SK100 Sender<\/li>\n<li>Sennheiser EK100-Empf\u00e4nger<\/li>\n<li>Clip-On Lavalier-Mikrofon<\/li>\n<li>Mini Jack auf Mini Jack Kabel<\/li>\n<li>Miniklinken-auf-XLR-Kabel<\/li>\n<\/ul>\n<p>Dieses ENG-Set bietet ein hohes Ma\u00df an Flexibilit\u00e4t f\u00fcr mobile Aufnahmen in Innenr\u00e4umen oder im Freien. Der Aufstecksender SKP 100 G3 verwandelt mit XLR ausgestattete Ger\u00e4te (z. B. Mikrofone und Mischpulte) in drahtlose Ger\u00e4te, indem er einfach eingesteckt wird. Sowohl der Taschensender als auch der Aufstecksender k\u00f6nnen mit einem einfachen Knopfdruck mit dem Empf\u00e4nger synchronisiert werden. Ein sehr kleines, hochwertiges Richtmikrofon zum Anstecken vervollst\u00e4ndigt dieses Set.<\/p>\n","protected":false},"excerpt":{"rendered":"<p>Unser Sennheiser EW 100-ENG Drahtloses Lavalier-Mikrofon-Kit enth\u00e4lt: Sennheiser SK100 Sender Sennheiser EK100-Empf\u00e4nger Clip-On Lavalier-Mikrofon Mini Jack auf Mini Jack Kabel Miniklinken-auf-XLR-Kabel Dieses ENG-Set bietet ein hohes Ma\u00df an Flexibilit\u00e4t f\u00fcr mobile Aufnahmen in Innenr\u00e4umen oder im Freien. Der Aufstecksender SKP 100 G3 verwandelt mit XLR ausgestattete Ger\u00e4te (z. B. Mikrofone und Mischpulte) in drahtlose Ger\u00e4te, indem er einfach eingesteckt wird. [&hellip;]<\/p>\n","protected":false},"featured_media":11942,"template":"","meta":[],"product_cat":[184],"product_tag":[],"class_list":{"0":"post-3188","1":"product","2":"type-product","3":"status-publish","4":"has-post-thumbnail","6":"product_cat-audio-de","8":"first","9":"instock","10":"shipping-taxable","11":"purchasable","12":"product-type-simple"},"_links":{"self":[{"href":"https:\/\/palmaequipmentrental.com\/de\/wp-json\/wp\/v2\/product\/3188","targetHints":{"allow":["GET"]}}],"collection":[{"href":"https:\/\/palmaequipmentrental.com\/de\/wp-json\/wp\/v2\/product"}],"about":[{"href":"https:\/\/palmaequipmentrental.com\/de\/wp-json\/wp\/v2\/types\/product"}],"wp:featuredmedia":[{"embeddable":true,"href":"https:\/\/palmaequipmentrental.com\/de\/wp-json\/wp\/v2\/media\/11942"}],"wp:attachment":[{"href":"https:\/\/palmaequipmentrental.com\/de\/wp-json\/wp\/v2\/media?parent=3188"}],"wp:term":[{"taxonomy":"product_cat","embeddable":true,"href":"https:\/\/palmaequipmentrental.com\/de\/wp-json\/wp\/v2\/product_cat?post=3188"},{"taxonomy":"product_tag","embeddable":true,"href":"https:\/\/palmaequipmentrental.com\/de\/wp-json\/wp\/v2\/product_tag?post=3188"}],"curies":[{"name":"wp","href":"https:\/\/api.w.org\/{rel}","templated":true}]}}