{"id":3190,"date":"2012-05-11T10:41:04","date_gmt":"2012-05-11T10:41:04","guid":{"rendered":"http:\/\/www.palmaequipmentrental.com\/product\/juicedlink-riggy-assist-ra222-kit-2\/"},"modified":"2023-07-13T13:40:30","modified_gmt":"2023-07-13T13:40:30","slug":"juicedlink-riggy-assist-ra222-kit","status":"publish","type":"product","link":"https:\/\/palmaequipmentrental.com\/de\/photo-video-equipment-mallorca\/juicedlink-riggy-assist-ra222-kit\/","title":{"rendered":"Juicedlink Riggy-Assist RA222"},"content":{"rendered":"<p><strong>Dieses Juicedlink RA222 Riggy Assist enth\u00e4lt 4x 9V-Li-Ionen-Batterien und ein Ladeger\u00e4t.<\/strong><\/p>\n<p>Der Juiced Link RA222 Riggy Assist ist ein kompakter, portabler Preamp f\u00fcr DSLR Kameras. Das Ger\u00e4t ist perfekt f\u00fcr Kameras, die nicht \u00fcber Kopfh\u00f6rer, Pegelanzeigen oder manuelle Steuerung verf\u00fcgen. Des weiteren verf\u00fcgt es \u00fcber verschiedene Befestigungspunkte, u.a. zur Befestigung von Zubeh\u00f6r, wie Mikrofone, drahtlose Empf\u00e4nger, etc. Trotz kompakter Bauweise bleibt der Zugriff auf das Batteriefach stets erhalten.<\/p>\n<p>Features des Juiced Link RA222 Riggy Assist: 2 rauscharme XLR Vorverst\u00e4rker mit 48\/12 V Phantom Power versteckter Mic Level Output (3,5 mm Miniklinke) Kopfh\u00f6reranschluss Designed f\u00fcr optimale Batterie Effizienz<\/p>\n","protected":false},"excerpt":{"rendered":"<p>Dieses Juicedlink RA222 Riggy Assist enth\u00e4lt 4x 9V-Li-Ionen-Batterien und ein Ladeger\u00e4t. Der Juiced Link RA222 Riggy Assist ist ein kompakter, portabler Preamp f\u00fcr DSLR Kameras. Das Ger\u00e4t ist perfekt f\u00fcr Kameras, die nicht \u00fcber Kopfh\u00f6rer, Pegelanzeigen oder manuelle Steuerung verf\u00fcgen. Des weiteren verf\u00fcgt es \u00fcber verschiedene Befestigungspunkte, u.a. zur Befestigung von Zubeh\u00f6r, wie Mikrofone, drahtlose Empf\u00e4nger, etc. Trotz kompakter Bauweise [&hellip;]<\/p>\n","protected":false},"featured_media":10510,"template":"","meta":[],"product_cat":[738],"product_tag":[],"class_list":{"0":"post-3190","1":"product","2":"type-product","3":"status-publish","4":"has-post-thumbnail","6":"product_cat-second-hand-artikel","8":"first","9":"instock","10":"shipping-taxable","11":"purchasable","12":"product-type-simple"},"_links":{"self":[{"href":"https:\/\/palmaequipmentrental.com\/de\/wp-json\/wp\/v2\/product\/3190","targetHints":{"allow":["GET"]}}],"collection":[{"href":"https:\/\/palmaequipmentrental.com\/de\/wp-json\/wp\/v2\/product"}],"about":[{"href":"https:\/\/palmaequipmentrental.com\/de\/wp-json\/wp\/v2\/types\/product"}],"wp:featuredmedia":[{"embeddable":true,"href":"https:\/\/palmaequipmentrental.com\/de\/wp-json\/wp\/v2\/media\/10510"}],"wp:attachment":[{"href":"https:\/\/palmaequipmentrental.com\/de\/wp-json\/wp\/v2\/media?parent=3190"}],"wp:term":[{"taxonomy":"product_cat","embeddable":true,"href":"https:\/\/palmaequipmentrental.com\/de\/wp-json\/wp\/v2\/product_cat?post=3190"},{"taxonomy":"product_tag","embeddable":true,"href":"https:\/\/palmaequipmentrental.com\/de\/wp-json\/wp\/v2\/product_tag?post=3190"}],"curies":[{"name":"wp","href":"https:\/\/api.w.org\/{rel}","templated":true}]}}