{"id":3205,"date":"2012-04-17T09:33:11","date_gmt":"2012-04-17T09:33:11","guid":{"rendered":"http:\/\/www.palmaequipmentrental.com\/product\/ez-up-tent-2\/"},"modified":"2023-02-06T13:21:38","modified_gmt":"2023-02-06T13:21:38","slug":"ez-up-tent","status":"publish","type":"product","link":"https:\/\/palmaequipmentrental.com\/de\/photo-video-equipment-mallorca\/ez-up-tent\/","title":{"rendered":"EZ Up-Zelt Wei\u00df"},"content":{"rendered":"<p>Unser 3 x 3 m gro\u00dfes Easy Up Pop Up-Zelt in Wei\u00df enth\u00e4lt 4 Seitenw\u00e4nde.<\/p>\n<p>Erh\u00e4ltlich in schwarz und wei\u00df.<\/p>\n","protected":false},"excerpt":{"rendered":"<p>Unser 3 x 3 m gro\u00dfes Easy Up Pop Up-Zelt in Wei\u00df enth\u00e4lt 4 Seitenw\u00e4nde. Erh\u00e4ltlich in schwarz und wei\u00df.<\/p>\n","protected":false},"featured_media":12346,"template":"","meta":[],"product_cat":[125],"product_tag":[],"class_list":{"0":"post-3205","1":"product","2":"type-product","3":"status-publish","4":"has-post-thumbnail","6":"product_cat-produktion-de","8":"first","9":"instock","10":"shipping-taxable","11":"purchasable","12":"product-type-simple"},"_links":{"self":[{"href":"https:\/\/palmaequipmentrental.com\/de\/wp-json\/wp\/v2\/product\/3205","targetHints":{"allow":["GET"]}}],"collection":[{"href":"https:\/\/palmaequipmentrental.com\/de\/wp-json\/wp\/v2\/product"}],"about":[{"href":"https:\/\/palmaequipmentrental.com\/de\/wp-json\/wp\/v2\/types\/product"}],"wp:featuredmedia":[{"embeddable":true,"href":"https:\/\/palmaequipmentrental.com\/de\/wp-json\/wp\/v2\/media\/12346"}],"wp:attachment":[{"href":"https:\/\/palmaequipmentrental.com\/de\/wp-json\/wp\/v2\/media?parent=3205"}],"wp:term":[{"taxonomy":"product_cat","embeddable":true,"href":"https:\/\/palmaequipmentrental.com\/de\/wp-json\/wp\/v2\/product_cat?post=3205"},{"taxonomy":"product_tag","embeddable":true,"href":"https:\/\/palmaequipmentrental.com\/de\/wp-json\/wp\/v2\/product_tag?post=3205"}],"curies":[{"name":"wp","href":"https:\/\/api.w.org\/{rel}","templated":true}]}}