{"id":3217,"date":"2012-04-25T14:29:59","date_gmt":"2012-04-25T14:29:59","guid":{"rendered":"http:\/\/www.palmaequipmentrental.com\/product\/steamer-3\/"},"modified":"2023-01-23T11:24:25","modified_gmt":"2023-01-23T11:24:25","slug":"steamer","status":"publish","type":"product","link":"https:\/\/palmaequipmentrental.com\/de\/photo-video-equipment-mallorca\/steamer\/","title":{"rendered":"Jiffy W\u00e4schesteamer J-2"},"content":{"rendered":"<p>Der klassische <strong>Jiffy W\u00e4schesteamer J-2<\/strong> entfernt schnell und effizient Falten aus den meisten Stoffen und eignet sich perfekt f\u00fcr den leichten gewerblichen Einsatz.\u00a0 Ideal f\u00fcr Hochzeiten und Modeshootings. Dampf ist die sanftere Alternative zum B\u00fcgeln und eignet sich hervorragend zum Entfernen von Falten aus Kleidung, Tischt\u00fcchern, Tagesdecken und empfindlichen Stoffen.<\/p>\n<ul>\n<li>In 1 Minute dampfbereit<\/li>\n<li>Dampfzeit pro F\u00fcllung: 2 Stunden<\/li>\n<li>Wasserkapazit\u00e4t: 3,79 Liter \/ 1 gal<\/li>\n<li>Spannung: 230V<\/li>\n<li>Wattleistung: 1300W<\/li>\n<\/ul>\n<p>&nbsp;<\/p>\n","protected":false},"excerpt":{"rendered":"<p>Der klassische Jiffy W\u00e4schesteamer J-2 entfernt schnell und effizient Falten aus den meisten Stoffen und eignet sich perfekt f\u00fcr den leichten gewerblichen Einsatz.\u00a0 Ideal f\u00fcr Hochzeiten und Modeshootings. Dampf ist die sanftere Alternative zum B\u00fcgeln und eignet sich hervorragend zum Entfernen von Falten aus Kleidung, Tischt\u00fcchern, Tagesdecken und empfindlichen Stoffen. In 1 Minute dampfbereit Dampfzeit pro F\u00fcllung: 2 Stunden Wasserkapazit\u00e4t: [&hellip;]<\/p>\n","protected":false},"featured_media":6906,"template":"","meta":[],"product_cat":[126],"product_tag":[],"class_list":{"0":"post-3217","1":"product","2":"type-product","3":"status-publish","4":"has-post-thumbnail","6":"product_cat-stylistin","8":"first","9":"instock","10":"shipping-taxable","11":"purchasable","12":"product-type-simple"},"_links":{"self":[{"href":"https:\/\/palmaequipmentrental.com\/de\/wp-json\/wp\/v2\/product\/3217","targetHints":{"allow":["GET"]}}],"collection":[{"href":"https:\/\/palmaequipmentrental.com\/de\/wp-json\/wp\/v2\/product"}],"about":[{"href":"https:\/\/palmaequipmentrental.com\/de\/wp-json\/wp\/v2\/types\/product"}],"wp:featuredmedia":[{"embeddable":true,"href":"https:\/\/palmaequipmentrental.com\/de\/wp-json\/wp\/v2\/media\/6906"}],"wp:attachment":[{"href":"https:\/\/palmaequipmentrental.com\/de\/wp-json\/wp\/v2\/media?parent=3217"}],"wp:term":[{"taxonomy":"product_cat","embeddable":true,"href":"https:\/\/palmaequipmentrental.com\/de\/wp-json\/wp\/v2\/product_cat?post=3217"},{"taxonomy":"product_tag","embeddable":true,"href":"https:\/\/palmaequipmentrental.com\/de\/wp-json\/wp\/v2\/product_tag?post=3217"}],"curies":[{"name":"wp","href":"https:\/\/api.w.org\/{rel}","templated":true}]}}