{"id":3231,"date":"2012-04-17T09:33:11","date_gmt":"2012-04-17T09:33:11","guid":{"rendered":"http:\/\/www.palmaequipmentrental.com\/product\/walkie-talkie-2\/"},"modified":"2025-10-02T11:44:03","modified_gmt":"2025-10-02T11:44:03","slug":"walkie-talkie-6-rental","status":"publish","type":"product","link":"https:\/\/palmaequipmentrental.com\/de\/photo-video-equipment-mallorca\/walkie-talkie-6-rental\/","title":{"rendered":"Kenwood ProTalk Walkie Talkie \u2013 Set mit 6"},"content":{"rendered":"<p data-start=\"2190\" data-end=\"2479\">F\u00fcr gr\u00f6\u00dfere Produktionen und Events bietet das Kenwood ProTalk Walkie Talkie Set mit 6 eine komplette Kommunikationsl\u00f6sung. Geliefert in einem <strong data-start=\"2333\" data-end=\"2391\">robusten Flightcase mit integriertem 6-fach-Ladesystem<\/strong>, wird jedes Set vollst\u00e4ndig vorbereitet mit Akkus, Ladeger\u00e4ten und Zubeh\u00f6r geliefert.<\/p>\n<ul data-start=\"2481\" data-end=\"2848\">\n<li data-start=\"2481\" data-end=\"2538\">\n<p data-start=\"2483\" data-end=\"2538\">Set mit 6 professionellen Kenwood ProTalk Funkger\u00e4ten<\/p>\n<\/li>\n<li data-start=\"2539\" data-end=\"2619\">\n<p data-start=\"2541\" data-end=\"2619\">Geliefert im widerstandsf\u00e4higen Flightcase mit integriertem 6-fach-Ladeger\u00e4t<\/p>\n<\/li>\n<li data-start=\"2620\" data-end=\"2677\">\n<p data-start=\"2622\" data-end=\"2677\">2 wiederaufladbare Akkus pro Funkger\u00e4t (12 insgesamt)<\/p>\n<\/li>\n<li data-start=\"2678\" data-end=\"2743\">\n<p data-start=\"2680\" data-end=\"2743\">Ohrh\u00f6rer mit Mikrofon f\u00fcr jedes Ger\u00e4t enthalten (6 insgesamt)<\/p>\n<\/li>\n<li data-start=\"2744\" data-end=\"2795\">\n<p data-start=\"2746\" data-end=\"2795\">Zuverl\u00e4ssige Reichweite und klare Audioqualit\u00e4t<\/p>\n<\/li>\n<li data-start=\"2796\" data-end=\"2848\">\n<p data-start=\"2798\" data-end=\"2848\">Robuste Konstruktion f\u00fcr anspruchsvolle Eins\u00e4tze<\/p>\n<\/li>\n<\/ul>\n<p data-start=\"2850\" data-end=\"3315\">Das Kenwood ProTalk Walkie Talkie Set mit 6 ist f\u00fcr eine reibungslose Teamkoordination bei gro\u00dfen Produktionen, Live-Events und Hochzeiten konzipiert. Mit <strong data-start=\"3005\" data-end=\"3064\">sechs Funkger\u00e4ten in einem ma\u00dfgeschneiderten Flightcase<\/strong> wird Transport, Aufbewahrung und Laden besonders einfach und effizient. Das integrierte <strong data-start=\"3153\" data-end=\"3174\">6-fach-Ladesystem<\/strong> erm\u00f6glicht das gleichzeitige Laden aller Funkger\u00e4te, reduziert Ausfallzeiten und sorgt f\u00fcr durchgehende Kommunikation am gesamten Drehtag.<\/p>\n<p data-start=\"3317\" data-end=\"3614\">Jedes Funkger\u00e4t wird mit <strong data-start=\"3342\" data-end=\"3356\">zwei Akkus<\/strong> geliefert, insgesamt also zw\u00f6lf, sodass immer ein Ersatzakku griffbereit ist. Die mitgelieferten <strong data-start=\"3454\" data-end=\"3479\">Ohrh\u00f6rer mit Mikrofon<\/strong> erm\u00f6glichen diskrete und freih\u00e4ndige Kommunikation \u2013 ideal f\u00fcr Regieassistenten, Produktionsleiter, Hochzeitsplaner und Event-Teams.<\/p>\n<p data-start=\"3616\" data-end=\"3957\">Palma Equipment Rental ist der f\u00fchrende Anbieter f\u00fcr Kenwood Walkie Talkie Vermietung auf <strong data-start=\"3706\" data-end=\"3735\">Mallorca und den Balearen<\/strong>. Von <strong data-start=\"3741\" data-end=\"3811\">Film- und Modeproduktionen bis hin zu gro\u00dfen Events und Hochzeiten<\/strong> liefert unser Team in Palma vollst\u00e4ndig gepr\u00fcfte Sets mit s\u00e4mtlichem Zubeh\u00f6r, damit Crews und Organisatoren jederzeit bestens vernetzt bleiben.<\/p>\n","protected":false},"excerpt":{"rendered":"<p>F\u00fcr gr\u00f6\u00dfere Produktionen und Events bietet das Kenwood ProTalk Walkie Talkie Set mit 6 eine komplette Kommunikationsl\u00f6sung. Geliefert in einem robusten Flightcase mit integriertem 6-fach-Ladesystem, wird jedes Set vollst\u00e4ndig vorbereitet mit Akkus, Ladeger\u00e4ten und Zubeh\u00f6r geliefert. Set mit 6 professionellen Kenwood ProTalk Funkger\u00e4ten Geliefert im widerstandsf\u00e4higen Flightcase mit integriertem 6-fach-Ladeger\u00e4t 2 wiederaufladbare Akkus pro Funkger\u00e4t (12 insgesamt) Ohrh\u00f6rer mit Mikrofon [&hellip;]<\/p>\n","protected":false},"featured_media":15160,"template":"","meta":[],"product_cat":[125],"product_tag":[],"class_list":{"0":"post-3231","1":"product","2":"type-product","3":"status-publish","4":"has-post-thumbnail","6":"product_cat-produktion-de","8":"first","9":"instock","10":"shipping-taxable","11":"purchasable","12":"product-type-simple"},"_links":{"self":[{"href":"https:\/\/palmaequipmentrental.com\/de\/wp-json\/wp\/v2\/product\/3231","targetHints":{"allow":["GET"]}}],"collection":[{"href":"https:\/\/palmaequipmentrental.com\/de\/wp-json\/wp\/v2\/product"}],"about":[{"href":"https:\/\/palmaequipmentrental.com\/de\/wp-json\/wp\/v2\/types\/product"}],"wp:featuredmedia":[{"embeddable":true,"href":"https:\/\/palmaequipmentrental.com\/de\/wp-json\/wp\/v2\/media\/15160"}],"wp:attachment":[{"href":"https:\/\/palmaequipmentrental.com\/de\/wp-json\/wp\/v2\/media?parent=3231"}],"wp:term":[{"taxonomy":"product_cat","embeddable":true,"href":"https:\/\/palmaequipmentrental.com\/de\/wp-json\/wp\/v2\/product_cat?post=3231"},{"taxonomy":"product_tag","embeddable":true,"href":"https:\/\/palmaequipmentrental.com\/de\/wp-json\/wp\/v2\/product_tag?post=3231"}],"curies":[{"name":"wp","href":"https:\/\/api.w.org\/{rel}","templated":true}]}}