{"id":3253,"date":"2012-05-11T10:34:12","date_gmt":"2012-05-11T10:34:12","guid":{"rendered":"http:\/\/www.palmaequipmentrental.com\/product\/sandisk-card-reader-2\/"},"modified":"2022-10-17T13:24:43","modified_gmt":"2022-10-17T13:24:43","slug":"sandisk-card-reader","status":"publish","type":"product","link":"https:\/\/palmaequipmentrental.com\/de\/photo-video-equipment-mallorca\/sandisk-card-reader\/","title":{"rendered":"Multi-Kartenleser"},"content":{"rendered":"<p>Schnelles, schlankes und zuverl\u00e4ssiges USB 3.0-Kartenleseger\u00e4t f\u00fcr die meisten Speicherkarten-Formate.<\/p>\n<p><strong>Speicherkarten:<\/strong><\/p>\n<ul>\n<li>SD\/SDHC\/SDXC<\/li>\n<li>microSD\/microSDHC\/microSDXC<\/li>\n<li>CompactFlash I<\/li>\n<li>MS\/MS Duo\/MS PRO Duo\/MS PRO Duo HG<\/li>\n<\/ul>\n","protected":false},"excerpt":{"rendered":"<p>Schnelles, schlankes und zuverl\u00e4ssiges USB 3.0-Kartenleseger\u00e4t f\u00fcr die meisten Speicherkarten-Formate. Speicherkarten: SD\/SDHC\/SDXC microSD\/microSDHC\/microSDXC CompactFlash I MS\/MS Duo\/MS PRO Duo\/MS PRO Duo HG<\/p>\n","protected":false},"featured_media":9322,"template":"","meta":[],"product_cat":[410,443],"product_tag":[],"class_list":{"0":"post-3253","1":"product","2":"type-product","3":"status-publish","4":"has-post-thumbnail","6":"product_cat-speicherkarten","7":"product_cat-speicherkarten-lesegeraete","9":"first","10":"instock","11":"shipping-taxable","12":"purchasable","13":"product-type-simple"},"_links":{"self":[{"href":"https:\/\/palmaequipmentrental.com\/de\/wp-json\/wp\/v2\/product\/3253","targetHints":{"allow":["GET"]}}],"collection":[{"href":"https:\/\/palmaequipmentrental.com\/de\/wp-json\/wp\/v2\/product"}],"about":[{"href":"https:\/\/palmaequipmentrental.com\/de\/wp-json\/wp\/v2\/types\/product"}],"wp:featuredmedia":[{"embeddable":true,"href":"https:\/\/palmaequipmentrental.com\/de\/wp-json\/wp\/v2\/media\/9322"}],"wp:attachment":[{"href":"https:\/\/palmaequipmentrental.com\/de\/wp-json\/wp\/v2\/media?parent=3253"}],"wp:term":[{"taxonomy":"product_cat","embeddable":true,"href":"https:\/\/palmaequipmentrental.com\/de\/wp-json\/wp\/v2\/product_cat?post=3253"},{"taxonomy":"product_tag","embeddable":true,"href":"https:\/\/palmaequipmentrental.com\/de\/wp-json\/wp\/v2\/product_tag?post=3253"}],"curies":[{"name":"wp","href":"https:\/\/api.w.org\/{rel}","templated":true}]}}