{"id":3272,"date":"2012-05-11T09:43:42","date_gmt":"2012-05-11T09:43:42","guid":{"rendered":"http:\/\/www.palmaequipmentrental.com\/product\/smallhd-4q-evf-monitor-2\/"},"modified":"2022-08-05T11:43:31","modified_gmt":"2022-08-05T11:43:31","slug":"smallhd-4q-evf-monitor","status":"publish","type":"product","link":"https:\/\/palmaequipmentrental.com\/de\/photo-video-equipment-mallorca\/smallhd-4q-evf-monitor\/","title":{"rendered":"SpectraHD 4 EVF Monitor"},"content":{"rendered":"<p><strong>SpectraHD 4 EVF-Monitor<\/strong><\/p>\n<p>4.3&#8243; LCD Display mit 1280x720px Aufl\u00f6sung und 170-Grad-Blickwinkel<\/p>\n<ul>\n<li>HDMI zu SDI Konvertierung<\/li>\n<li>Histogramm<\/li>\n<li>Vektorskop<\/li>\n<li>Falschfarben- und Zebra-\u00dcberlagerungen<\/li>\n<li>Fokus-Peaking<\/li>\n<li>Frame-F\u00fchrungen<\/li>\n<li>Audio-Spalten<\/li>\n<li>Zeitcode<\/li>\n<li>DSLR-Skala<\/li>\n<\/ul>\n<p>Angepasst f\u00fcr Canon LP-E6 Batterien und wir liefern es mit einem kurzen BNC HD-SDI &amp; einem HDMI Kabel<\/p>\n","protected":false},"excerpt":{"rendered":"<p>SpectraHD 4 EVF-Monitor 4.3&#8243; LCD Display mit 1280x720px Aufl\u00f6sung und 170-Grad-Blickwinkel HDMI zu SDI Konvertierung Histogramm Vektorskop Falschfarben- und Zebra-\u00dcberlagerungen Fokus-Peaking Frame-F\u00fchrungen Audio-Spalten Zeitcode DSLR-Skala Angepasst f\u00fcr Canon LP-E6 Batterien und wir liefern es mit einem kurzen BNC HD-SDI &amp; einem HDMI Kabel<\/p>\n","protected":false},"featured_media":5051,"template":"","meta":[],"product_cat":[463],"product_tag":[],"class_list":{"0":"post-3272","1":"product","2":"type-product","3":"status-publish","4":"has-post-thumbnail","6":"product_cat-monitore-de","8":"first","9":"instock","10":"shipping-taxable","11":"purchasable","12":"product-type-simple"},"_links":{"self":[{"href":"https:\/\/palmaequipmentrental.com\/de\/wp-json\/wp\/v2\/product\/3272","targetHints":{"allow":["GET"]}}],"collection":[{"href":"https:\/\/palmaequipmentrental.com\/de\/wp-json\/wp\/v2\/product"}],"about":[{"href":"https:\/\/palmaequipmentrental.com\/de\/wp-json\/wp\/v2\/types\/product"}],"wp:featuredmedia":[{"embeddable":true,"href":"https:\/\/palmaequipmentrental.com\/de\/wp-json\/wp\/v2\/media\/5051"}],"wp:attachment":[{"href":"https:\/\/palmaequipmentrental.com\/de\/wp-json\/wp\/v2\/media?parent=3272"}],"wp:term":[{"taxonomy":"product_cat","embeddable":true,"href":"https:\/\/palmaequipmentrental.com\/de\/wp-json\/wp\/v2\/product_cat?post=3272"},{"taxonomy":"product_tag","embeddable":true,"href":"https:\/\/palmaequipmentrental.com\/de\/wp-json\/wp\/v2\/product_tag?post=3272"}],"curies":[{"name":"wp","href":"https:\/\/api.w.org\/{rel}","templated":true}]}}