{"id":3292,"date":"2012-04-25T17:02:06","date_gmt":"2012-04-25T17:02:06","guid":{"rendered":"http:\/\/www.palmaequipmentrental.com\/product\/apc-back-ups-pro-900-2\/"},"modified":"2022-08-05T11:44:37","modified_gmt":"2022-08-05T11:44:37","slug":"apc-back-ups-pro-900","status":"publish","type":"product","link":"https:\/\/palmaequipmentrental.com\/de\/photo-video-equipment-mallorca\/apc-back-ups-pro-900\/","title":{"rendered":"APC Back-UPS Pro 900"},"content":{"rendered":"<p><strong>APC Back-UPS Pro 900<\/strong> Hochleistungs-USV f\u00fcr Computer und Elektronik f\u00fcr erstklassigen Stromschutz<\/p>\n<p>Unsere stromsparende APC Back-UPS Pro 900 (230V) ist mit UK- und US-Adaptern ausgestattet.<br \/>\nMit ihrer unterbrechungsfreien Stromversorgung stellt sie sicher, dass Ihre Dateien gespeichert und das Betriebssystem bei einem anhaltenden Stromausfall ordnungsgem\u00e4\u00df heruntergefahren werden kann.<br \/>\nSie sch\u00fctzt die angeschlossenen Ger\u00e4te vor Stromst\u00f6\u00dfen auf den Datenleitungen und bewahrt die Hardware vor Sch\u00e4den.<br \/>\nEs erh\u00f6ht automatisch die Niederspannung und senkt die Hochspannung auf ein Niveau, das f\u00fcr Ihre Ger\u00e4te geeignet ist.<\/p>\n","protected":false},"excerpt":{"rendered":"<p>APC Back-UPS Pro 900 Hochleistungs-USV f\u00fcr Computer und Elektronik f\u00fcr erstklassigen Stromschutz Unsere stromsparende APC Back-UPS Pro 900 (230V) ist mit UK- und US-Adaptern ausgestattet. Mit ihrer unterbrechungsfreien Stromversorgung stellt sie sicher, dass Ihre Dateien gespeichert und das Betriebssystem bei einem anhaltenden Stromausfall ordnungsgem\u00e4\u00df heruntergefahren werden kann. Sie sch\u00fctzt die angeschlossenen Ger\u00e4te vor Stromst\u00f6\u00dfen auf den Datenleitungen und bewahrt die [&hellip;]<\/p>\n","protected":false},"featured_media":9860,"template":"","meta":[],"product_cat":[131],"product_tag":[],"class_list":{"0":"post-3292","1":"product","2":"type-product","3":"status-publish","4":"has-post-thumbnail","6":"product_cat-digitale-zubehor","8":"first","9":"instock","10":"shipping-taxable","11":"purchasable","12":"product-type-simple"},"_links":{"self":[{"href":"https:\/\/palmaequipmentrental.com\/de\/wp-json\/wp\/v2\/product\/3292","targetHints":{"allow":["GET"]}}],"collection":[{"href":"https:\/\/palmaequipmentrental.com\/de\/wp-json\/wp\/v2\/product"}],"about":[{"href":"https:\/\/palmaequipmentrental.com\/de\/wp-json\/wp\/v2\/types\/product"}],"wp:featuredmedia":[{"embeddable":true,"href":"https:\/\/palmaequipmentrental.com\/de\/wp-json\/wp\/v2\/media\/9860"}],"wp:attachment":[{"href":"https:\/\/palmaequipmentrental.com\/de\/wp-json\/wp\/v2\/media?parent=3292"}],"wp:term":[{"taxonomy":"product_cat","embeddable":true,"href":"https:\/\/palmaequipmentrental.com\/de\/wp-json\/wp\/v2\/product_cat?post=3292"},{"taxonomy":"product_tag","embeddable":true,"href":"https:\/\/palmaequipmentrental.com\/de\/wp-json\/wp\/v2\/product_tag?post=3292"}],"curies":[{"name":"wp","href":"https:\/\/api.w.org\/{rel}","templated":true}]}}