{"id":3299,"date":"2012-03-23T13:09:53","date_gmt":"2012-03-23T13:09:53","guid":{"rendered":"http:\/\/www.palmaequipmentrental.com\/product\/pocket-wizard-kit-2\/"},"modified":"2025-08-21T10:34:28","modified_gmt":"2025-08-21T10:34:28","slug":"pocket-wizard-kit","status":"publish","type":"product","link":"https:\/\/palmaequipmentrental.com\/de\/photo-video-equipment-mallorca\/pocket-wizard-kit\/","title":{"rendered":"Pocket Wizard Kit"},"content":{"rendered":"<p>Unser Kit enth\u00e4lt 2x Pocket Wizard Transceiver.<\/p>\n<p><span lang=\"de\" tabindex=\"0\">Synchronisiert bis zu 500 Meter.<\/span><\/p>\n<ul class=\"a-unordered-list a-vertical a-spacing-none\">\n<li><span class=\"a-list-item\">Der PlusX-Transceiver ist das am einfachsten zu bedienende Ger\u00e4t von PocketWizard und somit der perfekte Einstieg in das Sortiment der kabellosen PocketWizard-Systeme<\/span><\/li>\n<li><span class=\"a-list-item\">Schieben Sie einen PlusX-Transceiver auf die Kamera und bringen Sie einen weiteren mit Hilfe des mitgeliefertes Kabels an Ihrem Blitzger\u00e4t an<\/span><\/li>\n<li><span class=\"a-list-item\">Stellen Sie nun beide Funkger\u00e4te auf den gleichen Kanal ein und schon k\u00f6nnen Sie mit den Aufnahmen beginnen. Auch zur Kamerafernausl\u00f6sung ist dieser bestens geeignet<\/span><\/li>\n<li><span class=\"a-list-item\">Da der PlusX-Transceiver mit allen standardkanalf\u00e4higen Sendern und Empf\u00e4ngern von PocketWizard kompatibel ist, stellt er den idealen Begleiter f\u00fcr Ihre vorhandenen PocketWizards und zus\u00e4tzliche Blitzger\u00e4te dar<\/span><\/li>\n<\/ul>\n<p><span style=\"font-family: 'trebuchet MS';\"><span style=\"line-height: 18px;\">\u00a0<\/span><\/span><\/p>\n<p><a href=\"https:\/\/youtu.be\/D5FagHu9lzU\">Check out our video!<\/a><\/p>\n","protected":false},"excerpt":{"rendered":"<p>Unser Kit enth\u00e4lt 2x Pocket Wizard Transceiver. Synchronisiert bis zu 500 Meter. Der PlusX-Transceiver ist das am einfachsten zu bedienende Ger\u00e4t von PocketWizard und somit der perfekte Einstieg in das Sortiment der kabellosen PocketWizard-Systeme Schieben Sie einen PlusX-Transceiver auf die Kamera und bringen Sie einen weiteren mit Hilfe des mitgeliefertes Kabels an Ihrem Blitzger\u00e4t an Stellen Sie nun beide Funkger\u00e4te [&hellip;]<\/p>\n","protected":false},"featured_media":5131,"template":"","meta":[],"product_cat":[122],"product_tag":[],"class_list":{"0":"post-3299","1":"product","2":"type-product","3":"status-publish","4":"has-post-thumbnail","6":"product_cat-sync-de","8":"first","9":"instock","10":"shipping-taxable","11":"purchasable","12":"product-type-simple"},"_links":{"self":[{"href":"https:\/\/palmaequipmentrental.com\/de\/wp-json\/wp\/v2\/product\/3299","targetHints":{"allow":["GET"]}}],"collection":[{"href":"https:\/\/palmaequipmentrental.com\/de\/wp-json\/wp\/v2\/product"}],"about":[{"href":"https:\/\/palmaequipmentrental.com\/de\/wp-json\/wp\/v2\/types\/product"}],"wp:featuredmedia":[{"embeddable":true,"href":"https:\/\/palmaequipmentrental.com\/de\/wp-json\/wp\/v2\/media\/5131"}],"wp:attachment":[{"href":"https:\/\/palmaequipmentrental.com\/de\/wp-json\/wp\/v2\/media?parent=3299"}],"wp:term":[{"taxonomy":"product_cat","embeddable":true,"href":"https:\/\/palmaequipmentrental.com\/de\/wp-json\/wp\/v2\/product_cat?post=3299"},{"taxonomy":"product_tag","embeddable":true,"href":"https:\/\/palmaequipmentrental.com\/de\/wp-json\/wp\/v2\/product_tag?post=3299"}],"curies":[{"name":"wp","href":"https:\/\/api.w.org\/{rel}","templated":true}]}}